{"id":4862,"date":"2025-12-22T14:33:51","date_gmt":"2025-12-22T12:33:51","guid":{"rendered":"https:\/\/jjchorro.com\/?post_type=product&#038;p=4862"},"modified":"2025-12-22T14:33:54","modified_gmt":"2025-12-22T12:33:54","slug":"casco-mt-infantil-stinger-2-rocket-mate","status":"publish","type":"product","link":"https:\/\/jjchorro.com\/en_us\/product\/casco-mt-infantil-stinger-2-rocket-mate\/","title":{"rendered":"Casco MT Infantil Stinger 2 Rocket Mate"},"content":{"rendered":"<p>El MT\u00a0Stinger 2 Kids es un casco integral infantil de policarbonato que destaca por el aler\u00f3n trasero, que le da un distintivo look deportivo, y por su avanzado sistema de ventilaci\u00f3n, con las amplias entradas frontales y los extractores traseros.<\/p>\n<p>La gr\u00e1fica\u00a0Rocket\u00a0se puede encontrar en 1 combinaci\u00f3n de color.<\/p>\n<ul>\n<li>Calota de resina termopl\u00e1stica HIRP.<\/li>\n<li>Sistema de ventilaci\u00f3n canalizado.<\/li>\n<li>Interior desmontable con forro hipoalerg\u00e9nico.<\/li>\n<li>Pantalla transparente MT-V-28B con tratamiento antiara\u00f1azos.<\/li>\n<li>Compatible con Pinlock Max Vision (no incluido).<\/li>\n<li>Cierre microm\u00e9trico.<\/li>\n<li>Incluye naricera.<\/li>\n<li>Incluye barbillera<\/li>\n<li>Homologaci\u00f3n ECE 22.06.<\/li>\n<li>Peso: 1350 gr<\/li>\n<\/ul>","protected":false},"excerpt":{"rendered":"<p>El MT\u00a0Stinger 2 Kids es un casco integral infantil de policarbonato que destaca por el aler\u00f3n trasero, que le da un distintivo look deportivo, y por su avanzado sistema de ventilaci\u00f3n, con las amplias entradas frontales y los extractores traseros. La gr\u00e1fica\u00a0Rocket\u00a0se puede encontrar en 1 combinaci\u00f3n de color. Calota de resina termopl\u00e1stica HIRP. Sistema [&hellip;]<\/p>","protected":false},"featured_media":4863,"comment_status":"open","ping_status":"closed","template":"","meta":{"_joinchat":[]},"product_brand":[],"product_cat":[30,56],"product_tag":[62],"class_list":{"0":"post-4862","1":"product","2":"type-product","3":"status-publish","4":"has-post-thumbnail","6":"product_cat-boutique","7":"product_cat-cascos-boutique","8":"product_tag-disponibilidad-en-stock","10":"first","11":"instock","12":"taxable","13":"shipping-taxable","14":"purchasable","15":"product-type-variable"},"yoast_head":"<!-- This site is optimized with the Yoast SEO plugin v21.3 - https:\/\/yoast.com\/wordpress\/plugins\/seo\/ -->\n<title>Casco MT Infantil Stinger 2 Rocket Mate -<\/title>\n<meta name=\"robots\" content=\"index, follow, max-snippet:-1, max-image-preview:large, max-video-preview:-1\" \/>\n<link rel=\"canonical\" href=\"https:\/\/jjchorro.com\/en_us\/product\/casco-mt-infantil-stinger-2-rocket-mate\/\" \/>\n<meta property=\"og:locale\" content=\"en_US\" \/>\n<meta property=\"og:type\" content=\"article\" \/>\n<meta property=\"og:title\" content=\"Casco MT Infantil Stinger 2 Rocket Mate -\" \/>\n<meta property=\"og:description\" content=\"El MT\u00a0Stinger 2 Kids es un casco integral infantil de policarbonato que destaca por el aler\u00f3n trasero, que le da un distintivo look deportivo, y por su avanzado sistema de ventilaci\u00f3n, con las amplias entradas frontales y los extractores traseros. La gr\u00e1fica\u00a0Rocket\u00a0se puede encontrar en 1 combinaci\u00f3n de color. Calota de resina termopl\u00e1stica HIRP. Sistema [&hellip;]\" \/>\n<meta property=\"og:url\" content=\"https:\/\/jjchorro.com\/en_us\/product\/casco-mt-infantil-stinger-2-rocket-mate\/\" \/>\n<meta property=\"article:modified_time\" content=\"2025-12-22T12:33:54+00:00\" \/>\n<meta property=\"og:image\" content=\"http:\/\/jjchorro.com\/wp-content\/uploads\/2025\/12\/casco-infantil-1.jpg\" \/>\n\t<meta property=\"og:image:width\" content=\"1000\" \/>\n\t<meta property=\"og:image:height\" content=\"1000\" \/>\n\t<meta property=\"og:image:type\" content=\"image\/jpeg\" \/>\n<meta name=\"twitter:card\" content=\"summary_large_image\" \/>\n<meta name=\"twitter:label1\" content=\"Est. reading time\" \/>\n\t<meta name=\"twitter:data1\" content=\"1 minute\" \/>\n<script type=\"application\/ld+json\" class=\"yoast-schema-graph\">{\"@context\":\"https:\/\/schema.org\",\"@graph\":[{\"@type\":\"WebPage\",\"@id\":\"https:\/\/jjchorro.com\/producto\/casco-mt-infantil-stinger-2-rocket-mate\/\",\"url\":\"https:\/\/jjchorro.com\/producto\/casco-mt-infantil-stinger-2-rocket-mate\/\",\"name\":\"Casco MT Infantil Stinger 2 Rocket Mate -\",\"isPartOf\":{\"@id\":\"https:\/\/jjchorro.com\/#website\"},\"datePublished\":\"2025-12-22T12:33:51+00:00\",\"dateModified\":\"2025-12-22T12:33:54+00:00\",\"breadcrumb\":{\"@id\":\"https:\/\/jjchorro.com\/producto\/casco-mt-infantil-stinger-2-rocket-mate\/#breadcrumb\"},\"inLanguage\":\"en-US\",\"potentialAction\":[{\"@type\":\"ReadAction\",\"target\":[\"https:\/\/jjchorro.com\/producto\/casco-mt-infantil-stinger-2-rocket-mate\/\"]}]},{\"@type\":\"BreadcrumbList\",\"@id\":\"https:\/\/jjchorro.com\/producto\/casco-mt-infantil-stinger-2-rocket-mate\/#breadcrumb\",\"itemListElement\":[{\"@type\":\"ListItem\",\"position\":1,\"name\":\"Portada\",\"item\":\"https:\/\/jjchorro.com\/\"},{\"@type\":\"ListItem\",\"position\":2,\"name\":\"Productos\",\"item\":\"https:\/\/jjchorro.com\/tienda\/\"},{\"@type\":\"ListItem\",\"position\":3,\"name\":\"Casco MT Infantil Stinger 2 Rocket Mate\"}]},{\"@type\":\"WebSite\",\"@id\":\"https:\/\/jjchorro.com\/#website\",\"url\":\"https:\/\/jjchorro.com\/\",\"name\":\"\",\"description\":\"\",\"potentialAction\":[{\"@type\":\"SearchAction\",\"target\":{\"@type\":\"EntryPoint\",\"urlTemplate\":\"https:\/\/jjchorro.com\/?s={search_term_string}\"},\"query-input\":\"required name=search_term_string\"}],\"inLanguage\":\"en-US\"}]}<\/script>\n<!-- \/ Yoast SEO plugin. -->","yoast_head_json":{"title":"Casco MT Infantil Stinger 2 Rocket Mate -","robots":{"index":"index","follow":"follow","max-snippet":"max-snippet:-1","max-image-preview":"max-image-preview:large","max-video-preview":"max-video-preview:-1"},"canonical":"https:\/\/jjchorro.com\/en_us\/product\/casco-mt-infantil-stinger-2-rocket-mate\/","og_locale":"en_US","og_type":"article","og_title":"Casco MT Infantil Stinger 2 Rocket Mate -","og_description":"El MT\u00a0Stinger 2 Kids es un casco integral infantil de policarbonato que destaca por el aler\u00f3n trasero, que le da un distintivo look deportivo, y por su avanzado sistema de ventilaci\u00f3n, con las amplias entradas frontales y los extractores traseros. La gr\u00e1fica\u00a0Rocket\u00a0se puede encontrar en 1 combinaci\u00f3n de color. Calota de resina termopl\u00e1stica HIRP. Sistema [&hellip;]","og_url":"https:\/\/jjchorro.com\/en_us\/product\/casco-mt-infantil-stinger-2-rocket-mate\/","article_modified_time":"2025-12-22T12:33:54+00:00","og_image":[{"width":1000,"height":1000,"url":"http:\/\/jjchorro.com\/wp-content\/uploads\/2025\/12\/casco-infantil-1.jpg","type":"image\/jpeg"}],"twitter_card":"summary_large_image","twitter_misc":{"Est. reading time":"1 minute"},"schema":{"@context":"https:\/\/schema.org","@graph":[{"@type":"WebPage","@id":"https:\/\/jjchorro.com\/producto\/casco-mt-infantil-stinger-2-rocket-mate\/","url":"https:\/\/jjchorro.com\/producto\/casco-mt-infantil-stinger-2-rocket-mate\/","name":"Casco MT Infantil Stinger 2 Rocket Mate -","isPartOf":{"@id":"https:\/\/jjchorro.com\/#website"},"datePublished":"2025-12-22T12:33:51+00:00","dateModified":"2025-12-22T12:33:54+00:00","breadcrumb":{"@id":"https:\/\/jjchorro.com\/producto\/casco-mt-infantil-stinger-2-rocket-mate\/#breadcrumb"},"inLanguage":"en-US","potentialAction":[{"@type":"ReadAction","target":["https:\/\/jjchorro.com\/producto\/casco-mt-infantil-stinger-2-rocket-mate\/"]}]},{"@type":"BreadcrumbList","@id":"https:\/\/jjchorro.com\/producto\/casco-mt-infantil-stinger-2-rocket-mate\/#breadcrumb","itemListElement":[{"@type":"ListItem","position":1,"name":"Portada","item":"https:\/\/jjchorro.com\/"},{"@type":"ListItem","position":2,"name":"Productos","item":"https:\/\/jjchorro.com\/tienda\/"},{"@type":"ListItem","position":3,"name":"Casco MT Infantil Stinger 2 Rocket Mate"}]},{"@type":"WebSite","@id":"https:\/\/jjchorro.com\/#website","url":"https:\/\/jjchorro.com\/","name":"","description":"","potentialAction":[{"@type":"SearchAction","target":{"@type":"EntryPoint","urlTemplate":"https:\/\/jjchorro.com\/?s={search_term_string}"},"query-input":"required name=search_term_string"}],"inLanguage":"en-US"}]}},"_links":{"self":[{"href":"https:\/\/jjchorro.com\/en_us\/wp-json\/wp\/v2\/product\/4862","targetHints":{"allow":["GET"]}}],"collection":[{"href":"https:\/\/jjchorro.com\/en_us\/wp-json\/wp\/v2\/product"}],"about":[{"href":"https:\/\/jjchorro.com\/en_us\/wp-json\/wp\/v2\/types\/product"}],"replies":[{"embeddable":true,"href":"https:\/\/jjchorro.com\/en_us\/wp-json\/wp\/v2\/comments?post=4862"}],"wp:featuredmedia":[{"embeddable":true,"href":"https:\/\/jjchorro.com\/en_us\/wp-json\/wp\/v2\/media\/4863"}],"wp:attachment":[{"href":"https:\/\/jjchorro.com\/en_us\/wp-json\/wp\/v2\/media?parent=4862"}],"wp:term":[{"taxonomy":"product_brand","embeddable":true,"href":"https:\/\/jjchorro.com\/en_us\/wp-json\/wp\/v2\/product_brand?post=4862"},{"taxonomy":"product_cat","embeddable":true,"href":"https:\/\/jjchorro.com\/en_us\/wp-json\/wp\/v2\/product_cat?post=4862"},{"taxonomy":"product_tag","embeddable":true,"href":"https:\/\/jjchorro.com\/en_us\/wp-json\/wp\/v2\/product_tag?post=4862"}],"curies":[{"name":"wp","href":"https:\/\/api.w.org\/{rel}","templated":true}]}}