{"id":4819,"date":"2025-11-20T19:49:46","date_gmt":"2025-11-20T17:49:46","guid":{"rendered":"https:\/\/jjchorro.com\/?post_type=product&#038;p=4819"},"modified":"2025-11-20T19:49:47","modified_gmt":"2025-11-20T17:49:47","slug":"casco-mt-genesis-sv-a5-negro-rojo-mate","status":"publish","type":"product","link":"https:\/\/jjchorro.com\/en_us\/product\/casco-mt-genesis-sv-a5-negro-rojo-mate\/","title":{"rendered":"Casco MT Genesis SV A5 Negro\/Rojo Mate"},"content":{"rendered":"<p>* MT Genesis SV es un casco Modular que destaca por su polivalencia, pero fiel a los productos desarrollados por MT Helmets, tambi\u00e9n ofrece unos alt\u00edsimos niveles de seguridad y un precio muy contenido<\/p>\n<p><strong>ECE 22.06<\/strong><br \/>\n*El nuevo Genesis SV supera desde su origen la noramtiva ECE 22.06 aline\u00e1ndose con los cascos m\u00e1s seguros del mercado y mirando de t\u00fa a t\u00fa a modelos de gama alta en cuanto a niveles de seguridad.<\/p>\n<p><strong>MENTONERA ABATIBLE<\/strong><br \/>\n*Sistema de apertura de mentonera con accionamiento monomando (se acciona con una sola mano) y con homologaci\u00f3n P\/J que permite circular tanto con la mentonera abierta como cerrada.<\/p>\n<p><strong>VISOR SOLAR RETRACTIL<\/strong><br \/>\n*Visor solar de accionamiento monomando (se acciona con una sola mano).<\/p>\n<p><strong>BLOQUEO DE MENT\u00d3N<\/strong><br \/>\n*Sistema de fijaci\u00f3n de la mentonera cuando \u00e9sta se encuentra abierta (homologaci\u00f3n P\/J).<\/p>\n<p><strong>COMPATIBLE CON PINLOCK<\/strong><br \/>\n*Casco compatible con sistema antiempa\u00f1amiento Pinlock DKS 002<\/p>\n<p><strong>INTERIORES DESMONTABLES Y LAVABLES<\/strong><br \/>\n*Todos los interiores del Genesis SV est\u00e1n fabricados en tejidos hipoalerg\u00e9nicos y son desmontables y lavables.<\/p>\n<h4><\/h4>","protected":false},"excerpt":{"rendered":"<p>10DTO<\/p>","protected":false},"featured_media":4820,"comment_status":"open","ping_status":"closed","template":"","meta":{"_joinchat":[]},"product_brand":[],"product_cat":[30,56],"product_tag":[46],"class_list":{"0":"post-4819","1":"product","2":"type-product","3":"status-publish","4":"has-post-thumbnail","6":"product_cat-boutique","7":"product_cat-cascos-boutique","8":"product_tag-ultimas-unidades","10":"first","11":"instock","12":"sale","13":"taxable","14":"shipping-taxable","15":"purchasable","16":"product-type-variable"},"yoast_head":"<!-- This site is optimized with the Yoast SEO plugin v21.3 - https:\/\/yoast.com\/wordpress\/plugins\/seo\/ -->\n<title>Casco MT Genesis SV A5 Negro\/Rojo Mate -<\/title>\n<meta name=\"robots\" content=\"index, follow, max-snippet:-1, max-image-preview:large, max-video-preview:-1\" \/>\n<link rel=\"canonical\" href=\"https:\/\/jjchorro.com\/en_us\/product\/casco-mt-genesis-sv-a5-negro-rojo-mate\/\" \/>\n<meta property=\"og:locale\" content=\"en_US\" \/>\n<meta property=\"og:type\" content=\"article\" \/>\n<meta property=\"og:title\" content=\"Casco MT Genesis SV A5 Negro\/Rojo Mate -\" \/>\n<meta property=\"og:description\" content=\"10DTO\" \/>\n<meta property=\"og:url\" content=\"https:\/\/jjchorro.com\/en_us\/product\/casco-mt-genesis-sv-a5-negro-rojo-mate\/\" \/>\n<meta property=\"article:modified_time\" content=\"2025-11-20T17:49:47+00:00\" \/>\n<meta property=\"og:image\" content=\"http:\/\/jjchorro.com\/wp-content\/uploads\/2025\/11\/casco-mt-genesis-sv-cave-a5-negro-mate-rojo-1.jpg\" \/>\n\t<meta property=\"og:image:width\" content=\"1500\" \/>\n\t<meta property=\"og:image:height\" content=\"1500\" \/>\n\t<meta property=\"og:image:type\" content=\"image\/jpeg\" \/>\n<meta name=\"twitter:card\" content=\"summary_large_image\" \/>\n<meta name=\"twitter:label1\" content=\"Est. reading time\" \/>\n\t<meta name=\"twitter:data1\" content=\"1 minute\" \/>\n<script type=\"application\/ld+json\" class=\"yoast-schema-graph\">{\"@context\":\"https:\/\/schema.org\",\"@graph\":[{\"@type\":\"WebPage\",\"@id\":\"https:\/\/jjchorro.com\/producto\/casco-mt-genesis-sv-a5-negro-rojo-mate\/\",\"url\":\"https:\/\/jjchorro.com\/producto\/casco-mt-genesis-sv-a5-negro-rojo-mate\/\",\"name\":\"Casco MT Genesis SV A5 Negro\/Rojo Mate -\",\"isPartOf\":{\"@id\":\"https:\/\/jjchorro.com\/#website\"},\"datePublished\":\"2025-11-20T17:49:46+00:00\",\"dateModified\":\"2025-11-20T17:49:47+00:00\",\"breadcrumb\":{\"@id\":\"https:\/\/jjchorro.com\/producto\/casco-mt-genesis-sv-a5-negro-rojo-mate\/#breadcrumb\"},\"inLanguage\":\"en-US\",\"potentialAction\":[{\"@type\":\"ReadAction\",\"target\":[\"https:\/\/jjchorro.com\/producto\/casco-mt-genesis-sv-a5-negro-rojo-mate\/\"]}]},{\"@type\":\"BreadcrumbList\",\"@id\":\"https:\/\/jjchorro.com\/producto\/casco-mt-genesis-sv-a5-negro-rojo-mate\/#breadcrumb\",\"itemListElement\":[{\"@type\":\"ListItem\",\"position\":1,\"name\":\"Portada\",\"item\":\"https:\/\/jjchorro.com\/\"},{\"@type\":\"ListItem\",\"position\":2,\"name\":\"Productos\",\"item\":\"https:\/\/jjchorro.com\/tienda\/\"},{\"@type\":\"ListItem\",\"position\":3,\"name\":\"Casco MT Genesis SV A5 Negro\/Rojo Mate\"}]},{\"@type\":\"WebSite\",\"@id\":\"https:\/\/jjchorro.com\/#website\",\"url\":\"https:\/\/jjchorro.com\/\",\"name\":\"\",\"description\":\"\",\"potentialAction\":[{\"@type\":\"SearchAction\",\"target\":{\"@type\":\"EntryPoint\",\"urlTemplate\":\"https:\/\/jjchorro.com\/?s={search_term_string}\"},\"query-input\":\"required name=search_term_string\"}],\"inLanguage\":\"en-US\"}]}<\/script>\n<!-- \/ Yoast SEO plugin. -->","yoast_head_json":{"title":"Casco MT Genesis SV A5 Negro\/Rojo Mate -","robots":{"index":"index","follow":"follow","max-snippet":"max-snippet:-1","max-image-preview":"max-image-preview:large","max-video-preview":"max-video-preview:-1"},"canonical":"https:\/\/jjchorro.com\/en_us\/product\/casco-mt-genesis-sv-a5-negro-rojo-mate\/","og_locale":"en_US","og_type":"article","og_title":"Casco MT Genesis SV A5 Negro\/Rojo Mate -","og_description":"10DTO","og_url":"https:\/\/jjchorro.com\/en_us\/product\/casco-mt-genesis-sv-a5-negro-rojo-mate\/","article_modified_time":"2025-11-20T17:49:47+00:00","og_image":[{"width":1500,"height":1500,"url":"http:\/\/jjchorro.com\/wp-content\/uploads\/2025\/11\/casco-mt-genesis-sv-cave-a5-negro-mate-rojo-1.jpg","type":"image\/jpeg"}],"twitter_card":"summary_large_image","twitter_misc":{"Est. reading time":"1 minute"},"schema":{"@context":"https:\/\/schema.org","@graph":[{"@type":"WebPage","@id":"https:\/\/jjchorro.com\/producto\/casco-mt-genesis-sv-a5-negro-rojo-mate\/","url":"https:\/\/jjchorro.com\/producto\/casco-mt-genesis-sv-a5-negro-rojo-mate\/","name":"Casco MT Genesis SV A5 Negro\/Rojo Mate -","isPartOf":{"@id":"https:\/\/jjchorro.com\/#website"},"datePublished":"2025-11-20T17:49:46+00:00","dateModified":"2025-11-20T17:49:47+00:00","breadcrumb":{"@id":"https:\/\/jjchorro.com\/producto\/casco-mt-genesis-sv-a5-negro-rojo-mate\/#breadcrumb"},"inLanguage":"en-US","potentialAction":[{"@type":"ReadAction","target":["https:\/\/jjchorro.com\/producto\/casco-mt-genesis-sv-a5-negro-rojo-mate\/"]}]},{"@type":"BreadcrumbList","@id":"https:\/\/jjchorro.com\/producto\/casco-mt-genesis-sv-a5-negro-rojo-mate\/#breadcrumb","itemListElement":[{"@type":"ListItem","position":1,"name":"Portada","item":"https:\/\/jjchorro.com\/"},{"@type":"ListItem","position":2,"name":"Productos","item":"https:\/\/jjchorro.com\/tienda\/"},{"@type":"ListItem","position":3,"name":"Casco MT Genesis SV A5 Negro\/Rojo Mate"}]},{"@type":"WebSite","@id":"https:\/\/jjchorro.com\/#website","url":"https:\/\/jjchorro.com\/","name":"","description":"","potentialAction":[{"@type":"SearchAction","target":{"@type":"EntryPoint","urlTemplate":"https:\/\/jjchorro.com\/?s={search_term_string}"},"query-input":"required name=search_term_string"}],"inLanguage":"en-US"}]}},"_links":{"self":[{"href":"https:\/\/jjchorro.com\/en_us\/wp-json\/wp\/v2\/product\/4819","targetHints":{"allow":["GET"]}}],"collection":[{"href":"https:\/\/jjchorro.com\/en_us\/wp-json\/wp\/v2\/product"}],"about":[{"href":"https:\/\/jjchorro.com\/en_us\/wp-json\/wp\/v2\/types\/product"}],"replies":[{"embeddable":true,"href":"https:\/\/jjchorro.com\/en_us\/wp-json\/wp\/v2\/comments?post=4819"}],"wp:featuredmedia":[{"embeddable":true,"href":"https:\/\/jjchorro.com\/en_us\/wp-json\/wp\/v2\/media\/4820"}],"wp:attachment":[{"href":"https:\/\/jjchorro.com\/en_us\/wp-json\/wp\/v2\/media?parent=4819"}],"wp:term":[{"taxonomy":"product_brand","embeddable":true,"href":"https:\/\/jjchorro.com\/en_us\/wp-json\/wp\/v2\/product_brand?post=4819"},{"taxonomy":"product_cat","embeddable":true,"href":"https:\/\/jjchorro.com\/en_us\/wp-json\/wp\/v2\/product_cat?post=4819"},{"taxonomy":"product_tag","embeddable":true,"href":"https:\/\/jjchorro.com\/en_us\/wp-json\/wp\/v2\/product_tag?post=4819"}],"curies":[{"name":"wp","href":"https:\/\/api.w.org\/{rel}","templated":true}]}}