{"id":4807,"date":"2025-11-20T18:37:55","date_gmt":"2025-11-20T16:37:55","guid":{"rendered":"https:\/\/jjchorro.com\/?post_type=product&#038;p=4807"},"modified":"2025-11-20T18:37:55","modified_gmt":"2025-11-20T16:37:55","slug":"chaqueta-seventy-sd-jr30-2-mojade-verano-mujer","status":"publish","type":"product","link":"https:\/\/jjchorro.com\/en_us\/product\/chaqueta-seventy-sd-jr30-2-mojade-verano-mujer\/","title":{"rendered":"Chaqueta Seventy SD-JR30.2 Mojade Verano Mujer"},"content":{"rendered":"<p><b>* Chaqueta con rejilla de alta tenacidad<\/b><\/p>\n<p><b>*Detalle en neopreno nel cuello y en las mu\u00f1ecas<\/b><\/p>\n<p><b>* Regulaci\u00f3n en los brazos con botones<\/b><\/p>\n<p><b>* Protecciones nivel 1 en codos y hombros<\/b><\/p>\n<p><b>* Bolsillo por protector de espalda (no est\u00e1 incluido)<\/b><\/p>\n<p><b>*Detalles reflectantes<\/b><\/p>\n<p><b>* Ajuste de cadera con velcros<\/b><\/p>\n<p><b>* Tejido de alta resistencia en polyester 600D<\/b><\/p>\n<p><b>* Bolsillos no impermeables (2 exteriores y 2 interiores)<\/b><\/p>\n<p><b>* Fitting normal de mujer<\/b><\/p>\n<p><b>* Certificado EN17092-4<\/b><\/p>","protected":false},"excerpt":{"rendered":"<p>* Chaqueta con rejilla de alta tenacidad *Detalle en neopreno nel cuello y en las mu\u00f1ecas * Regulaci\u00f3n en los brazos con botones * Protecciones nivel 1 en codos y hombros * Bolsillo por protector de espalda (no est\u00e1 incluido) *Detalles reflectantes * Ajuste de cadera con velcros * Tejido de alta resistencia en polyester [&hellip;]<\/p>","protected":false},"featured_media":4809,"comment_status":"open","ping_status":"closed","template":"","meta":{"_joinchat":[]},"product_brand":[],"product_cat":[30,54],"product_tag":[47],"class_list":{"0":"post-4807","1":"product","2":"type-product","3":"status-publish","4":"has-post-thumbnail","6":"product_cat-boutique","7":"product_cat-chaquetas","8":"product_tag-ultima-unidad","10":"first","11":"instock","12":"taxable","13":"shipping-taxable","14":"purchasable","15":"product-type-variable"},"yoast_head":"<!-- This site is optimized with the Yoast SEO plugin v21.3 - https:\/\/yoast.com\/wordpress\/plugins\/seo\/ -->\n<title>Chaqueta Seventy SD-JR30.2 Mojade Verano Mujer -<\/title>\n<meta name=\"robots\" content=\"index, follow, max-snippet:-1, max-image-preview:large, max-video-preview:-1\" \/>\n<link rel=\"canonical\" href=\"https:\/\/jjchorro.com\/en_us\/product\/chaqueta-seventy-sd-jr30-2-mojade-verano-mujer\/\" \/>\n<meta property=\"og:locale\" content=\"en_US\" \/>\n<meta property=\"og:type\" content=\"article\" \/>\n<meta property=\"og:title\" content=\"Chaqueta Seventy SD-JR30.2 Mojade Verano Mujer -\" \/>\n<meta property=\"og:description\" content=\"* Chaqueta con rejilla de alta tenacidad *Detalle en neopreno nel cuello y en las mu\u00f1ecas * Regulaci\u00f3n en los brazos con botones * Protecciones nivel 1 en codos y hombros * Bolsillo por protector de espalda (no est\u00e1 incluido) *Detalles reflectantes * Ajuste de cadera con velcros * Tejido de alta resistencia en polyester [&hellip;]\" \/>\n<meta property=\"og:url\" content=\"https:\/\/jjchorro.com\/en_us\/product\/chaqueta-seventy-sd-jr30-2-mojade-verano-mujer\/\" \/>\n<meta property=\"og:image\" content=\"http:\/\/jjchorro.com\/wp-content\/uploads\/2025\/11\/chaqueta-sd-jr302-mojave-verano-racing-mujer-gris-amarillo-fluor.webp\" \/>\n\t<meta property=\"og:image:width\" content=\"800\" \/>\n\t<meta property=\"og:image:height\" content=\"800\" \/>\n\t<meta property=\"og:image:type\" content=\"image\/webp\" \/>\n<meta name=\"twitter:card\" content=\"summary_large_image\" \/>\n<meta name=\"twitter:label1\" content=\"Est. reading time\" \/>\n\t<meta name=\"twitter:data1\" content=\"1 minute\" \/>\n<script type=\"application\/ld+json\" class=\"yoast-schema-graph\">{\"@context\":\"https:\/\/schema.org\",\"@graph\":[{\"@type\":\"WebPage\",\"@id\":\"https:\/\/jjchorro.com\/producto\/chaqueta-seventy-sd-jr30-2-mojade-verano-mujer\/\",\"url\":\"https:\/\/jjchorro.com\/producto\/chaqueta-seventy-sd-jr30-2-mojade-verano-mujer\/\",\"name\":\"Chaqueta Seventy SD-JR30.2 Mojade Verano Mujer -\",\"isPartOf\":{\"@id\":\"https:\/\/jjchorro.com\/#website\"},\"datePublished\":\"2025-11-20T16:37:55+00:00\",\"dateModified\":\"2025-11-20T16:37:55+00:00\",\"breadcrumb\":{\"@id\":\"https:\/\/jjchorro.com\/producto\/chaqueta-seventy-sd-jr30-2-mojade-verano-mujer\/#breadcrumb\"},\"inLanguage\":\"en-US\",\"potentialAction\":[{\"@type\":\"ReadAction\",\"target\":[\"https:\/\/jjchorro.com\/producto\/chaqueta-seventy-sd-jr30-2-mojade-verano-mujer\/\"]}]},{\"@type\":\"BreadcrumbList\",\"@id\":\"https:\/\/jjchorro.com\/producto\/chaqueta-seventy-sd-jr30-2-mojade-verano-mujer\/#breadcrumb\",\"itemListElement\":[{\"@type\":\"ListItem\",\"position\":1,\"name\":\"Portada\",\"item\":\"https:\/\/jjchorro.com\/\"},{\"@type\":\"ListItem\",\"position\":2,\"name\":\"Productos\",\"item\":\"https:\/\/jjchorro.com\/tienda\/\"},{\"@type\":\"ListItem\",\"position\":3,\"name\":\"Chaqueta Seventy SD-JR30.2 Mojade Verano Mujer\"}]},{\"@type\":\"WebSite\",\"@id\":\"https:\/\/jjchorro.com\/#website\",\"url\":\"https:\/\/jjchorro.com\/\",\"name\":\"\",\"description\":\"\",\"potentialAction\":[{\"@type\":\"SearchAction\",\"target\":{\"@type\":\"EntryPoint\",\"urlTemplate\":\"https:\/\/jjchorro.com\/?s={search_term_string}\"},\"query-input\":\"required name=search_term_string\"}],\"inLanguage\":\"en-US\"}]}<\/script>\n<!-- \/ Yoast SEO plugin. -->","yoast_head_json":{"title":"Chaqueta Seventy SD-JR30.2 Mojade Verano Mujer -","robots":{"index":"index","follow":"follow","max-snippet":"max-snippet:-1","max-image-preview":"max-image-preview:large","max-video-preview":"max-video-preview:-1"},"canonical":"https:\/\/jjchorro.com\/en_us\/product\/chaqueta-seventy-sd-jr30-2-mojade-verano-mujer\/","og_locale":"en_US","og_type":"article","og_title":"Chaqueta Seventy SD-JR30.2 Mojade Verano Mujer -","og_description":"* Chaqueta con rejilla de alta tenacidad *Detalle en neopreno nel cuello y en las mu\u00f1ecas * Regulaci\u00f3n en los brazos con botones * Protecciones nivel 1 en codos y hombros * Bolsillo por protector de espalda (no est\u00e1 incluido) *Detalles reflectantes * Ajuste de cadera con velcros * Tejido de alta resistencia en polyester [&hellip;]","og_url":"https:\/\/jjchorro.com\/en_us\/product\/chaqueta-seventy-sd-jr30-2-mojade-verano-mujer\/","og_image":[{"width":800,"height":800,"url":"http:\/\/jjchorro.com\/wp-content\/uploads\/2025\/11\/chaqueta-sd-jr302-mojave-verano-racing-mujer-gris-amarillo-fluor.webp","type":"image\/webp"}],"twitter_card":"summary_large_image","twitter_misc":{"Est. reading time":"1 minute"},"schema":{"@context":"https:\/\/schema.org","@graph":[{"@type":"WebPage","@id":"https:\/\/jjchorro.com\/producto\/chaqueta-seventy-sd-jr30-2-mojade-verano-mujer\/","url":"https:\/\/jjchorro.com\/producto\/chaqueta-seventy-sd-jr30-2-mojade-verano-mujer\/","name":"Chaqueta Seventy SD-JR30.2 Mojade Verano Mujer -","isPartOf":{"@id":"https:\/\/jjchorro.com\/#website"},"datePublished":"2025-11-20T16:37:55+00:00","dateModified":"2025-11-20T16:37:55+00:00","breadcrumb":{"@id":"https:\/\/jjchorro.com\/producto\/chaqueta-seventy-sd-jr30-2-mojade-verano-mujer\/#breadcrumb"},"inLanguage":"en-US","potentialAction":[{"@type":"ReadAction","target":["https:\/\/jjchorro.com\/producto\/chaqueta-seventy-sd-jr30-2-mojade-verano-mujer\/"]}]},{"@type":"BreadcrumbList","@id":"https:\/\/jjchorro.com\/producto\/chaqueta-seventy-sd-jr30-2-mojade-verano-mujer\/#breadcrumb","itemListElement":[{"@type":"ListItem","position":1,"name":"Portada","item":"https:\/\/jjchorro.com\/"},{"@type":"ListItem","position":2,"name":"Productos","item":"https:\/\/jjchorro.com\/tienda\/"},{"@type":"ListItem","position":3,"name":"Chaqueta Seventy SD-JR30.2 Mojade Verano Mujer"}]},{"@type":"WebSite","@id":"https:\/\/jjchorro.com\/#website","url":"https:\/\/jjchorro.com\/","name":"","description":"","potentialAction":[{"@type":"SearchAction","target":{"@type":"EntryPoint","urlTemplate":"https:\/\/jjchorro.com\/?s={search_term_string}"},"query-input":"required name=search_term_string"}],"inLanguage":"en-US"}]}},"_links":{"self":[{"href":"https:\/\/jjchorro.com\/en_us\/wp-json\/wp\/v2\/product\/4807","targetHints":{"allow":["GET"]}}],"collection":[{"href":"https:\/\/jjchorro.com\/en_us\/wp-json\/wp\/v2\/product"}],"about":[{"href":"https:\/\/jjchorro.com\/en_us\/wp-json\/wp\/v2\/types\/product"}],"replies":[{"embeddable":true,"href":"https:\/\/jjchorro.com\/en_us\/wp-json\/wp\/v2\/comments?post=4807"}],"wp:featuredmedia":[{"embeddable":true,"href":"https:\/\/jjchorro.com\/en_us\/wp-json\/wp\/v2\/media\/4809"}],"wp:attachment":[{"href":"https:\/\/jjchorro.com\/en_us\/wp-json\/wp\/v2\/media?parent=4807"}],"wp:term":[{"taxonomy":"product_brand","embeddable":true,"href":"https:\/\/jjchorro.com\/en_us\/wp-json\/wp\/v2\/product_brand?post=4807"},{"taxonomy":"product_cat","embeddable":true,"href":"https:\/\/jjchorro.com\/en_us\/wp-json\/wp\/v2\/product_cat?post=4807"},{"taxonomy":"product_tag","embeddable":true,"href":"https:\/\/jjchorro.com\/en_us\/wp-json\/wp\/v2\/product_tag?post=4807"}],"curies":[{"name":"wp","href":"https:\/\/api.w.org\/{rel}","templated":true}]}}