{"id":4793,"date":"2025-11-19T20:18:14","date_gmt":"2025-11-19T18:18:14","guid":{"rendered":"https:\/\/jjchorro.com\/?post_type=product&#038;p=4793"},"modified":"2025-11-19T20:18:14","modified_gmt":"2025-11-19T18:18:14","slug":"chaqueta-seventy-sd-jt70-atacama-hombre-negro-gris","status":"publish","type":"product","link":"https:\/\/jjchorro.com\/en_us\/product\/chaqueta-seventy-sd-jt70-atacama-hombre-negro-gris\/","title":{"rendered":"Chaqueta Seventy SD-JT70 Atacama Hombre Negro\/Gris"},"content":{"rendered":"<ul style=\"font-weight: 400;\">\n<li>Esta chaqueta de aventura de malla de alta tenacidad combina durabilidad, protecci\u00f3n avanzada y versatilidad para todo tipo de clima. Dise\u00f1ada con refuerzos de panal de abeja Cordura y Ripstop, est\u00e1 construida para brindar comodidad resistente en cada viaje.<\/li>\n<li>Chaqueta con\u00a0 de rejilla de alta resistencia con detalles reflectantes<\/li>\n<li style=\"font-weight: var(--font-weight-normal);\">Bolsillo para tarjetas en el brazo derecho<\/li>\n<li style=\"font-weight: var(--font-weight-normal);\">Detalles en neopreno en cuello y mu\u00f1ecas<\/li>\n<li style=\"font-weight: var(--font-weight-normal);\">Ajuste en los b\u00edceps con botones<\/li>\n<li style=\"font-weight: var(--font-weight-normal);\">Protectores Seventy WINDFLEX nivel 2 en codos y hombros<\/li>\n<li style=\"font-weight: var(--font-weight-normal);\">Bolsillo para protector de espalda (no incluido)<\/li>\n<li style=\"font-weight: var(--font-weight-normal);\">Ajuste de cintura con velcro, cremalleras y hebillas de correa<\/li>\n<li style=\"font-weight: var(--font-weight-normal);\">Tejido de Cordura en hombros y Ripstop en codos<\/li>\n<li style=\"font-weight: var(--font-weight-normal);\">Poli\u00e9ster 600D de alta resistencia<\/li>\n<li style=\"font-weight: var(--font-weight-normal);\">Membrana impermeable extra\u00edble In &amp; Out (columna de agua &gt; 8.000 mm)<\/li>\n<li style=\"font-weight: var(--font-weight-normal);\">Ajuste de estilo aventura<\/li>\n<li style=\"font-weight: var(--font-weight-normal);\">Certificado EN17092-3:2020<\/li>\n<\/ul>","protected":false},"excerpt":{"rendered":"<p>10DTO<\/p>","protected":false},"featured_media":4795,"comment_status":"open","ping_status":"closed","template":"","meta":{"_joinchat":[]},"product_brand":[],"product_cat":[30,54],"product_tag":[62],"class_list":{"0":"post-4793","1":"product","2":"type-product","3":"status-publish","4":"has-post-thumbnail","6":"product_cat-boutique","7":"product_cat-chaquetas","8":"product_tag-disponibilidad-en-stock","10":"first","11":"instock","12":"sale","13":"taxable","14":"shipping-taxable","15":"purchasable","16":"product-type-variable"},"yoast_head":"<!-- This site is optimized with the Yoast SEO plugin v21.3 - https:\/\/yoast.com\/wordpress\/plugins\/seo\/ -->\n<title>Chaqueta Seventy SD-JT70 Atacama Hombre Negro\/Gris -<\/title>\n<meta name=\"robots\" content=\"index, follow, max-snippet:-1, max-image-preview:large, max-video-preview:-1\" \/>\n<link rel=\"canonical\" href=\"https:\/\/jjchorro.com\/en_us\/product\/chaqueta-seventy-sd-jt70-atacama-hombre-negro-gris\/\" \/>\n<meta property=\"og:locale\" content=\"en_US\" \/>\n<meta property=\"og:type\" content=\"article\" \/>\n<meta property=\"og:title\" content=\"Chaqueta Seventy SD-JT70 Atacama Hombre Negro\/Gris -\" \/>\n<meta property=\"og:description\" content=\"10DTO\" \/>\n<meta property=\"og:url\" content=\"https:\/\/jjchorro.com\/en_us\/product\/chaqueta-seventy-sd-jt70-atacama-hombre-negro-gris\/\" \/>\n<meta property=\"og:image\" content=\"http:\/\/jjchorro.com\/wp-content\/uploads\/2025\/11\/chaqueta-sd-jt70-atacama-hombre.jpg\" \/>\n\t<meta property=\"og:image:width\" content=\"800\" \/>\n\t<meta property=\"og:image:height\" content=\"800\" \/>\n\t<meta property=\"og:image:type\" content=\"image\/jpeg\" \/>\n<meta name=\"twitter:card\" content=\"summary_large_image\" \/>\n<meta name=\"twitter:label1\" content=\"Est. reading time\" \/>\n\t<meta name=\"twitter:data1\" content=\"1 minute\" \/>\n<script type=\"application\/ld+json\" class=\"yoast-schema-graph\">{\"@context\":\"https:\/\/schema.org\",\"@graph\":[{\"@type\":\"WebPage\",\"@id\":\"https:\/\/jjchorro.com\/producto\/chaqueta-seventy-sd-jt70-atacama-hombre-negro-gris\/\",\"url\":\"https:\/\/jjchorro.com\/producto\/chaqueta-seventy-sd-jt70-atacama-hombre-negro-gris\/\",\"name\":\"Chaqueta Seventy SD-JT70 Atacama Hombre Negro\/Gris -\",\"isPartOf\":{\"@id\":\"https:\/\/jjchorro.com\/#website\"},\"datePublished\":\"2025-11-19T18:18:14+00:00\",\"dateModified\":\"2025-11-19T18:18:14+00:00\",\"breadcrumb\":{\"@id\":\"https:\/\/jjchorro.com\/producto\/chaqueta-seventy-sd-jt70-atacama-hombre-negro-gris\/#breadcrumb\"},\"inLanguage\":\"en-US\",\"potentialAction\":[{\"@type\":\"ReadAction\",\"target\":[\"https:\/\/jjchorro.com\/producto\/chaqueta-seventy-sd-jt70-atacama-hombre-negro-gris\/\"]}]},{\"@type\":\"BreadcrumbList\",\"@id\":\"https:\/\/jjchorro.com\/producto\/chaqueta-seventy-sd-jt70-atacama-hombre-negro-gris\/#breadcrumb\",\"itemListElement\":[{\"@type\":\"ListItem\",\"position\":1,\"name\":\"Portada\",\"item\":\"https:\/\/jjchorro.com\/\"},{\"@type\":\"ListItem\",\"position\":2,\"name\":\"Productos\",\"item\":\"https:\/\/jjchorro.com\/tienda\/\"},{\"@type\":\"ListItem\",\"position\":3,\"name\":\"Chaqueta Seventy SD-JT70 Atacama Hombre Negro\/Gris\"}]},{\"@type\":\"WebSite\",\"@id\":\"https:\/\/jjchorro.com\/#website\",\"url\":\"https:\/\/jjchorro.com\/\",\"name\":\"\",\"description\":\"\",\"potentialAction\":[{\"@type\":\"SearchAction\",\"target\":{\"@type\":\"EntryPoint\",\"urlTemplate\":\"https:\/\/jjchorro.com\/?s={search_term_string}\"},\"query-input\":\"required name=search_term_string\"}],\"inLanguage\":\"en-US\"}]}<\/script>\n<!-- \/ Yoast SEO plugin. -->","yoast_head_json":{"title":"Chaqueta Seventy SD-JT70 Atacama Hombre Negro\/Gris -","robots":{"index":"index","follow":"follow","max-snippet":"max-snippet:-1","max-image-preview":"max-image-preview:large","max-video-preview":"max-video-preview:-1"},"canonical":"https:\/\/jjchorro.com\/en_us\/product\/chaqueta-seventy-sd-jt70-atacama-hombre-negro-gris\/","og_locale":"en_US","og_type":"article","og_title":"Chaqueta Seventy SD-JT70 Atacama Hombre Negro\/Gris -","og_description":"10DTO","og_url":"https:\/\/jjchorro.com\/en_us\/product\/chaqueta-seventy-sd-jt70-atacama-hombre-negro-gris\/","og_image":[{"width":800,"height":800,"url":"http:\/\/jjchorro.com\/wp-content\/uploads\/2025\/11\/chaqueta-sd-jt70-atacama-hombre.jpg","type":"image\/jpeg"}],"twitter_card":"summary_large_image","twitter_misc":{"Est. reading time":"1 minute"},"schema":{"@context":"https:\/\/schema.org","@graph":[{"@type":"WebPage","@id":"https:\/\/jjchorro.com\/producto\/chaqueta-seventy-sd-jt70-atacama-hombre-negro-gris\/","url":"https:\/\/jjchorro.com\/producto\/chaqueta-seventy-sd-jt70-atacama-hombre-negro-gris\/","name":"Chaqueta Seventy SD-JT70 Atacama Hombre Negro\/Gris -","isPartOf":{"@id":"https:\/\/jjchorro.com\/#website"},"datePublished":"2025-11-19T18:18:14+00:00","dateModified":"2025-11-19T18:18:14+00:00","breadcrumb":{"@id":"https:\/\/jjchorro.com\/producto\/chaqueta-seventy-sd-jt70-atacama-hombre-negro-gris\/#breadcrumb"},"inLanguage":"en-US","potentialAction":[{"@type":"ReadAction","target":["https:\/\/jjchorro.com\/producto\/chaqueta-seventy-sd-jt70-atacama-hombre-negro-gris\/"]}]},{"@type":"BreadcrumbList","@id":"https:\/\/jjchorro.com\/producto\/chaqueta-seventy-sd-jt70-atacama-hombre-negro-gris\/#breadcrumb","itemListElement":[{"@type":"ListItem","position":1,"name":"Portada","item":"https:\/\/jjchorro.com\/"},{"@type":"ListItem","position":2,"name":"Productos","item":"https:\/\/jjchorro.com\/tienda\/"},{"@type":"ListItem","position":3,"name":"Chaqueta Seventy SD-JT70 Atacama Hombre Negro\/Gris"}]},{"@type":"WebSite","@id":"https:\/\/jjchorro.com\/#website","url":"https:\/\/jjchorro.com\/","name":"","description":"","potentialAction":[{"@type":"SearchAction","target":{"@type":"EntryPoint","urlTemplate":"https:\/\/jjchorro.com\/?s={search_term_string}"},"query-input":"required name=search_term_string"}],"inLanguage":"en-US"}]}},"_links":{"self":[{"href":"https:\/\/jjchorro.com\/en_us\/wp-json\/wp\/v2\/product\/4793","targetHints":{"allow":["GET"]}}],"collection":[{"href":"https:\/\/jjchorro.com\/en_us\/wp-json\/wp\/v2\/product"}],"about":[{"href":"https:\/\/jjchorro.com\/en_us\/wp-json\/wp\/v2\/types\/product"}],"replies":[{"embeddable":true,"href":"https:\/\/jjchorro.com\/en_us\/wp-json\/wp\/v2\/comments?post=4793"}],"wp:featuredmedia":[{"embeddable":true,"href":"https:\/\/jjchorro.com\/en_us\/wp-json\/wp\/v2\/media\/4795"}],"wp:attachment":[{"href":"https:\/\/jjchorro.com\/en_us\/wp-json\/wp\/v2\/media?parent=4793"}],"wp:term":[{"taxonomy":"product_brand","embeddable":true,"href":"https:\/\/jjchorro.com\/en_us\/wp-json\/wp\/v2\/product_brand?post=4793"},{"taxonomy":"product_cat","embeddable":true,"href":"https:\/\/jjchorro.com\/en_us\/wp-json\/wp\/v2\/product_cat?post=4793"},{"taxonomy":"product_tag","embeddable":true,"href":"https:\/\/jjchorro.com\/en_us\/wp-json\/wp\/v2\/product_tag?post=4793"}],"curies":[{"name":"wp","href":"https:\/\/api.w.org\/{rel}","templated":true}]}}