{"id":4779,"date":"2025-11-19T13:40:58","date_gmt":"2025-11-19T11:40:58","guid":{"rendered":"https:\/\/jjchorro.com\/?post_type=product&#038;p=4779"},"modified":"2025-11-19T13:40:58","modified_gmt":"2025-11-19T11:40:58","slug":"casco-enduro-kappa-kv33-wizard-dual-sport","status":"publish","type":"product","link":"https:\/\/jjchorro.com\/en_us\/product\/casco-enduro-kappa-kv33-wizard-dual-sport\/","title":{"rendered":"Casco Enduro Kappa KV33 Wizard Dual Sport"},"content":{"rendered":"<p>El casco integral para moto Kappa KV33 Enduro Wizard On\/Off est\u00e1 dise\u00f1ado para motociclistas que buscan una combinaci\u00f3n de comodidad, seguridad y rendimiento. Fabricado con material termopl\u00e1stico de alta calidad, este casco proporciona durabilidad y resistencia a los impactos, al tiempo que mantiene una estructura liviana para mayor comodidad durante viajes largos.<br \/>\nEl dise\u00f1o del casco integral Kappa ofrece una excelente protecci\u00f3n para la cabeza y el rostro, ideal tanto para aventuras en carretera como fuera de ella. Su avanzado sistema de ventilaci\u00f3n garantiza un flujo de aire \u00f3ptimo, manteni\u00e9ndote fresco incluso en condiciones dif\u00edciles. Con una forma aerodin\u00e1mica para reducir el ruido del viento y una visera para una mejor visibilidad, el Kappa KV33 es la opci\u00f3n perfecta para los motociclistas que exigen confiabilidad y estilo en cada aventura.<\/p>\n<p><strong>Caracter\u00edsticas:<\/strong><\/p>\n<ul>\n<li>Dos carcasas<\/li>\n<li>Visera interior ahumada<\/li>\n<li>Visera preparada para lente Pinlock\u00ae Max Vision DKS630 (no incluida)<\/li>\n<li>Spoiler<\/li>\n<li>Tomas de aire superiores<\/li>\n<li>Toma de aire en mentonera<\/li>\n<li>2 extractores traseros<\/li>\n<li>Cierre microm\u00e9trico<\/li>\n<li>Paravientos<\/li>\n<li>Protector nasal<\/li>\n<li>Interior desmontable y lavable<\/li>\n<li>Peso 1650gr +50<\/li>\n<\/ul>\n<p>&nbsp;<\/p>","protected":false},"excerpt":{"rendered":"<p>El casco integral para moto Kappa KV33 Enduro Wizard On\/Off est\u00e1 dise\u00f1ado para motociclistas que buscan una combinaci\u00f3n de comodidad, seguridad y rendimiento. Fabricado con material termopl\u00e1stico de alta calidad, este casco proporciona durabilidad y resistencia a los impactos, al tiempo que mantiene una estructura liviana para mayor comodidad durante viajes largos. El dise\u00f1o del [&hellip;]<\/p>","protected":false},"featured_media":4780,"comment_status":"open","ping_status":"closed","template":"","meta":{"_joinchat":[]},"product_brand":[],"product_cat":[30,56],"product_tag":[47],"class_list":{"0":"post-4779","1":"product","2":"type-product","3":"status-publish","4":"has-post-thumbnail","6":"product_cat-boutique","7":"product_cat-cascos-boutique","8":"product_tag-ultima-unidad","10":"first","11":"instock","12":"taxable","13":"shipping-taxable","14":"purchasable","15":"product-type-variable"},"yoast_head":"<!-- This site is optimized with the Yoast SEO plugin v21.3 - https:\/\/yoast.com\/wordpress\/plugins\/seo\/ -->\n<title>Casco Enduro Kappa KV33 Wizard Dual Sport -<\/title>\n<meta name=\"robots\" content=\"index, follow, max-snippet:-1, max-image-preview:large, max-video-preview:-1\" \/>\n<link rel=\"canonical\" href=\"https:\/\/jjchorro.com\/en_us\/product\/casco-enduro-kappa-kv33-wizard-dual-sport\/\" \/>\n<meta property=\"og:locale\" content=\"en_US\" \/>\n<meta property=\"og:type\" content=\"article\" \/>\n<meta property=\"og:title\" content=\"Casco Enduro Kappa KV33 Wizard Dual Sport -\" \/>\n<meta property=\"og:description\" content=\"El casco integral para moto Kappa KV33 Enduro Wizard On\/Off est\u00e1 dise\u00f1ado para motociclistas que buscan una combinaci\u00f3n de comodidad, seguridad y rendimiento. Fabricado con material termopl\u00e1stico de alta calidad, este casco proporciona durabilidad y resistencia a los impactos, al tiempo que mantiene una estructura liviana para mayor comodidad durante viajes largos. El dise\u00f1o del [&hellip;]\" \/>\n<meta property=\"og:url\" content=\"https:\/\/jjchorro.com\/en_us\/product\/casco-enduro-kappa-kv33-wizard-dual-sport\/\" \/>\n<meta property=\"og:image\" content=\"http:\/\/jjchorro.com\/wp-content\/uploads\/2025\/11\/KAPPA-1.webp\" \/>\n\t<meta property=\"og:image:width\" content=\"1000\" \/>\n\t<meta property=\"og:image:height\" content=\"1000\" \/>\n\t<meta property=\"og:image:type\" content=\"image\/webp\" \/>\n<meta name=\"twitter:card\" content=\"summary_large_image\" \/>\n<meta name=\"twitter:label1\" content=\"Est. reading time\" \/>\n\t<meta name=\"twitter:data1\" content=\"1 minute\" \/>\n<script type=\"application\/ld+json\" class=\"yoast-schema-graph\">{\"@context\":\"https:\/\/schema.org\",\"@graph\":[{\"@type\":\"WebPage\",\"@id\":\"https:\/\/jjchorro.com\/producto\/casco-enduro-kappa-kv33-wizard-dual-sport\/\",\"url\":\"https:\/\/jjchorro.com\/producto\/casco-enduro-kappa-kv33-wizard-dual-sport\/\",\"name\":\"Casco Enduro Kappa KV33 Wizard Dual Sport -\",\"isPartOf\":{\"@id\":\"https:\/\/jjchorro.com\/#website\"},\"datePublished\":\"2025-11-19T11:40:58+00:00\",\"dateModified\":\"2025-11-19T11:40:58+00:00\",\"breadcrumb\":{\"@id\":\"https:\/\/jjchorro.com\/producto\/casco-enduro-kappa-kv33-wizard-dual-sport\/#breadcrumb\"},\"inLanguage\":\"en-US\",\"potentialAction\":[{\"@type\":\"ReadAction\",\"target\":[\"https:\/\/jjchorro.com\/producto\/casco-enduro-kappa-kv33-wizard-dual-sport\/\"]}]},{\"@type\":\"BreadcrumbList\",\"@id\":\"https:\/\/jjchorro.com\/producto\/casco-enduro-kappa-kv33-wizard-dual-sport\/#breadcrumb\",\"itemListElement\":[{\"@type\":\"ListItem\",\"position\":1,\"name\":\"Portada\",\"item\":\"https:\/\/jjchorro.com\/\"},{\"@type\":\"ListItem\",\"position\":2,\"name\":\"Productos\",\"item\":\"https:\/\/jjchorro.com\/tienda\/\"},{\"@type\":\"ListItem\",\"position\":3,\"name\":\"Casco Enduro Kappa KV33 Wizard Dual Sport\"}]},{\"@type\":\"WebSite\",\"@id\":\"https:\/\/jjchorro.com\/#website\",\"url\":\"https:\/\/jjchorro.com\/\",\"name\":\"\",\"description\":\"\",\"potentialAction\":[{\"@type\":\"SearchAction\",\"target\":{\"@type\":\"EntryPoint\",\"urlTemplate\":\"https:\/\/jjchorro.com\/?s={search_term_string}\"},\"query-input\":\"required name=search_term_string\"}],\"inLanguage\":\"en-US\"}]}<\/script>\n<!-- \/ Yoast SEO plugin. -->","yoast_head_json":{"title":"Casco Enduro Kappa KV33 Wizard Dual Sport -","robots":{"index":"index","follow":"follow","max-snippet":"max-snippet:-1","max-image-preview":"max-image-preview:large","max-video-preview":"max-video-preview:-1"},"canonical":"https:\/\/jjchorro.com\/en_us\/product\/casco-enduro-kappa-kv33-wizard-dual-sport\/","og_locale":"en_US","og_type":"article","og_title":"Casco Enduro Kappa KV33 Wizard Dual Sport -","og_description":"El casco integral para moto Kappa KV33 Enduro Wizard On\/Off est\u00e1 dise\u00f1ado para motociclistas que buscan una combinaci\u00f3n de comodidad, seguridad y rendimiento. Fabricado con material termopl\u00e1stico de alta calidad, este casco proporciona durabilidad y resistencia a los impactos, al tiempo que mantiene una estructura liviana para mayor comodidad durante viajes largos. El dise\u00f1o del [&hellip;]","og_url":"https:\/\/jjchorro.com\/en_us\/product\/casco-enduro-kappa-kv33-wizard-dual-sport\/","og_image":[{"width":1000,"height":1000,"url":"http:\/\/jjchorro.com\/wp-content\/uploads\/2025\/11\/KAPPA-1.webp","type":"image\/webp"}],"twitter_card":"summary_large_image","twitter_misc":{"Est. reading time":"1 minute"},"schema":{"@context":"https:\/\/schema.org","@graph":[{"@type":"WebPage","@id":"https:\/\/jjchorro.com\/producto\/casco-enduro-kappa-kv33-wizard-dual-sport\/","url":"https:\/\/jjchorro.com\/producto\/casco-enduro-kappa-kv33-wizard-dual-sport\/","name":"Casco Enduro Kappa KV33 Wizard Dual Sport -","isPartOf":{"@id":"https:\/\/jjchorro.com\/#website"},"datePublished":"2025-11-19T11:40:58+00:00","dateModified":"2025-11-19T11:40:58+00:00","breadcrumb":{"@id":"https:\/\/jjchorro.com\/producto\/casco-enduro-kappa-kv33-wizard-dual-sport\/#breadcrumb"},"inLanguage":"en-US","potentialAction":[{"@type":"ReadAction","target":["https:\/\/jjchorro.com\/producto\/casco-enduro-kappa-kv33-wizard-dual-sport\/"]}]},{"@type":"BreadcrumbList","@id":"https:\/\/jjchorro.com\/producto\/casco-enduro-kappa-kv33-wizard-dual-sport\/#breadcrumb","itemListElement":[{"@type":"ListItem","position":1,"name":"Portada","item":"https:\/\/jjchorro.com\/"},{"@type":"ListItem","position":2,"name":"Productos","item":"https:\/\/jjchorro.com\/tienda\/"},{"@type":"ListItem","position":3,"name":"Casco Enduro Kappa KV33 Wizard Dual Sport"}]},{"@type":"WebSite","@id":"https:\/\/jjchorro.com\/#website","url":"https:\/\/jjchorro.com\/","name":"","description":"","potentialAction":[{"@type":"SearchAction","target":{"@type":"EntryPoint","urlTemplate":"https:\/\/jjchorro.com\/?s={search_term_string}"},"query-input":"required name=search_term_string"}],"inLanguage":"en-US"}]}},"_links":{"self":[{"href":"https:\/\/jjchorro.com\/en_us\/wp-json\/wp\/v2\/product\/4779","targetHints":{"allow":["GET"]}}],"collection":[{"href":"https:\/\/jjchorro.com\/en_us\/wp-json\/wp\/v2\/product"}],"about":[{"href":"https:\/\/jjchorro.com\/en_us\/wp-json\/wp\/v2\/types\/product"}],"replies":[{"embeddable":true,"href":"https:\/\/jjchorro.com\/en_us\/wp-json\/wp\/v2\/comments?post=4779"}],"wp:featuredmedia":[{"embeddable":true,"href":"https:\/\/jjchorro.com\/en_us\/wp-json\/wp\/v2\/media\/4780"}],"wp:attachment":[{"href":"https:\/\/jjchorro.com\/en_us\/wp-json\/wp\/v2\/media?parent=4779"}],"wp:term":[{"taxonomy":"product_brand","embeddable":true,"href":"https:\/\/jjchorro.com\/en_us\/wp-json\/wp\/v2\/product_brand?post=4779"},{"taxonomy":"product_cat","embeddable":true,"href":"https:\/\/jjchorro.com\/en_us\/wp-json\/wp\/v2\/product_cat?post=4779"},{"taxonomy":"product_tag","embeddable":true,"href":"https:\/\/jjchorro.com\/en_us\/wp-json\/wp\/v2\/product_tag?post=4779"}],"curies":[{"name":"wp","href":"https:\/\/api.w.org\/{rel}","templated":true}]}}