{"id":4694,"date":"2025-07-16T17:45:43","date_gmt":"2025-07-16T15:45:43","guid":{"rendered":"https:\/\/jjchorro.com\/?post_type=product&#038;p=4694"},"modified":"2025-11-17T20:07:45","modified_gmt":"2025-11-17T18:07:45","slug":"guantes-rainers-verano-senora-xena","status":"publish","type":"product","link":"https:\/\/jjchorro.com\/en_us\/product\/guantes-rainers-verano-senora-xena\/","title":{"rendered":"Guantes Rainers Verano Se\u00f1ora XENA"},"content":{"rendered":"<h5>*Confeccionado en piel flor vacuna de alta calidad y tejido el\u00e1stico.<\/h5>\n<h5>*La palma de la mano es de piel para ofrecer mejor a la resistencia a la abrasi\u00f3n.<\/h5>\n<h5>*Patronaje espec\u00edfico de mujer.<\/h5>\n<h5>*El sistema de protecci\u00f3n de nudillos incorpora un protector de TPU.<\/h5>\n<h5>*Entradas de aire para una \u00f3ptima ventilaci\u00f3n en los dedos.<\/h5>\n<h5>*Dedos precurvados con piel acorde\u00f3n y reforzados con piel en las zonas m\u00e1s expuestas a las ca\u00eddas.<\/h5>\n<h5>*Cierre de velcro en la mu\u00f1eca.<\/h5>\n<h5>*Detalles reflectantes para ofrecer mayor visibilidad<\/h5>","protected":false},"excerpt":{"rendered":"<p>*Confeccionado en piel flor vacuna de alta calidad y tejido el\u00e1stico. *La palma de la mano es de piel para ofrecer mejor a la resistencia a la abrasi\u00f3n. *Patronaje espec\u00edfico de mujer. *El sistema de protecci\u00f3n de nudillos incorpora un protector de TPU. *Entradas de aire para una \u00f3ptima ventilaci\u00f3n en los dedos. *Dedos precurvados [&hellip;]<\/p>","protected":false},"featured_media":4695,"comment_status":"open","ping_status":"closed","template":"","meta":{"_joinchat":[]},"product_brand":[],"product_cat":[30,63],"product_tag":[46],"class_list":{"0":"post-4694","1":"product","2":"type-product","3":"status-publish","4":"has-post-thumbnail","6":"product_cat-boutique","7":"product_cat-guantes","8":"product_tag-ultimas-unidades","10":"first","11":"instock","12":"taxable","13":"shipping-taxable","14":"purchasable","15":"product-type-variable"},"yoast_head":"<!-- This site is optimized with the Yoast SEO plugin v21.3 - https:\/\/yoast.com\/wordpress\/plugins\/seo\/ -->\n<title>Guantes Rainers Verano Se\u00f1ora XENA -<\/title>\n<meta name=\"robots\" content=\"index, follow, max-snippet:-1, max-image-preview:large, max-video-preview:-1\" \/>\n<link rel=\"canonical\" href=\"https:\/\/jjchorro.com\/en_us\/product\/guantes-rainers-verano-senora-xena\/\" \/>\n<meta property=\"og:locale\" content=\"en_US\" \/>\n<meta property=\"og:type\" content=\"article\" \/>\n<meta property=\"og:title\" content=\"Guantes Rainers Verano Se\u00f1ora XENA -\" \/>\n<meta property=\"og:description\" content=\"*Confeccionado en piel flor vacuna de alta calidad y tejido el\u00e1stico. *La palma de la mano es de piel para ofrecer mejor a la resistencia a la abrasi\u00f3n. *Patronaje espec\u00edfico de mujer. *El sistema de protecci\u00f3n de nudillos incorpora un protector de TPU. *Entradas de aire para una \u00f3ptima ventilaci\u00f3n en los dedos. *Dedos precurvados [&hellip;]\" \/>\n<meta property=\"og:url\" content=\"https:\/\/jjchorro.com\/en_us\/product\/guantes-rainers-verano-senora-xena\/\" \/>\n<meta property=\"article:modified_time\" content=\"2025-11-17T18:07:45+00:00\" \/>\n<meta property=\"og:image\" content=\"http:\/\/jjchorro.com\/wp-content\/uploads\/2025\/07\/GUANTES-RAINER-SENORA.jpg\" \/>\n\t<meta property=\"og:image:width\" content=\"1500\" \/>\n\t<meta property=\"og:image:height\" content=\"1500\" \/>\n\t<meta property=\"og:image:type\" content=\"image\/jpeg\" \/>\n<meta name=\"twitter:card\" content=\"summary_large_image\" \/>\n<meta name=\"twitter:label1\" content=\"Est. reading time\" \/>\n\t<meta name=\"twitter:data1\" content=\"1 minute\" \/>\n<script type=\"application\/ld+json\" class=\"yoast-schema-graph\">{\"@context\":\"https:\/\/schema.org\",\"@graph\":[{\"@type\":\"WebPage\",\"@id\":\"https:\/\/jjchorro.com\/producto\/guantes-rainers-verano-senora-xena\/\",\"url\":\"https:\/\/jjchorro.com\/producto\/guantes-rainers-verano-senora-xena\/\",\"name\":\"Guantes Rainers Verano Se\u00f1ora XENA -\",\"isPartOf\":{\"@id\":\"https:\/\/jjchorro.com\/#website\"},\"datePublished\":\"2025-07-16T15:45:43+00:00\",\"dateModified\":\"2025-11-17T18:07:45+00:00\",\"breadcrumb\":{\"@id\":\"https:\/\/jjchorro.com\/producto\/guantes-rainers-verano-senora-xena\/#breadcrumb\"},\"inLanguage\":\"en-US\",\"potentialAction\":[{\"@type\":\"ReadAction\",\"target\":[\"https:\/\/jjchorro.com\/producto\/guantes-rainers-verano-senora-xena\/\"]}]},{\"@type\":\"BreadcrumbList\",\"@id\":\"https:\/\/jjchorro.com\/producto\/guantes-rainers-verano-senora-xena\/#breadcrumb\",\"itemListElement\":[{\"@type\":\"ListItem\",\"position\":1,\"name\":\"Portada\",\"item\":\"https:\/\/jjchorro.com\/\"},{\"@type\":\"ListItem\",\"position\":2,\"name\":\"Productos\",\"item\":\"https:\/\/jjchorro.com\/tienda\/\"},{\"@type\":\"ListItem\",\"position\":3,\"name\":\"Guantes Rainers Verano Se\u00f1ora XENA\"}]},{\"@type\":\"WebSite\",\"@id\":\"https:\/\/jjchorro.com\/#website\",\"url\":\"https:\/\/jjchorro.com\/\",\"name\":\"\",\"description\":\"\",\"potentialAction\":[{\"@type\":\"SearchAction\",\"target\":{\"@type\":\"EntryPoint\",\"urlTemplate\":\"https:\/\/jjchorro.com\/?s={search_term_string}\"},\"query-input\":\"required name=search_term_string\"}],\"inLanguage\":\"en-US\"}]}<\/script>\n<!-- \/ Yoast SEO plugin. -->","yoast_head_json":{"title":"Guantes Rainers Verano Se\u00f1ora XENA -","robots":{"index":"index","follow":"follow","max-snippet":"max-snippet:-1","max-image-preview":"max-image-preview:large","max-video-preview":"max-video-preview:-1"},"canonical":"https:\/\/jjchorro.com\/en_us\/product\/guantes-rainers-verano-senora-xena\/","og_locale":"en_US","og_type":"article","og_title":"Guantes Rainers Verano Se\u00f1ora XENA -","og_description":"*Confeccionado en piel flor vacuna de alta calidad y tejido el\u00e1stico. *La palma de la mano es de piel para ofrecer mejor a la resistencia a la abrasi\u00f3n. *Patronaje espec\u00edfico de mujer. *El sistema de protecci\u00f3n de nudillos incorpora un protector de TPU. *Entradas de aire para una \u00f3ptima ventilaci\u00f3n en los dedos. *Dedos precurvados [&hellip;]","og_url":"https:\/\/jjchorro.com\/en_us\/product\/guantes-rainers-verano-senora-xena\/","article_modified_time":"2025-11-17T18:07:45+00:00","og_image":[{"width":1500,"height":1500,"url":"http:\/\/jjchorro.com\/wp-content\/uploads\/2025\/07\/GUANTES-RAINER-SENORA.jpg","type":"image\/jpeg"}],"twitter_card":"summary_large_image","twitter_misc":{"Est. reading time":"1 minute"},"schema":{"@context":"https:\/\/schema.org","@graph":[{"@type":"WebPage","@id":"https:\/\/jjchorro.com\/producto\/guantes-rainers-verano-senora-xena\/","url":"https:\/\/jjchorro.com\/producto\/guantes-rainers-verano-senora-xena\/","name":"Guantes Rainers Verano Se\u00f1ora XENA -","isPartOf":{"@id":"https:\/\/jjchorro.com\/#website"},"datePublished":"2025-07-16T15:45:43+00:00","dateModified":"2025-11-17T18:07:45+00:00","breadcrumb":{"@id":"https:\/\/jjchorro.com\/producto\/guantes-rainers-verano-senora-xena\/#breadcrumb"},"inLanguage":"en-US","potentialAction":[{"@type":"ReadAction","target":["https:\/\/jjchorro.com\/producto\/guantes-rainers-verano-senora-xena\/"]}]},{"@type":"BreadcrumbList","@id":"https:\/\/jjchorro.com\/producto\/guantes-rainers-verano-senora-xena\/#breadcrumb","itemListElement":[{"@type":"ListItem","position":1,"name":"Portada","item":"https:\/\/jjchorro.com\/"},{"@type":"ListItem","position":2,"name":"Productos","item":"https:\/\/jjchorro.com\/tienda\/"},{"@type":"ListItem","position":3,"name":"Guantes Rainers Verano Se\u00f1ora XENA"}]},{"@type":"WebSite","@id":"https:\/\/jjchorro.com\/#website","url":"https:\/\/jjchorro.com\/","name":"","description":"","potentialAction":[{"@type":"SearchAction","target":{"@type":"EntryPoint","urlTemplate":"https:\/\/jjchorro.com\/?s={search_term_string}"},"query-input":"required name=search_term_string"}],"inLanguage":"en-US"}]}},"_links":{"self":[{"href":"https:\/\/jjchorro.com\/en_us\/wp-json\/wp\/v2\/product\/4694","targetHints":{"allow":["GET"]}}],"collection":[{"href":"https:\/\/jjchorro.com\/en_us\/wp-json\/wp\/v2\/product"}],"about":[{"href":"https:\/\/jjchorro.com\/en_us\/wp-json\/wp\/v2\/types\/product"}],"replies":[{"embeddable":true,"href":"https:\/\/jjchorro.com\/en_us\/wp-json\/wp\/v2\/comments?post=4694"}],"wp:featuredmedia":[{"embeddable":true,"href":"https:\/\/jjchorro.com\/en_us\/wp-json\/wp\/v2\/media\/4695"}],"wp:attachment":[{"href":"https:\/\/jjchorro.com\/en_us\/wp-json\/wp\/v2\/media?parent=4694"}],"wp:term":[{"taxonomy":"product_brand","embeddable":true,"href":"https:\/\/jjchorro.com\/en_us\/wp-json\/wp\/v2\/product_brand?post=4694"},{"taxonomy":"product_cat","embeddable":true,"href":"https:\/\/jjchorro.com\/en_us\/wp-json\/wp\/v2\/product_cat?post=4694"},{"taxonomy":"product_tag","embeddable":true,"href":"https:\/\/jjchorro.com\/en_us\/wp-json\/wp\/v2\/product_tag?post=4694"}],"curies":[{"name":"wp","href":"https:\/\/api.w.org\/{rel}","templated":true}]}}