{"id":4686,"date":"2025-07-16T17:31:01","date_gmt":"2025-07-16T15:31:01","guid":{"rendered":"https:\/\/jjchorro.com\/?post_type=product&#038;p=4686"},"modified":"2025-07-16T17:32:01","modified_gmt":"2025-07-16T15:32:01","slug":"guantes-seventy-degrees-sd-c42-asphalt-senora-gris-o-negro","status":"publish","type":"product","link":"https:\/\/jjchorro.com\/en_us\/product\/guantes-seventy-degrees-sd-c42-asphalt-senora-gris-o-negro\/","title":{"rendered":"Guantes Seventy Degrees SD-C42 Asphalt Se\u00f1ora Gris o Negro"},"content":{"rendered":"<section class=\"product-info container-fluid\">\n<div class=\"row\">\n<div class=\"col-12 col-md-8 info-column position-relative\">\n<div class=\"info-containers\">\n<div class=\"info-container JSProductDetailTab_content JSProductDetailTab_descriptionContent\">\n<p>Guantes de moto de verano SD-C42 con corte corto y dise\u00f1o urbano.<\/p>\n<p><strong>Caracter\u00edsticas y especificaciones :<\/strong><\/p>\n<ul>\n<li>Material el\u00e1stico transpirable y\u00a0<a class=\"dictionaryLink\" href=\"https:\/\/www.motozem.es\/lycra\/\" target=\"_blank\" rel=\"noopener\">Lycra<\/a>\u00a0entre los dedos para mayor flexibilidad.<\/li>\n<li>Elementos reflectantes<\/li>\n<li>Corte pro-curvo<\/li>\n<li>Cierre de velcro en la mu\u00f1eca<\/li>\n<li>Pantalla t\u00e1c til en el dedo \u00edndice para uso t\u00e1ctil<\/li>\n<li>Protectores de nudillos<\/li>\n<li><a class=\"dictionaryLink\" href=\"https:\/\/www.motozem.es\/malla\/\" target=\"_blank\" rel=\"noopener\">Malla<\/a>\u00a0interior fina<\/li>\n<li>Elementos de silicona para un mejor agarre<\/li>\n<\/ul>\n<\/div>\n<\/div>\n<\/div>\n<div class=\"col-12 col-md-4 parameters\">\n<div class=\"parameters-container\">\n<ul>\n<li class=\"d-flex align-items-center\">\n<div class=\"img\"><img loading=\"lazy\" decoding=\"async\" src=\"https:\/\/img.motozem.es\/files\/photo_parameter_value\/4\/0\/113.webp\" alt=\"Elementos reflectantes\" width=\"30\" height=\"30\" \/><\/div>\n<p><a href=\"https:\/\/www.motozem.es\/3m-scotchlite-1\/\" target=\"_blank\" rel=\"noopener\">Elementos reflectantes<\/a><\/li>\n<li class=\"d-flex align-items-center\">\n<div class=\"img\"><img loading=\"lazy\" decoding=\"async\" src=\"https:\/\/img.motozem.es\/files\/photo_parameter_value\/4\/0\/114.webp\" alt=\"Protectores\" width=\"30\" height=\"30\" \/><\/div>\n<p>Protectores<\/li>\n<li class=\"d-flex align-items-center\">\n<div class=\"img\"><img loading=\"lazy\" decoding=\"async\" src=\"https:\/\/img.motozem.es\/files\/photo_parameter_value\/4\/0\/119.webp\" alt=\"Pantalla t\u00e1ctil\" width=\"30\" height=\"30\" \/><\/div>\n<p><a href=\"https:\/\/www.motozem.es\/pantalla-tactil\/\" target=\"_blank\" rel=\"noopener\">Pantalla t\u00e1ctil<\/a><\/li>\n<\/ul>\n<\/div>\n<\/div>\n<\/div>\n<\/section>","protected":false},"excerpt":{"rendered":"<p>Guantes de moto de verano SD-C42 con corte corto y dise\u00f1o urbano. Caracter\u00edsticas y especificaciones : Material el\u00e1stico transpirable y\u00a0Lycra\u00a0entre los dedos para mayor flexibilidad. Elementos reflectantes Corte pro-curvo Cierre de velcro en la mu\u00f1eca Pantalla t\u00e1c til en el dedo \u00edndice para uso t\u00e1ctil Protectores de nudillos Malla\u00a0interior fina Elementos de silicona para un [&hellip;]<\/p>","protected":false},"featured_media":4687,"comment_status":"open","ping_status":"closed","template":"","meta":{"_joinchat":[]},"product_brand":[],"product_cat":[30,63],"product_tag":[62],"class_list":{"0":"post-4686","1":"product","2":"type-product","3":"status-publish","4":"has-post-thumbnail","6":"product_cat-boutique","7":"product_cat-guantes","8":"product_tag-disponibilidad-en-stock","10":"first","11":"instock","12":"taxable","13":"shipping-taxable","14":"purchasable","15":"product-type-variable"},"yoast_head":"<!-- This site is optimized with the Yoast SEO plugin v21.3 - https:\/\/yoast.com\/wordpress\/plugins\/seo\/ -->\n<title>Guantes Seventy Degrees SD-C42 Asphalt Se\u00f1ora Gris o Negro -<\/title>\n<meta name=\"robots\" content=\"index, follow, max-snippet:-1, max-image-preview:large, max-video-preview:-1\" \/>\n<link rel=\"canonical\" href=\"https:\/\/jjchorro.com\/en_us\/product\/guantes-seventy-degrees-sd-c42-asphalt-senora-gris-o-negro\/\" \/>\n<meta property=\"og:locale\" content=\"en_US\" \/>\n<meta property=\"og:type\" content=\"article\" \/>\n<meta property=\"og:title\" content=\"Guantes Seventy Degrees SD-C42 Asphalt Se\u00f1ora Gris o Negro -\" \/>\n<meta property=\"og:description\" content=\"Guantes de moto de verano SD-C42 con corte corto y dise\u00f1o urbano. Caracter\u00edsticas y especificaciones : Material el\u00e1stico transpirable y\u00a0Lycra\u00a0entre los dedos para mayor flexibilidad. Elementos reflectantes Corte pro-curvo Cierre de velcro en la mu\u00f1eca Pantalla t\u00e1c til en el dedo \u00edndice para uso t\u00e1ctil Protectores de nudillos Malla\u00a0interior fina Elementos de silicona para un [&hellip;]\" \/>\n<meta property=\"og:url\" content=\"https:\/\/jjchorro.com\/en_us\/product\/guantes-seventy-degrees-sd-c42-asphalt-senora-gris-o-negro\/\" \/>\n<meta property=\"article:modified_time\" content=\"2025-07-16T15:32:01+00:00\" \/>\n<meta property=\"og:image\" content=\"http:\/\/jjchorro.com\/wp-content\/uploads\/2025\/07\/guantes-5-GRIS.webp\" \/>\n\t<meta property=\"og:image:width\" content=\"800\" \/>\n\t<meta property=\"og:image:height\" content=\"800\" \/>\n\t<meta property=\"og:image:type\" content=\"image\/webp\" \/>\n<meta name=\"twitter:card\" content=\"summary_large_image\" \/>\n<meta name=\"twitter:label1\" content=\"Est. reading time\" \/>\n\t<meta name=\"twitter:data1\" content=\"1 minute\" \/>\n<script type=\"application\/ld+json\" class=\"yoast-schema-graph\">{\"@context\":\"https:\/\/schema.org\",\"@graph\":[{\"@type\":\"WebPage\",\"@id\":\"https:\/\/jjchorro.com\/producto\/guantes-seventy-degrees-sd-c42-asphalt-senora-gris-o-negro\/\",\"url\":\"https:\/\/jjchorro.com\/producto\/guantes-seventy-degrees-sd-c42-asphalt-senora-gris-o-negro\/\",\"name\":\"Guantes Seventy Degrees SD-C42 Asphalt Se\u00f1ora Gris o Negro -\",\"isPartOf\":{\"@id\":\"https:\/\/jjchorro.com\/#website\"},\"datePublished\":\"2025-07-16T15:31:01+00:00\",\"dateModified\":\"2025-07-16T15:32:01+00:00\",\"breadcrumb\":{\"@id\":\"https:\/\/jjchorro.com\/producto\/guantes-seventy-degrees-sd-c42-asphalt-senora-gris-o-negro\/#breadcrumb\"},\"inLanguage\":\"en-US\",\"potentialAction\":[{\"@type\":\"ReadAction\",\"target\":[\"https:\/\/jjchorro.com\/producto\/guantes-seventy-degrees-sd-c42-asphalt-senora-gris-o-negro\/\"]}]},{\"@type\":\"BreadcrumbList\",\"@id\":\"https:\/\/jjchorro.com\/producto\/guantes-seventy-degrees-sd-c42-asphalt-senora-gris-o-negro\/#breadcrumb\",\"itemListElement\":[{\"@type\":\"ListItem\",\"position\":1,\"name\":\"Portada\",\"item\":\"https:\/\/jjchorro.com\/\"},{\"@type\":\"ListItem\",\"position\":2,\"name\":\"Productos\",\"item\":\"https:\/\/jjchorro.com\/tienda\/\"},{\"@type\":\"ListItem\",\"position\":3,\"name\":\"Guantes Seventy Degrees SD-C42 Asphalt Se\u00f1ora Gris o Negro\"}]},{\"@type\":\"WebSite\",\"@id\":\"https:\/\/jjchorro.com\/#website\",\"url\":\"https:\/\/jjchorro.com\/\",\"name\":\"\",\"description\":\"\",\"potentialAction\":[{\"@type\":\"SearchAction\",\"target\":{\"@type\":\"EntryPoint\",\"urlTemplate\":\"https:\/\/jjchorro.com\/?s={search_term_string}\"},\"query-input\":\"required name=search_term_string\"}],\"inLanguage\":\"en-US\"}]}<\/script>\n<!-- \/ Yoast SEO plugin. -->","yoast_head_json":{"title":"Guantes Seventy Degrees SD-C42 Asphalt Se\u00f1ora Gris o Negro -","robots":{"index":"index","follow":"follow","max-snippet":"max-snippet:-1","max-image-preview":"max-image-preview:large","max-video-preview":"max-video-preview:-1"},"canonical":"https:\/\/jjchorro.com\/en_us\/product\/guantes-seventy-degrees-sd-c42-asphalt-senora-gris-o-negro\/","og_locale":"en_US","og_type":"article","og_title":"Guantes Seventy Degrees SD-C42 Asphalt Se\u00f1ora Gris o Negro -","og_description":"Guantes de moto de verano SD-C42 con corte corto y dise\u00f1o urbano. Caracter\u00edsticas y especificaciones : Material el\u00e1stico transpirable y\u00a0Lycra\u00a0entre los dedos para mayor flexibilidad. Elementos reflectantes Corte pro-curvo Cierre de velcro en la mu\u00f1eca Pantalla t\u00e1c til en el dedo \u00edndice para uso t\u00e1ctil Protectores de nudillos Malla\u00a0interior fina Elementos de silicona para un [&hellip;]","og_url":"https:\/\/jjchorro.com\/en_us\/product\/guantes-seventy-degrees-sd-c42-asphalt-senora-gris-o-negro\/","article_modified_time":"2025-07-16T15:32:01+00:00","og_image":[{"width":800,"height":800,"url":"http:\/\/jjchorro.com\/wp-content\/uploads\/2025\/07\/guantes-5-GRIS.webp","type":"image\/webp"}],"twitter_card":"summary_large_image","twitter_misc":{"Est. reading time":"1 minute"},"schema":{"@context":"https:\/\/schema.org","@graph":[{"@type":"WebPage","@id":"https:\/\/jjchorro.com\/producto\/guantes-seventy-degrees-sd-c42-asphalt-senora-gris-o-negro\/","url":"https:\/\/jjchorro.com\/producto\/guantes-seventy-degrees-sd-c42-asphalt-senora-gris-o-negro\/","name":"Guantes Seventy Degrees SD-C42 Asphalt Se\u00f1ora Gris o Negro -","isPartOf":{"@id":"https:\/\/jjchorro.com\/#website"},"datePublished":"2025-07-16T15:31:01+00:00","dateModified":"2025-07-16T15:32:01+00:00","breadcrumb":{"@id":"https:\/\/jjchorro.com\/producto\/guantes-seventy-degrees-sd-c42-asphalt-senora-gris-o-negro\/#breadcrumb"},"inLanguage":"en-US","potentialAction":[{"@type":"ReadAction","target":["https:\/\/jjchorro.com\/producto\/guantes-seventy-degrees-sd-c42-asphalt-senora-gris-o-negro\/"]}]},{"@type":"BreadcrumbList","@id":"https:\/\/jjchorro.com\/producto\/guantes-seventy-degrees-sd-c42-asphalt-senora-gris-o-negro\/#breadcrumb","itemListElement":[{"@type":"ListItem","position":1,"name":"Portada","item":"https:\/\/jjchorro.com\/"},{"@type":"ListItem","position":2,"name":"Productos","item":"https:\/\/jjchorro.com\/tienda\/"},{"@type":"ListItem","position":3,"name":"Guantes Seventy Degrees SD-C42 Asphalt Se\u00f1ora Gris o Negro"}]},{"@type":"WebSite","@id":"https:\/\/jjchorro.com\/#website","url":"https:\/\/jjchorro.com\/","name":"","description":"","potentialAction":[{"@type":"SearchAction","target":{"@type":"EntryPoint","urlTemplate":"https:\/\/jjchorro.com\/?s={search_term_string}"},"query-input":"required name=search_term_string"}],"inLanguage":"en-US"}]}},"_links":{"self":[{"href":"https:\/\/jjchorro.com\/en_us\/wp-json\/wp\/v2\/product\/4686","targetHints":{"allow":["GET"]}}],"collection":[{"href":"https:\/\/jjchorro.com\/en_us\/wp-json\/wp\/v2\/product"}],"about":[{"href":"https:\/\/jjchorro.com\/en_us\/wp-json\/wp\/v2\/types\/product"}],"replies":[{"embeddable":true,"href":"https:\/\/jjchorro.com\/en_us\/wp-json\/wp\/v2\/comments?post=4686"}],"wp:featuredmedia":[{"embeddable":true,"href":"https:\/\/jjchorro.com\/en_us\/wp-json\/wp\/v2\/media\/4687"}],"wp:attachment":[{"href":"https:\/\/jjchorro.com\/en_us\/wp-json\/wp\/v2\/media?parent=4686"}],"wp:term":[{"taxonomy":"product_brand","embeddable":true,"href":"https:\/\/jjchorro.com\/en_us\/wp-json\/wp\/v2\/product_brand?post=4686"},{"taxonomy":"product_cat","embeddable":true,"href":"https:\/\/jjchorro.com\/en_us\/wp-json\/wp\/v2\/product_cat?post=4686"},{"taxonomy":"product_tag","embeddable":true,"href":"https:\/\/jjchorro.com\/en_us\/wp-json\/wp\/v2\/product_tag?post=4686"}],"curies":[{"name":"wp","href":"https:\/\/api.w.org\/{rel}","templated":true}]}}