{"id":4660,"date":"2025-07-16T13:11:06","date_gmt":"2025-07-16T11:11:06","guid":{"rendered":"https:\/\/jjchorro.com\/?post_type=product&#038;p=4660"},"modified":"2025-07-16T13:28:35","modified_gmt":"2025-07-16T11:28:35","slug":"seventy-sd-c40-asphalt-hombre-negro-gris","status":"publish","type":"product","link":"https:\/\/jjchorro.com\/en_us\/product\/seventy-sd-c40-asphalt-hombre-negro-gris\/","title":{"rendered":"Guantes Seventy SD-C40 Asphalt hombre Negro\/Gris y Azul Marino"},"content":{"rendered":"<ul>\n<li>\n<h5><strong>Tejido el\u00e1stico transpirable<\/strong>, ofreciendo una sensaci\u00f3n ligera y c\u00f3moda.<\/h5>\n<\/li>\n<li>\n<h5><strong>Palma interior de poli\u00e9ster laminado<\/strong>, proporcionando durabilidad y un tacto suave.<\/h5>\n<\/li>\n<li>\n<h5><strong>Dise\u00f1o urbano y flexible<\/strong>, ideal para desplazamientos diarios en la ciudad.<\/h5>\n<\/li>\n<\/ul>\n<ul>\n<li>\n<h5><strong>Protector flexible de nudillos<\/strong>, asegurando resistencia a impactos sin comprometer la comodidad.<\/h5>\n<\/li>\n<li>\n<h5><strong>Inserciones de silicona en la palma<\/strong>, mejorando el agarre y el control de la moto.<\/h5>\n<\/li>\n<li>\n<h5><strong>Cierre de mu\u00f1eca con neopreno y velcro<\/strong>, proporcionando un ajuste seguro y personalizado.<\/h5>\n<\/li>\n<\/ul>\n<ul>\n<li>\n<h5><strong>Lycra entre los dedos<\/strong>, garantizando mayor flexibilidad y transpirabilidad.<\/h5>\n<\/li>\n<li>\n<h5><strong>Tejido perforado en la parte superior de la mano<\/strong>, mejorando la ventilaci\u00f3n para climas c\u00e1lidos.<\/h5>\n<\/li>\n<li>\n<h5><strong>Compatibilidad con pantallas t\u00e1ctiles<\/strong>, gracias a su\u00a0<strong>material AX en el dedo \u00edndice<\/strong>, permitiendo el uso de dispositivos sin quitarse los guantes.<\/h5>\n<\/li>\n<li>\n<h5><strong>Ajuste el\u00e1stico con costuras pro-curve<\/strong>, optimizando la movilidad y la adaptaci\u00f3n a la mano.<\/h5>\n<\/li>\n<li>\n<h5><strong>Ligereza y transpirabilidad<\/strong>\u00a0para mayor comodidad en climas c\u00e1lidos.<\/h5>\n<\/li>\n<li>\n<h5><strong>Protecci\u00f3n estrat\u00e9gica<\/strong>, con refuerzos en nudillos y palma.<\/h5>\n<\/li>\n<li>\n<h5><strong>Agarre mejorado<\/strong>, gracias a sus inserciones de silicona.<\/h5>\n<\/li>\n<li>\n<h5><strong>Compatibilidad con pantallas t\u00e1ctiles<\/strong>, ideal para acceder al m\u00f3vil sin quit\u00e1rtelos.<\/h5>\n<\/li>\n<li>\n<h5><strong>Cierre seguro y c\u00f3modo<\/strong>, con sistema de neopreno y velcro.<\/h5>\n<\/li>\n<li>\n<h5><span style=\"color: #000000;\">Maxima transpiracion y flexibilidad para el motociclismo Urbano.<\/span><\/h5>\n<\/li>\n<\/ul>","protected":false},"excerpt":{"rendered":"<p>Tejido el\u00e1stico transpirable, ofreciendo una sensaci\u00f3n ligera y c\u00f3moda. Palma interior de poli\u00e9ster laminado, proporcionando durabilidad y un tacto suave. Dise\u00f1o urbano y flexible, ideal para desplazamientos diarios en la ciudad. Protector flexible de nudillos, asegurando resistencia a impactos sin comprometer la comodidad. Inserciones de silicona en la palma, mejorando el agarre y el control [&hellip;]<\/p>","protected":false},"featured_media":4661,"comment_status":"open","ping_status":"closed","template":"","meta":{"_joinchat":[]},"product_brand":[],"product_cat":[30,63],"product_tag":[62],"class_list":{"0":"post-4660","1":"product","2":"type-product","3":"status-publish","4":"has-post-thumbnail","6":"product_cat-boutique","7":"product_cat-guantes","8":"product_tag-disponibilidad-en-stock","10":"first","11":"instock","12":"taxable","13":"shipping-taxable","14":"purchasable","15":"product-type-variable"},"yoast_head":"<!-- This site is optimized with the Yoast SEO plugin v21.3 - https:\/\/yoast.com\/wordpress\/plugins\/seo\/ -->\n<title>Guantes Seventy SD-C40 Asphalt hombre Negro\/Gris y Azul Marino -<\/title>\n<meta name=\"robots\" content=\"index, follow, max-snippet:-1, max-image-preview:large, max-video-preview:-1\" \/>\n<link rel=\"canonical\" href=\"https:\/\/jjchorro.com\/en_us\/product\/seventy-sd-c40-asphalt-hombre-negro-gris\/\" \/>\n<meta property=\"og:locale\" content=\"en_US\" \/>\n<meta property=\"og:type\" content=\"article\" \/>\n<meta property=\"og:title\" content=\"Guantes Seventy SD-C40 Asphalt hombre Negro\/Gris y Azul Marino -\" \/>\n<meta property=\"og:description\" content=\"Tejido el\u00e1stico transpirable, ofreciendo una sensaci\u00f3n ligera y c\u00f3moda. Palma interior de poli\u00e9ster laminado, proporcionando durabilidad y un tacto suave. Dise\u00f1o urbano y flexible, ideal para desplazamientos diarios en la ciudad. Protector flexible de nudillos, asegurando resistencia a impactos sin comprometer la comodidad. Inserciones de silicona en la palma, mejorando el agarre y el control [&hellip;]\" \/>\n<meta property=\"og:url\" content=\"https:\/\/jjchorro.com\/en_us\/product\/seventy-sd-c40-asphalt-hombre-negro-gris\/\" \/>\n<meta property=\"article:modified_time\" content=\"2025-07-16T11:28:35+00:00\" \/>\n<meta property=\"og:image\" content=\"http:\/\/jjchorro.com\/wp-content\/uploads\/2025\/07\/GUANTES-SEVENTY.png\" \/>\n\t<meta property=\"og:image:width\" content=\"800\" \/>\n\t<meta property=\"og:image:height\" content=\"800\" \/>\n\t<meta property=\"og:image:type\" content=\"image\/png\" \/>\n<meta name=\"twitter:card\" content=\"summary_large_image\" \/>\n<meta name=\"twitter:label1\" content=\"Est. reading time\" \/>\n\t<meta name=\"twitter:data1\" content=\"1 minute\" \/>\n<script type=\"application\/ld+json\" class=\"yoast-schema-graph\">{\"@context\":\"https:\/\/schema.org\",\"@graph\":[{\"@type\":\"WebPage\",\"@id\":\"https:\/\/jjchorro.com\/producto\/seventy-sd-c40-asphalt-hombre-negro-gris\/\",\"url\":\"https:\/\/jjchorro.com\/producto\/seventy-sd-c40-asphalt-hombre-negro-gris\/\",\"name\":\"Guantes Seventy SD-C40 Asphalt hombre Negro\/Gris y Azul Marino -\",\"isPartOf\":{\"@id\":\"https:\/\/jjchorro.com\/#website\"},\"datePublished\":\"2025-07-16T11:11:06+00:00\",\"dateModified\":\"2025-07-16T11:28:35+00:00\",\"breadcrumb\":{\"@id\":\"https:\/\/jjchorro.com\/producto\/seventy-sd-c40-asphalt-hombre-negro-gris\/#breadcrumb\"},\"inLanguage\":\"en-US\",\"potentialAction\":[{\"@type\":\"ReadAction\",\"target\":[\"https:\/\/jjchorro.com\/producto\/seventy-sd-c40-asphalt-hombre-negro-gris\/\"]}]},{\"@type\":\"BreadcrumbList\",\"@id\":\"https:\/\/jjchorro.com\/producto\/seventy-sd-c40-asphalt-hombre-negro-gris\/#breadcrumb\",\"itemListElement\":[{\"@type\":\"ListItem\",\"position\":1,\"name\":\"Portada\",\"item\":\"https:\/\/jjchorro.com\/\"},{\"@type\":\"ListItem\",\"position\":2,\"name\":\"Productos\",\"item\":\"https:\/\/jjchorro.com\/tienda\/\"},{\"@type\":\"ListItem\",\"position\":3,\"name\":\"Guantes Seventy SD-C40 Asphalt hombre Negro\/Gris y Azul Marino\"}]},{\"@type\":\"WebSite\",\"@id\":\"https:\/\/jjchorro.com\/#website\",\"url\":\"https:\/\/jjchorro.com\/\",\"name\":\"\",\"description\":\"\",\"potentialAction\":[{\"@type\":\"SearchAction\",\"target\":{\"@type\":\"EntryPoint\",\"urlTemplate\":\"https:\/\/jjchorro.com\/?s={search_term_string}\"},\"query-input\":\"required name=search_term_string\"}],\"inLanguage\":\"en-US\"}]}<\/script>\n<!-- \/ Yoast SEO plugin. -->","yoast_head_json":{"title":"Guantes Seventy SD-C40 Asphalt hombre Negro\/Gris y Azul Marino -","robots":{"index":"index","follow":"follow","max-snippet":"max-snippet:-1","max-image-preview":"max-image-preview:large","max-video-preview":"max-video-preview:-1"},"canonical":"https:\/\/jjchorro.com\/en_us\/product\/seventy-sd-c40-asphalt-hombre-negro-gris\/","og_locale":"en_US","og_type":"article","og_title":"Guantes Seventy SD-C40 Asphalt hombre Negro\/Gris y Azul Marino -","og_description":"Tejido el\u00e1stico transpirable, ofreciendo una sensaci\u00f3n ligera y c\u00f3moda. Palma interior de poli\u00e9ster laminado, proporcionando durabilidad y un tacto suave. Dise\u00f1o urbano y flexible, ideal para desplazamientos diarios en la ciudad. Protector flexible de nudillos, asegurando resistencia a impactos sin comprometer la comodidad. Inserciones de silicona en la palma, mejorando el agarre y el control [&hellip;]","og_url":"https:\/\/jjchorro.com\/en_us\/product\/seventy-sd-c40-asphalt-hombre-negro-gris\/","article_modified_time":"2025-07-16T11:28:35+00:00","og_image":[{"width":800,"height":800,"url":"http:\/\/jjchorro.com\/wp-content\/uploads\/2025\/07\/GUANTES-SEVENTY.png","type":"image\/png"}],"twitter_card":"summary_large_image","twitter_misc":{"Est. reading time":"1 minute"},"schema":{"@context":"https:\/\/schema.org","@graph":[{"@type":"WebPage","@id":"https:\/\/jjchorro.com\/producto\/seventy-sd-c40-asphalt-hombre-negro-gris\/","url":"https:\/\/jjchorro.com\/producto\/seventy-sd-c40-asphalt-hombre-negro-gris\/","name":"Guantes Seventy SD-C40 Asphalt hombre Negro\/Gris y Azul Marino -","isPartOf":{"@id":"https:\/\/jjchorro.com\/#website"},"datePublished":"2025-07-16T11:11:06+00:00","dateModified":"2025-07-16T11:28:35+00:00","breadcrumb":{"@id":"https:\/\/jjchorro.com\/producto\/seventy-sd-c40-asphalt-hombre-negro-gris\/#breadcrumb"},"inLanguage":"en-US","potentialAction":[{"@type":"ReadAction","target":["https:\/\/jjchorro.com\/producto\/seventy-sd-c40-asphalt-hombre-negro-gris\/"]}]},{"@type":"BreadcrumbList","@id":"https:\/\/jjchorro.com\/producto\/seventy-sd-c40-asphalt-hombre-negro-gris\/#breadcrumb","itemListElement":[{"@type":"ListItem","position":1,"name":"Portada","item":"https:\/\/jjchorro.com\/"},{"@type":"ListItem","position":2,"name":"Productos","item":"https:\/\/jjchorro.com\/tienda\/"},{"@type":"ListItem","position":3,"name":"Guantes Seventy SD-C40 Asphalt hombre Negro\/Gris y Azul Marino"}]},{"@type":"WebSite","@id":"https:\/\/jjchorro.com\/#website","url":"https:\/\/jjchorro.com\/","name":"","description":"","potentialAction":[{"@type":"SearchAction","target":{"@type":"EntryPoint","urlTemplate":"https:\/\/jjchorro.com\/?s={search_term_string}"},"query-input":"required name=search_term_string"}],"inLanguage":"en-US"}]}},"_links":{"self":[{"href":"https:\/\/jjchorro.com\/en_us\/wp-json\/wp\/v2\/product\/4660","targetHints":{"allow":["GET"]}}],"collection":[{"href":"https:\/\/jjchorro.com\/en_us\/wp-json\/wp\/v2\/product"}],"about":[{"href":"https:\/\/jjchorro.com\/en_us\/wp-json\/wp\/v2\/types\/product"}],"replies":[{"embeddable":true,"href":"https:\/\/jjchorro.com\/en_us\/wp-json\/wp\/v2\/comments?post=4660"}],"wp:featuredmedia":[{"embeddable":true,"href":"https:\/\/jjchorro.com\/en_us\/wp-json\/wp\/v2\/media\/4661"}],"wp:attachment":[{"href":"https:\/\/jjchorro.com\/en_us\/wp-json\/wp\/v2\/media?parent=4660"}],"wp:term":[{"taxonomy":"product_brand","embeddable":true,"href":"https:\/\/jjchorro.com\/en_us\/wp-json\/wp\/v2\/product_brand?post=4660"},{"taxonomy":"product_cat","embeddable":true,"href":"https:\/\/jjchorro.com\/en_us\/wp-json\/wp\/v2\/product_cat?post=4660"},{"taxonomy":"product_tag","embeddable":true,"href":"https:\/\/jjchorro.com\/en_us\/wp-json\/wp\/v2\/product_tag?post=4660"}],"curies":[{"name":"wp","href":"https:\/\/api.w.org\/{rel}","templated":true}]}}