{"id":4347,"date":"2024-05-22T19:04:06","date_gmt":"2024-05-22T17:04:06","guid":{"rendered":"https:\/\/jjchorro.com\/?post_type=product&#038;p=4347"},"modified":"2025-07-14T18:21:22","modified_gmt":"2025-07-14T16:21:22","slug":"guantes-rainers-alfan-verano-piel-negro","status":"publish","type":"product","link":"https:\/\/jjchorro.com\/en_us\/product\/guantes-rainers-alfan-verano-piel-negro\/","title":{"rendered":"GUANTES RAINERS ALFAN VERANO PIEL NEGRO"},"content":{"rendered":"<p>Guante touring de verano, fabricado en piel y piel perforada, con protector exterior visible, este modelo ir\u00e1 adapt\u00e1ndose a tu mano debido al tipo de piel que hemos elegido para \u00e9l y llegar\u00e1 el momento en el que no te des cuenta de que lo llevas puesto, es extremadamente c\u00f3modo, es corto y lleva una tira sobre la parte inferior de la mu\u00f1eca para que puedas ajust\u00e1rtelo a tu gusto, este es un modelo muy demandado y muy seguro, solo tienes que observar la palma de la mano con importantes refuerzos de piel y zonas acolchadas.<\/p>\n<p>Fabricado en piel perforada en la zona dorsal.<br \/>\n-Refuerzos de piel sobre la palma de la mano.<br \/>\n-Protector de TPU en nudillos con espuma interior.<br \/>\n-Protectores de TPU sobre los dedos con c\u00e1mara de aire.<br \/>\n-Flexores sobre los dedos.<br \/>\n-Tejido antideslizante sobre la palma de la mano.<br \/>\n-Tejido de poli\u00e9ster transpirable y flexible entre los dedos.<br \/>\n-Cierre de ajuste mediante velcro.<br \/>\n-T\u00e1ctil.<\/p>","protected":false},"excerpt":{"rendered":"<p>Guante touring de verano, fabricado en piel y piel perforada, con protector exterior visible, este modelo ir\u00e1 adapt\u00e1ndose a tu mano debido al tipo de piel que hemos elegido para \u00e9l y llegar\u00e1 el momento en el que no te des cuenta de que lo llevas puesto, es extremadamente c\u00f3modo, es corto y lleva una [&hellip;]<\/p>","protected":false},"featured_media":4348,"comment_status":"open","ping_status":"closed","template":"","meta":{"_joinchat":[]},"product_brand":[],"product_cat":[30,63],"product_tag":[],"class_list":{"0":"post-4347","1":"product","2":"type-product","3":"status-publish","4":"has-post-thumbnail","6":"product_cat-boutique","7":"product_cat-guantes","9":"first","10":"instock","11":"taxable","12":"shipping-taxable","13":"purchasable","14":"product-type-variable"},"yoast_head":"<!-- This site is optimized with the Yoast SEO plugin v21.3 - https:\/\/yoast.com\/wordpress\/plugins\/seo\/ -->\n<title>GUANTES RAINERS ALFAN VERANO PIEL NEGRO -<\/title>\n<meta name=\"robots\" content=\"index, follow, max-snippet:-1, max-image-preview:large, max-video-preview:-1\" \/>\n<link rel=\"canonical\" href=\"https:\/\/jjchorro.com\/en_us\/product\/guantes-rainers-alfan-verano-piel-negro\/\" \/>\n<meta property=\"og:locale\" content=\"en_US\" \/>\n<meta property=\"og:type\" content=\"article\" \/>\n<meta property=\"og:title\" content=\"GUANTES RAINERS ALFAN VERANO PIEL NEGRO -\" \/>\n<meta property=\"og:description\" content=\"Guante touring de verano, fabricado en piel y piel perforada, con protector exterior visible, este modelo ir\u00e1 adapt\u00e1ndose a tu mano debido al tipo de piel que hemos elegido para \u00e9l y llegar\u00e1 el momento en el que no te des cuenta de que lo llevas puesto, es extremadamente c\u00f3modo, es corto y lleva una [&hellip;]\" \/>\n<meta property=\"og:url\" content=\"https:\/\/jjchorro.com\/en_us\/product\/guantes-rainers-alfan-verano-piel-negro\/\" \/>\n<meta property=\"article:modified_time\" content=\"2025-07-14T16:21:22+00:00\" \/>\n<meta property=\"og:image\" content=\"http:\/\/jjchorro.com\/wp-content\/uploads\/2024\/05\/ALFANimage19.jpg\" \/>\n\t<meta property=\"og:image:width\" content=\"1500\" \/>\n\t<meta property=\"og:image:height\" content=\"1500\" \/>\n\t<meta property=\"og:image:type\" content=\"image\/jpeg\" \/>\n<meta name=\"twitter:card\" content=\"summary_large_image\" \/>\n<meta name=\"twitter:label1\" content=\"Est. reading time\" \/>\n\t<meta name=\"twitter:data1\" content=\"1 minute\" \/>\n<script type=\"application\/ld+json\" class=\"yoast-schema-graph\">{\"@context\":\"https:\/\/schema.org\",\"@graph\":[{\"@type\":\"WebPage\",\"@id\":\"https:\/\/jjchorro.com\/producto\/guantes-rainers-alfan-verano-piel-negro\/\",\"url\":\"https:\/\/jjchorro.com\/producto\/guantes-rainers-alfan-verano-piel-negro\/\",\"name\":\"GUANTES RAINERS ALFAN VERANO PIEL NEGRO -\",\"isPartOf\":{\"@id\":\"https:\/\/jjchorro.com\/#website\"},\"datePublished\":\"2024-05-22T17:04:06+00:00\",\"dateModified\":\"2025-07-14T16:21:22+00:00\",\"breadcrumb\":{\"@id\":\"https:\/\/jjchorro.com\/producto\/guantes-rainers-alfan-verano-piel-negro\/#breadcrumb\"},\"inLanguage\":\"en-US\",\"potentialAction\":[{\"@type\":\"ReadAction\",\"target\":[\"https:\/\/jjchorro.com\/producto\/guantes-rainers-alfan-verano-piel-negro\/\"]}]},{\"@type\":\"BreadcrumbList\",\"@id\":\"https:\/\/jjchorro.com\/producto\/guantes-rainers-alfan-verano-piel-negro\/#breadcrumb\",\"itemListElement\":[{\"@type\":\"ListItem\",\"position\":1,\"name\":\"Portada\",\"item\":\"https:\/\/jjchorro.com\/\"},{\"@type\":\"ListItem\",\"position\":2,\"name\":\"Productos\",\"item\":\"https:\/\/jjchorro.com\/tienda\/\"},{\"@type\":\"ListItem\",\"position\":3,\"name\":\"GUANTES RAINERS ALFAN VERANO PIEL NEGRO\"}]},{\"@type\":\"WebSite\",\"@id\":\"https:\/\/jjchorro.com\/#website\",\"url\":\"https:\/\/jjchorro.com\/\",\"name\":\"\",\"description\":\"\",\"potentialAction\":[{\"@type\":\"SearchAction\",\"target\":{\"@type\":\"EntryPoint\",\"urlTemplate\":\"https:\/\/jjchorro.com\/?s={search_term_string}\"},\"query-input\":\"required name=search_term_string\"}],\"inLanguage\":\"en-US\"}]}<\/script>\n<!-- \/ Yoast SEO plugin. -->","yoast_head_json":{"title":"GUANTES RAINERS ALFAN VERANO PIEL NEGRO -","robots":{"index":"index","follow":"follow","max-snippet":"max-snippet:-1","max-image-preview":"max-image-preview:large","max-video-preview":"max-video-preview:-1"},"canonical":"https:\/\/jjchorro.com\/en_us\/product\/guantes-rainers-alfan-verano-piel-negro\/","og_locale":"en_US","og_type":"article","og_title":"GUANTES RAINERS ALFAN VERANO PIEL NEGRO -","og_description":"Guante touring de verano, fabricado en piel y piel perforada, con protector exterior visible, este modelo ir\u00e1 adapt\u00e1ndose a tu mano debido al tipo de piel que hemos elegido para \u00e9l y llegar\u00e1 el momento en el que no te des cuenta de que lo llevas puesto, es extremadamente c\u00f3modo, es corto y lleva una [&hellip;]","og_url":"https:\/\/jjchorro.com\/en_us\/product\/guantes-rainers-alfan-verano-piel-negro\/","article_modified_time":"2025-07-14T16:21:22+00:00","og_image":[{"width":1500,"height":1500,"url":"http:\/\/jjchorro.com\/wp-content\/uploads\/2024\/05\/ALFANimage19.jpg","type":"image\/jpeg"}],"twitter_card":"summary_large_image","twitter_misc":{"Est. reading time":"1 minute"},"schema":{"@context":"https:\/\/schema.org","@graph":[{"@type":"WebPage","@id":"https:\/\/jjchorro.com\/producto\/guantes-rainers-alfan-verano-piel-negro\/","url":"https:\/\/jjchorro.com\/producto\/guantes-rainers-alfan-verano-piel-negro\/","name":"GUANTES RAINERS ALFAN VERANO PIEL NEGRO -","isPartOf":{"@id":"https:\/\/jjchorro.com\/#website"},"datePublished":"2024-05-22T17:04:06+00:00","dateModified":"2025-07-14T16:21:22+00:00","breadcrumb":{"@id":"https:\/\/jjchorro.com\/producto\/guantes-rainers-alfan-verano-piel-negro\/#breadcrumb"},"inLanguage":"en-US","potentialAction":[{"@type":"ReadAction","target":["https:\/\/jjchorro.com\/producto\/guantes-rainers-alfan-verano-piel-negro\/"]}]},{"@type":"BreadcrumbList","@id":"https:\/\/jjchorro.com\/producto\/guantes-rainers-alfan-verano-piel-negro\/#breadcrumb","itemListElement":[{"@type":"ListItem","position":1,"name":"Portada","item":"https:\/\/jjchorro.com\/"},{"@type":"ListItem","position":2,"name":"Productos","item":"https:\/\/jjchorro.com\/tienda\/"},{"@type":"ListItem","position":3,"name":"GUANTES RAINERS ALFAN VERANO PIEL NEGRO"}]},{"@type":"WebSite","@id":"https:\/\/jjchorro.com\/#website","url":"https:\/\/jjchorro.com\/","name":"","description":"","potentialAction":[{"@type":"SearchAction","target":{"@type":"EntryPoint","urlTemplate":"https:\/\/jjchorro.com\/?s={search_term_string}"},"query-input":"required name=search_term_string"}],"inLanguage":"en-US"}]}},"_links":{"self":[{"href":"https:\/\/jjchorro.com\/en_us\/wp-json\/wp\/v2\/product\/4347","targetHints":{"allow":["GET"]}}],"collection":[{"href":"https:\/\/jjchorro.com\/en_us\/wp-json\/wp\/v2\/product"}],"about":[{"href":"https:\/\/jjchorro.com\/en_us\/wp-json\/wp\/v2\/types\/product"}],"replies":[{"embeddable":true,"href":"https:\/\/jjchorro.com\/en_us\/wp-json\/wp\/v2\/comments?post=4347"}],"wp:featuredmedia":[{"embeddable":true,"href":"https:\/\/jjchorro.com\/en_us\/wp-json\/wp\/v2\/media\/4348"}],"wp:attachment":[{"href":"https:\/\/jjchorro.com\/en_us\/wp-json\/wp\/v2\/media?parent=4347"}],"wp:term":[{"taxonomy":"product_brand","embeddable":true,"href":"https:\/\/jjchorro.com\/en_us\/wp-json\/wp\/v2\/product_brand?post=4347"},{"taxonomy":"product_cat","embeddable":true,"href":"https:\/\/jjchorro.com\/en_us\/wp-json\/wp\/v2\/product_cat?post=4347"},{"taxonomy":"product_tag","embeddable":true,"href":"https:\/\/jjchorro.com\/en_us\/wp-json\/wp\/v2\/product_tag?post=4347"}],"curies":[{"name":"wp","href":"https:\/\/api.w.org\/{rel}","templated":true}]}}