{"id":4034,"date":"2023-10-31T19:58:23","date_gmt":"2023-10-31T17:58:23","guid":{"rendered":"https:\/\/jjchorro.com\/?post_type=product&#038;p=4034"},"modified":"2023-10-31T20:02:46","modified_gmt":"2023-10-31T18:02:46","slug":"maleta-lateral-terra-left-tr47l","status":"publish","type":"product","link":"https:\/\/jjchorro.com\/en_us\/product\/maleta-lateral-terra-left-tr47l\/","title":{"rendered":"MALETA LATERAL TERRA LEFT TR47L"},"content":{"rendered":"<p><strong>Maleta lateral\u00a0 Shad TR47L Terra.<\/strong>\u00a0Maleta lateral de dise\u00f1o estructural aerodin\u00e1mico e integrado fabricado en aleaci\u00f3n de aluminio endurecido. Incorpora el nuevo sistema de cierre Terra Lock System y el sistema de anclaje 4P System. Destaca por ser muy resistente y robusta.<\/p>","protected":false},"excerpt":{"rendered":"<p>Maleta lateral\u00a0 Shad TR47L Terra.\u00a0Maleta lateral de dise\u00f1o estructural aerodin\u00e1mico e integrado fabricado en aleaci\u00f3n de aluminio endurecido. Incorpora el nuevo sistema de cierre Terra Lock System y el sistema de anclaje 4P System. Destaca por ser muy resistente y robusta.<\/p>","protected":false},"featured_media":4035,"comment_status":"open","ping_status":"closed","template":"","meta":{"_joinchat":[]},"product_brand":[],"product_cat":[57],"product_tag":[107],"class_list":{"0":"post-4034","1":"product","2":"type-product","3":"status-publish","4":"has-post-thumbnail","6":"product_cat-accesorios","7":"product_tag-maleta-lateral","9":"first","10":"instock","11":"sale","12":"taxable","13":"shipping-taxable","14":"purchasable","15":"product-type-simple"},"yoast_head":"<!-- This site is optimized with the Yoast SEO plugin v21.3 - https:\/\/yoast.com\/wordpress\/plugins\/seo\/ -->\n<title>MALETA LATERAL TERRA LEFT TR47L -<\/title>\n<meta name=\"robots\" content=\"index, follow, max-snippet:-1, max-image-preview:large, max-video-preview:-1\" \/>\n<link rel=\"canonical\" href=\"https:\/\/jjchorro.com\/en_us\/product\/maleta-lateral-terra-left-tr47l\/\" \/>\n<meta property=\"og:locale\" content=\"en_US\" \/>\n<meta property=\"og:type\" content=\"article\" \/>\n<meta property=\"og:title\" content=\"MALETA LATERAL TERRA LEFT TR47L -\" \/>\n<meta property=\"og:description\" content=\"Maleta lateral\u00a0 Shad TR47L Terra.\u00a0Maleta lateral de dise\u00f1o estructural aerodin\u00e1mico e integrado fabricado en aleaci\u00f3n de aluminio endurecido. Incorpora el nuevo sistema de cierre Terra Lock System y el sistema de anclaje 4P System. Destaca por ser muy resistente y robusta.\" \/>\n<meta property=\"og:url\" content=\"https:\/\/jjchorro.com\/en_us\/product\/maleta-lateral-terra-left-tr47l\/\" \/>\n<meta property=\"article:modified_time\" content=\"2023-10-31T18:02:46+00:00\" \/>\n<meta property=\"og:image\" content=\"http:\/\/jjchorro.com\/wp-content\/uploads\/2023\/10\/BAUL-47.webp\" \/>\n\t<meta property=\"og:image:width\" content=\"550\" \/>\n\t<meta property=\"og:image:height\" content=\"550\" \/>\n\t<meta property=\"og:image:type\" content=\"image\/webp\" \/>\n<meta name=\"twitter:card\" content=\"summary_large_image\" \/>\n<meta name=\"twitter:label1\" content=\"Est. reading time\" \/>\n\t<meta name=\"twitter:data1\" content=\"1 minute\" \/>\n<script type=\"application\/ld+json\" class=\"yoast-schema-graph\">{\"@context\":\"https:\/\/schema.org\",\"@graph\":[{\"@type\":\"WebPage\",\"@id\":\"https:\/\/jjchorro.com\/producto\/maleta-lateral-terra-left-tr47l\/\",\"url\":\"https:\/\/jjchorro.com\/producto\/maleta-lateral-terra-left-tr47l\/\",\"name\":\"MALETA LATERAL TERRA LEFT TR47L -\",\"isPartOf\":{\"@id\":\"https:\/\/jjchorro.com\/#website\"},\"datePublished\":\"2023-10-31T17:58:23+00:00\",\"dateModified\":\"2023-10-31T18:02:46+00:00\",\"breadcrumb\":{\"@id\":\"https:\/\/jjchorro.com\/producto\/maleta-lateral-terra-left-tr47l\/#breadcrumb\"},\"inLanguage\":\"en-US\",\"potentialAction\":[{\"@type\":\"ReadAction\",\"target\":[\"https:\/\/jjchorro.com\/producto\/maleta-lateral-terra-left-tr47l\/\"]}]},{\"@type\":\"BreadcrumbList\",\"@id\":\"https:\/\/jjchorro.com\/producto\/maleta-lateral-terra-left-tr47l\/#breadcrumb\",\"itemListElement\":[{\"@type\":\"ListItem\",\"position\":1,\"name\":\"Portada\",\"item\":\"https:\/\/jjchorro.com\/\"},{\"@type\":\"ListItem\",\"position\":2,\"name\":\"Productos\",\"item\":\"https:\/\/jjchorro.com\/tienda\/\"},{\"@type\":\"ListItem\",\"position\":3,\"name\":\"MALETA LATERAL TERRA LEFT TR47L\"}]},{\"@type\":\"WebSite\",\"@id\":\"https:\/\/jjchorro.com\/#website\",\"url\":\"https:\/\/jjchorro.com\/\",\"name\":\"\",\"description\":\"\",\"potentialAction\":[{\"@type\":\"SearchAction\",\"target\":{\"@type\":\"EntryPoint\",\"urlTemplate\":\"https:\/\/jjchorro.com\/?s={search_term_string}\"},\"query-input\":\"required name=search_term_string\"}],\"inLanguage\":\"en-US\"}]}<\/script>\n<!-- \/ Yoast SEO plugin. -->","yoast_head_json":{"title":"MALETA LATERAL TERRA LEFT TR47L -","robots":{"index":"index","follow":"follow","max-snippet":"max-snippet:-1","max-image-preview":"max-image-preview:large","max-video-preview":"max-video-preview:-1"},"canonical":"https:\/\/jjchorro.com\/en_us\/product\/maleta-lateral-terra-left-tr47l\/","og_locale":"en_US","og_type":"article","og_title":"MALETA LATERAL TERRA LEFT TR47L -","og_description":"Maleta lateral\u00a0 Shad TR47L Terra.\u00a0Maleta lateral de dise\u00f1o estructural aerodin\u00e1mico e integrado fabricado en aleaci\u00f3n de aluminio endurecido. Incorpora el nuevo sistema de cierre Terra Lock System y el sistema de anclaje 4P System. Destaca por ser muy resistente y robusta.","og_url":"https:\/\/jjchorro.com\/en_us\/product\/maleta-lateral-terra-left-tr47l\/","article_modified_time":"2023-10-31T18:02:46+00:00","og_image":[{"width":550,"height":550,"url":"http:\/\/jjchorro.com\/wp-content\/uploads\/2023\/10\/BAUL-47.webp","type":"image\/webp"}],"twitter_card":"summary_large_image","twitter_misc":{"Est. reading time":"1 minute"},"schema":{"@context":"https:\/\/schema.org","@graph":[{"@type":"WebPage","@id":"https:\/\/jjchorro.com\/producto\/maleta-lateral-terra-left-tr47l\/","url":"https:\/\/jjchorro.com\/producto\/maleta-lateral-terra-left-tr47l\/","name":"MALETA LATERAL TERRA LEFT TR47L -","isPartOf":{"@id":"https:\/\/jjchorro.com\/#website"},"datePublished":"2023-10-31T17:58:23+00:00","dateModified":"2023-10-31T18:02:46+00:00","breadcrumb":{"@id":"https:\/\/jjchorro.com\/producto\/maleta-lateral-terra-left-tr47l\/#breadcrumb"},"inLanguage":"en-US","potentialAction":[{"@type":"ReadAction","target":["https:\/\/jjchorro.com\/producto\/maleta-lateral-terra-left-tr47l\/"]}]},{"@type":"BreadcrumbList","@id":"https:\/\/jjchorro.com\/producto\/maleta-lateral-terra-left-tr47l\/#breadcrumb","itemListElement":[{"@type":"ListItem","position":1,"name":"Portada","item":"https:\/\/jjchorro.com\/"},{"@type":"ListItem","position":2,"name":"Productos","item":"https:\/\/jjchorro.com\/tienda\/"},{"@type":"ListItem","position":3,"name":"MALETA LATERAL TERRA LEFT TR47L"}]},{"@type":"WebSite","@id":"https:\/\/jjchorro.com\/#website","url":"https:\/\/jjchorro.com\/","name":"","description":"","potentialAction":[{"@type":"SearchAction","target":{"@type":"EntryPoint","urlTemplate":"https:\/\/jjchorro.com\/?s={search_term_string}"},"query-input":"required name=search_term_string"}],"inLanguage":"en-US"}]}},"_links":{"self":[{"href":"https:\/\/jjchorro.com\/en_us\/wp-json\/wp\/v2\/product\/4034","targetHints":{"allow":["GET"]}}],"collection":[{"href":"https:\/\/jjchorro.com\/en_us\/wp-json\/wp\/v2\/product"}],"about":[{"href":"https:\/\/jjchorro.com\/en_us\/wp-json\/wp\/v2\/types\/product"}],"replies":[{"embeddable":true,"href":"https:\/\/jjchorro.com\/en_us\/wp-json\/wp\/v2\/comments?post=4034"}],"wp:featuredmedia":[{"embeddable":true,"href":"https:\/\/jjchorro.com\/en_us\/wp-json\/wp\/v2\/media\/4035"}],"wp:attachment":[{"href":"https:\/\/jjchorro.com\/en_us\/wp-json\/wp\/v2\/media?parent=4034"}],"wp:term":[{"taxonomy":"product_brand","embeddable":true,"href":"https:\/\/jjchorro.com\/en_us\/wp-json\/wp\/v2\/product_brand?post=4034"},{"taxonomy":"product_cat","embeddable":true,"href":"https:\/\/jjchorro.com\/en_us\/wp-json\/wp\/v2\/product_cat?post=4034"},{"taxonomy":"product_tag","embeddable":true,"href":"https:\/\/jjchorro.com\/en_us\/wp-json\/wp\/v2\/product_tag?post=4034"}],"curies":[{"name":"wp","href":"https:\/\/api.w.org\/{rel}","templated":true}]}}