{"id":3075,"date":"2022-11-16T14:53:34","date_gmt":"2022-11-16T12:53:34","guid":{"rendered":"https:\/\/jjchorro.com\/?post_type=product&#038;p=3075"},"modified":"2025-07-15T20:04:43","modified_gmt":"2025-07-15T18:04:43","slug":"guantes-rainers-neon-negro-fluor","status":"publish","type":"product","link":"https:\/\/jjchorro.com\/en_us\/product\/guantes-rainers-neon-negro-fluor\/","title":{"rendered":"GUANTES RAINERS NEON NEGRO\/FLUOR"},"content":{"rendered":"<p>Guante racing, fabricado en piel, licra, neopreno y malla transpirable. El modelo Neon es un guante especialmente blando que te encantar\u00e1, lleva toda la seguridad que estos tipos de guante requieren: protector de TPU con rejilla met\u00e1lica transpirable, licra en el dorsal y en la punta de los dedos, otros protectores de goma sobre los dedos y protector de goma protegiendo el m\u00fasculo Hipotenar en la palma de la mano, malla transpirable en color amarillo fl\u00faor que le da un toque s\u00faper chulo, etc., la verdad, un guante tan c\u00f3modo que olvidar\u00e1s que lo llevas puesto.<\/p>","protected":false},"excerpt":{"rendered":"<p>Guante racing, fabricado en piel, licra, neopreno y malla transpirable. El modelo Neon es un guante especialmente blando que te encantar\u00e1, lleva toda la seguridad que estos tipos de guante requieren: protector de TPU con rejilla met\u00e1lica transpirable, licra en el dorsal y en la punta de los dedos, otros protectores de goma sobre los [&hellip;]<\/p>","protected":false},"featured_media":3078,"comment_status":"open","ping_status":"closed","template":"","meta":{"_joinchat":[]},"product_brand":[],"product_cat":[30,63],"product_tag":[46],"class_list":{"0":"post-3075","1":"product","2":"type-product","3":"status-publish","4":"has-post-thumbnail","6":"product_cat-boutique","7":"product_cat-guantes","8":"product_tag-ultimas-unidades","10":"first","11":"instock","12":"taxable","13":"shipping-taxable","14":"purchasable","15":"product-type-variable","16":"has-default-attributes"},"yoast_head":"<!-- This site is optimized with the Yoast SEO plugin v21.3 - https:\/\/yoast.com\/wordpress\/plugins\/seo\/ -->\n<title>GUANTES RAINERS NEON NEGRO\/FLUOR -<\/title>\n<meta name=\"robots\" content=\"index, follow, max-snippet:-1, max-image-preview:large, max-video-preview:-1\" \/>\n<link rel=\"canonical\" href=\"https:\/\/jjchorro.com\/en_us\/product\/guantes-rainers-neon-negro-fluor\/\" \/>\n<meta property=\"og:locale\" content=\"en_US\" \/>\n<meta property=\"og:type\" content=\"article\" \/>\n<meta property=\"og:title\" content=\"GUANTES RAINERS NEON NEGRO\/FLUOR -\" \/>\n<meta property=\"og:description\" content=\"Guante racing, fabricado en piel, licra, neopreno y malla transpirable. El modelo Neon es un guante especialmente blando que te encantar\u00e1, lleva toda la seguridad que estos tipos de guante requieren: protector de TPU con rejilla met\u00e1lica transpirable, licra en el dorsal y en la punta de los dedos, otros protectores de goma sobre los [&hellip;]\" \/>\n<meta property=\"og:url\" content=\"https:\/\/jjchorro.com\/en_us\/product\/guantes-rainers-neon-negro-fluor\/\" \/>\n<meta property=\"article:modified_time\" content=\"2025-07-15T18:04:43+00:00\" \/>\n<meta property=\"og:image\" content=\"http:\/\/jjchorro.com\/wp-content\/uploads\/2022\/11\/NEON-1.jpg\" \/>\n\t<meta property=\"og:image:width\" content=\"1500\" \/>\n\t<meta property=\"og:image:height\" content=\"1500\" \/>\n\t<meta property=\"og:image:type\" content=\"image\/jpeg\" \/>\n<meta name=\"twitter:card\" content=\"summary_large_image\" \/>\n<meta name=\"twitter:label1\" content=\"Est. reading time\" \/>\n\t<meta name=\"twitter:data1\" content=\"1 minute\" \/>\n<script type=\"application\/ld+json\" class=\"yoast-schema-graph\">{\"@context\":\"https:\/\/schema.org\",\"@graph\":[{\"@type\":\"WebPage\",\"@id\":\"https:\/\/jjchorro.com\/producto\/guantes-rainers-neon-negro-fluor\/\",\"url\":\"https:\/\/jjchorro.com\/producto\/guantes-rainers-neon-negro-fluor\/\",\"name\":\"GUANTES RAINERS NEON NEGRO\/FLUOR -\",\"isPartOf\":{\"@id\":\"https:\/\/jjchorro.com\/#website\"},\"datePublished\":\"2022-11-16T12:53:34+00:00\",\"dateModified\":\"2025-07-15T18:04:43+00:00\",\"breadcrumb\":{\"@id\":\"https:\/\/jjchorro.com\/producto\/guantes-rainers-neon-negro-fluor\/#breadcrumb\"},\"inLanguage\":\"en-US\",\"potentialAction\":[{\"@type\":\"ReadAction\",\"target\":[\"https:\/\/jjchorro.com\/producto\/guantes-rainers-neon-negro-fluor\/\"]}]},{\"@type\":\"BreadcrumbList\",\"@id\":\"https:\/\/jjchorro.com\/producto\/guantes-rainers-neon-negro-fluor\/#breadcrumb\",\"itemListElement\":[{\"@type\":\"ListItem\",\"position\":1,\"name\":\"Portada\",\"item\":\"https:\/\/jjchorro.com\/\"},{\"@type\":\"ListItem\",\"position\":2,\"name\":\"Productos\",\"item\":\"https:\/\/jjchorro.com\/tienda\/\"},{\"@type\":\"ListItem\",\"position\":3,\"name\":\"GUANTES RAINERS NEON NEGRO\/FLUOR\"}]},{\"@type\":\"WebSite\",\"@id\":\"https:\/\/jjchorro.com\/#website\",\"url\":\"https:\/\/jjchorro.com\/\",\"name\":\"\",\"description\":\"\",\"potentialAction\":[{\"@type\":\"SearchAction\",\"target\":{\"@type\":\"EntryPoint\",\"urlTemplate\":\"https:\/\/jjchorro.com\/?s={search_term_string}\"},\"query-input\":\"required name=search_term_string\"}],\"inLanguage\":\"en-US\"}]}<\/script>\n<!-- \/ Yoast SEO plugin. -->","yoast_head_json":{"title":"GUANTES RAINERS NEON NEGRO\/FLUOR -","robots":{"index":"index","follow":"follow","max-snippet":"max-snippet:-1","max-image-preview":"max-image-preview:large","max-video-preview":"max-video-preview:-1"},"canonical":"https:\/\/jjchorro.com\/en_us\/product\/guantes-rainers-neon-negro-fluor\/","og_locale":"en_US","og_type":"article","og_title":"GUANTES RAINERS NEON NEGRO\/FLUOR -","og_description":"Guante racing, fabricado en piel, licra, neopreno y malla transpirable. El modelo Neon es un guante especialmente blando que te encantar\u00e1, lleva toda la seguridad que estos tipos de guante requieren: protector de TPU con rejilla met\u00e1lica transpirable, licra en el dorsal y en la punta de los dedos, otros protectores de goma sobre los [&hellip;]","og_url":"https:\/\/jjchorro.com\/en_us\/product\/guantes-rainers-neon-negro-fluor\/","article_modified_time":"2025-07-15T18:04:43+00:00","og_image":[{"width":1500,"height":1500,"url":"http:\/\/jjchorro.com\/wp-content\/uploads\/2022\/11\/NEON-1.jpg","type":"image\/jpeg"}],"twitter_card":"summary_large_image","twitter_misc":{"Est. reading time":"1 minute"},"schema":{"@context":"https:\/\/schema.org","@graph":[{"@type":"WebPage","@id":"https:\/\/jjchorro.com\/producto\/guantes-rainers-neon-negro-fluor\/","url":"https:\/\/jjchorro.com\/producto\/guantes-rainers-neon-negro-fluor\/","name":"GUANTES RAINERS NEON NEGRO\/FLUOR -","isPartOf":{"@id":"https:\/\/jjchorro.com\/#website"},"datePublished":"2022-11-16T12:53:34+00:00","dateModified":"2025-07-15T18:04:43+00:00","breadcrumb":{"@id":"https:\/\/jjchorro.com\/producto\/guantes-rainers-neon-negro-fluor\/#breadcrumb"},"inLanguage":"en-US","potentialAction":[{"@type":"ReadAction","target":["https:\/\/jjchorro.com\/producto\/guantes-rainers-neon-negro-fluor\/"]}]},{"@type":"BreadcrumbList","@id":"https:\/\/jjchorro.com\/producto\/guantes-rainers-neon-negro-fluor\/#breadcrumb","itemListElement":[{"@type":"ListItem","position":1,"name":"Portada","item":"https:\/\/jjchorro.com\/"},{"@type":"ListItem","position":2,"name":"Productos","item":"https:\/\/jjchorro.com\/tienda\/"},{"@type":"ListItem","position":3,"name":"GUANTES RAINERS NEON NEGRO\/FLUOR"}]},{"@type":"WebSite","@id":"https:\/\/jjchorro.com\/#website","url":"https:\/\/jjchorro.com\/","name":"","description":"","potentialAction":[{"@type":"SearchAction","target":{"@type":"EntryPoint","urlTemplate":"https:\/\/jjchorro.com\/?s={search_term_string}"},"query-input":"required name=search_term_string"}],"inLanguage":"en-US"}]}},"_links":{"self":[{"href":"https:\/\/jjchorro.com\/en_us\/wp-json\/wp\/v2\/product\/3075","targetHints":{"allow":["GET"]}}],"collection":[{"href":"https:\/\/jjchorro.com\/en_us\/wp-json\/wp\/v2\/product"}],"about":[{"href":"https:\/\/jjchorro.com\/en_us\/wp-json\/wp\/v2\/types\/product"}],"replies":[{"embeddable":true,"href":"https:\/\/jjchorro.com\/en_us\/wp-json\/wp\/v2\/comments?post=3075"}],"wp:featuredmedia":[{"embeddable":true,"href":"https:\/\/jjchorro.com\/en_us\/wp-json\/wp\/v2\/media\/3078"}],"wp:attachment":[{"href":"https:\/\/jjchorro.com\/en_us\/wp-json\/wp\/v2\/media?parent=3075"}],"wp:term":[{"taxonomy":"product_brand","embeddable":true,"href":"https:\/\/jjchorro.com\/en_us\/wp-json\/wp\/v2\/product_brand?post=3075"},{"taxonomy":"product_cat","embeddable":true,"href":"https:\/\/jjchorro.com\/en_us\/wp-json\/wp\/v2\/product_cat?post=3075"},{"taxonomy":"product_tag","embeddable":true,"href":"https:\/\/jjchorro.com\/en_us\/wp-json\/wp\/v2\/product_tag?post=3075"}],"curies":[{"name":"wp","href":"https:\/\/api.w.org\/{rel}","templated":true}]}}