{"id":2763,"date":"2022-04-19T17:26:52","date_gmt":"2022-04-19T15:26:52","guid":{"rendered":"https:\/\/jjchorro.com\/?post_type=product&#038;p=2763"},"modified":"2022-11-25T19:02:44","modified_gmt":"2022-11-25T17:02:44","slug":"manometro-presion-digital-ktm-original","status":"publish","type":"product","link":"https:\/\/jjchorro.com\/en_us\/product\/manometro-presion-digital-ktm-original\/","title":{"rendered":"MANOMETRO PRESION DIGITAL KTM ORIGINAL"},"content":{"rendered":"<p><strong>Man\u00f3metro de Presi\u00f3n de Aire de los Neum\u00e1ticos KTM<\/strong><\/p>\n<ul>\n<li>Uso c\u00f3modo y sencillo.<\/li>\n<li>Adecuado para todas las v\u00e1lvulas habituales.<\/li>\n<li>Indicador de presi\u00f3n en bares o psi.<\/li>\n<li>Con v\u00e1lvula integrada que regula la presi\u00f3n correcta.<\/li>\n<li>Iluminaci\u00f3n conmutable de pantalla digital y \u00e1rea de trabajo.<\/li>\n<li>Funci\u00f3n de ahorro de energ\u00eda con desconexi\u00f3n autom\u00e1tica.<\/li>\n<li>Presi\u00f3n m\u00e1xima de medici\u00f3n: 11 bares.<\/li>\n<li>Homologaci\u00f3n: HOMNN_EU.<\/li>\n<\/ul>","protected":false},"excerpt":{"rendered":"<p>30% DTO<\/p>","protected":false},"featured_media":2764,"comment_status":"open","ping_status":"closed","template":"","meta":{"_joinchat":[]},"product_brand":[],"product_cat":[57],"product_tag":[62],"class_list":{"0":"post-2763","1":"product","2":"type-product","3":"status-publish","4":"has-post-thumbnail","6":"product_cat-accesorios","7":"product_tag-disponibilidad-en-stock","9":"first","10":"instock","11":"sale","12":"taxable","13":"shipping-taxable","14":"purchasable","15":"product-type-simple"},"yoast_head":"<!-- This site is optimized with the Yoast SEO plugin v21.3 - https:\/\/yoast.com\/wordpress\/plugins\/seo\/ -->\n<title>MANOMETRO PRESION DIGITAL KTM ORIGINAL -<\/title>\n<meta name=\"robots\" content=\"index, follow, max-snippet:-1, max-image-preview:large, max-video-preview:-1\" \/>\n<link rel=\"canonical\" href=\"https:\/\/jjchorro.com\/en_us\/product\/manometro-presion-digital-ktm-original\/\" \/>\n<meta property=\"og:locale\" content=\"en_US\" \/>\n<meta property=\"og:type\" content=\"article\" \/>\n<meta property=\"og:title\" content=\"MANOMETRO PRESION DIGITAL KTM ORIGINAL -\" \/>\n<meta property=\"og:description\" content=\"30% DTO\" \/>\n<meta property=\"og:url\" content=\"https:\/\/jjchorro.com\/en_us\/product\/manometro-presion-digital-ktm-original\/\" \/>\n<meta property=\"article:modified_time\" content=\"2022-11-25T17:02:44+00:00\" \/>\n<meta property=\"og:image\" content=\"http:\/\/jjchorro.com\/wp-content\/uploads\/2022\/04\/manometro-digital-ktm-original.jpg\" \/>\n\t<meta property=\"og:image:width\" content=\"458\" \/>\n\t<meta property=\"og:image:height\" content=\"458\" \/>\n\t<meta property=\"og:image:type\" content=\"image\/jpeg\" \/>\n<meta name=\"twitter:card\" content=\"summary_large_image\" \/>\n<meta name=\"twitter:label1\" content=\"Est. reading time\" \/>\n\t<meta name=\"twitter:data1\" content=\"1 minute\" \/>\n<script type=\"application\/ld+json\" class=\"yoast-schema-graph\">{\"@context\":\"https:\/\/schema.org\",\"@graph\":[{\"@type\":\"WebPage\",\"@id\":\"https:\/\/jjchorro.com\/producto\/manometro-presion-digital-ktm-original\/\",\"url\":\"https:\/\/jjchorro.com\/producto\/manometro-presion-digital-ktm-original\/\",\"name\":\"MANOMETRO PRESION DIGITAL KTM ORIGINAL -\",\"isPartOf\":{\"@id\":\"https:\/\/jjchorro.com\/#website\"},\"datePublished\":\"2022-04-19T15:26:52+00:00\",\"dateModified\":\"2022-11-25T17:02:44+00:00\",\"breadcrumb\":{\"@id\":\"https:\/\/jjchorro.com\/producto\/manometro-presion-digital-ktm-original\/#breadcrumb\"},\"inLanguage\":\"en-US\",\"potentialAction\":[{\"@type\":\"ReadAction\",\"target\":[\"https:\/\/jjchorro.com\/producto\/manometro-presion-digital-ktm-original\/\"]}]},{\"@type\":\"BreadcrumbList\",\"@id\":\"https:\/\/jjchorro.com\/producto\/manometro-presion-digital-ktm-original\/#breadcrumb\",\"itemListElement\":[{\"@type\":\"ListItem\",\"position\":1,\"name\":\"Portada\",\"item\":\"https:\/\/jjchorro.com\/\"},{\"@type\":\"ListItem\",\"position\":2,\"name\":\"Productos\",\"item\":\"https:\/\/jjchorro.com\/tienda\/\"},{\"@type\":\"ListItem\",\"position\":3,\"name\":\"MANOMETRO PRESION DIGITAL KTM ORIGINAL\"}]},{\"@type\":\"WebSite\",\"@id\":\"https:\/\/jjchorro.com\/#website\",\"url\":\"https:\/\/jjchorro.com\/\",\"name\":\"\",\"description\":\"\",\"potentialAction\":[{\"@type\":\"SearchAction\",\"target\":{\"@type\":\"EntryPoint\",\"urlTemplate\":\"https:\/\/jjchorro.com\/?s={search_term_string}\"},\"query-input\":\"required name=search_term_string\"}],\"inLanguage\":\"en-US\"}]}<\/script>\n<!-- \/ Yoast SEO plugin. -->","yoast_head_json":{"title":"MANOMETRO PRESION DIGITAL KTM ORIGINAL -","robots":{"index":"index","follow":"follow","max-snippet":"max-snippet:-1","max-image-preview":"max-image-preview:large","max-video-preview":"max-video-preview:-1"},"canonical":"https:\/\/jjchorro.com\/en_us\/product\/manometro-presion-digital-ktm-original\/","og_locale":"en_US","og_type":"article","og_title":"MANOMETRO PRESION DIGITAL KTM ORIGINAL -","og_description":"30% DTO","og_url":"https:\/\/jjchorro.com\/en_us\/product\/manometro-presion-digital-ktm-original\/","article_modified_time":"2022-11-25T17:02:44+00:00","og_image":[{"width":458,"height":458,"url":"http:\/\/jjchorro.com\/wp-content\/uploads\/2022\/04\/manometro-digital-ktm-original.jpg","type":"image\/jpeg"}],"twitter_card":"summary_large_image","twitter_misc":{"Est. reading time":"1 minute"},"schema":{"@context":"https:\/\/schema.org","@graph":[{"@type":"WebPage","@id":"https:\/\/jjchorro.com\/producto\/manometro-presion-digital-ktm-original\/","url":"https:\/\/jjchorro.com\/producto\/manometro-presion-digital-ktm-original\/","name":"MANOMETRO PRESION DIGITAL KTM ORIGINAL -","isPartOf":{"@id":"https:\/\/jjchorro.com\/#website"},"datePublished":"2022-04-19T15:26:52+00:00","dateModified":"2022-11-25T17:02:44+00:00","breadcrumb":{"@id":"https:\/\/jjchorro.com\/producto\/manometro-presion-digital-ktm-original\/#breadcrumb"},"inLanguage":"en-US","potentialAction":[{"@type":"ReadAction","target":["https:\/\/jjchorro.com\/producto\/manometro-presion-digital-ktm-original\/"]}]},{"@type":"BreadcrumbList","@id":"https:\/\/jjchorro.com\/producto\/manometro-presion-digital-ktm-original\/#breadcrumb","itemListElement":[{"@type":"ListItem","position":1,"name":"Portada","item":"https:\/\/jjchorro.com\/"},{"@type":"ListItem","position":2,"name":"Productos","item":"https:\/\/jjchorro.com\/tienda\/"},{"@type":"ListItem","position":3,"name":"MANOMETRO PRESION DIGITAL KTM ORIGINAL"}]},{"@type":"WebSite","@id":"https:\/\/jjchorro.com\/#website","url":"https:\/\/jjchorro.com\/","name":"","description":"","potentialAction":[{"@type":"SearchAction","target":{"@type":"EntryPoint","urlTemplate":"https:\/\/jjchorro.com\/?s={search_term_string}"},"query-input":"required name=search_term_string"}],"inLanguage":"en-US"}]}},"_links":{"self":[{"href":"https:\/\/jjchorro.com\/en_us\/wp-json\/wp\/v2\/product\/2763","targetHints":{"allow":["GET"]}}],"collection":[{"href":"https:\/\/jjchorro.com\/en_us\/wp-json\/wp\/v2\/product"}],"about":[{"href":"https:\/\/jjchorro.com\/en_us\/wp-json\/wp\/v2\/types\/product"}],"replies":[{"embeddable":true,"href":"https:\/\/jjchorro.com\/en_us\/wp-json\/wp\/v2\/comments?post=2763"}],"wp:featuredmedia":[{"embeddable":true,"href":"https:\/\/jjchorro.com\/en_us\/wp-json\/wp\/v2\/media\/2764"}],"wp:attachment":[{"href":"https:\/\/jjchorro.com\/en_us\/wp-json\/wp\/v2\/media?parent=2763"}],"wp:term":[{"taxonomy":"product_brand","embeddable":true,"href":"https:\/\/jjchorro.com\/en_us\/wp-json\/wp\/v2\/product_brand?post=2763"},{"taxonomy":"product_cat","embeddable":true,"href":"https:\/\/jjchorro.com\/en_us\/wp-json\/wp\/v2\/product_cat?post=2763"},{"taxonomy":"product_tag","embeddable":true,"href":"https:\/\/jjchorro.com\/en_us\/wp-json\/wp\/v2\/product_tag?post=2763"}],"curies":[{"name":"wp","href":"https:\/\/api.w.org\/{rel}","templated":true}]}}