{"id":2727,"date":"2022-03-31T19:38:20","date_gmt":"2022-03-31T17:38:20","guid":{"rendered":"https:\/\/jjchorro.com\/?post_type=product&#038;p=2727"},"modified":"2023-09-05T20:03:25","modified_gmt":"2023-09-05T18:03:25","slug":"2727","status":"publish","type":"product","link":"https:\/\/jjchorro.com\/en_us\/product\/2727\/","title":{"rendered":"BOTAS CARRETERA RAINERS TOURING S-50"},"content":{"rendered":"<ul>\n<li>\n<h4><strong>BOTAS RAINERS MODELO TOURING (TURISMO) S-50 DE PIEL, IMPERMEABLE.\u00a0<\/strong><\/h4>\n<\/li>\n<\/ul>\n<div>\u00a0 \u00a0*\u00a0 \u00a0 \u00a0<strong>Caracteristicas:<\/strong><\/div>\n<ul>\n<li>De piel, para mayor abrigo del pie, y dureza contra las inclemencias del tiempo y el terreno.<\/li>\n<li>&#8211;\u00a0<strong>Piel con acabado PU<\/strong>\u00a0(Poliuretano de alta densidad act\u00faa como piel protegiendo al poliuretano de baja densidad. ambos act\u00faan formando una planta de gran resistencia).<\/li>\n<li>&#8211;\u00a0<strong>Membrana impermeable<\/strong>\u00a0garantizada.<\/li>\n<li>&#8211;\u00a0<strong>Reflectante\u00a0<\/strong>trasero y lateral, permite mayor visibilidad en condiciones adversas.<\/li>\n<li>&#8211; Suela de\u00a0<strong>caucho antideslizante,\u00a0<\/strong>para mayor sujeci\u00f3n.<\/li>\n<li>&#8211;\u00a0<strong>Forro textil,\u00a0<\/strong>mayor protecci\u00f3n y abrigo para el pie.<\/li>\n<li>&#8211; Cierre mediante\u00a0<strong>cordones con sistema de bloqueo<\/strong>. El pie va firmemente sujeto pero a la vez con holgura para flexionar, perfectamente, el pie.<\/li>\n<li>\n<h4>Elegantes botas Rainers para moto, especialmente pensadas para moteros Touring, son c\u00f3modas de llevar fuera de la moto y muy resistentes para su utilizaci\u00f3n durante la conducci\u00f3n.<\/h4>\n<\/li>\n<\/ul>\n<div>Incluye protecciones para los pies, as\u00ed como\u00a0para evitar da\u00f1arla con la palanca de marcha.<\/div>","protected":false},"excerpt":{"rendered":"<p>BOTAS RAINERS MODELO TOURING (TURISMO) S-50 DE PIEL, IMPERMEABLE.\u00a0 \u00a0 \u00a0*\u00a0 \u00a0 \u00a0Caracteristicas: De piel, para mayor abrigo del pie, y dureza contra las inclemencias del tiempo y el terreno. &#8211;\u00a0Piel con acabado PU\u00a0(Poliuretano de alta densidad act\u00faa como piel protegiendo al poliuretano de baja densidad. ambos act\u00faan formando una planta de gran resistencia). &#8211;\u00a0Membrana [&hellip;]<\/p>","protected":false},"featured_media":2728,"comment_status":"open","ping_status":"closed","template":"","meta":{"_joinchat":[]},"product_brand":[],"product_cat":[67,30],"product_tag":[47],"class_list":{"0":"post-2727","1":"product","2":"type-product","3":"status-publish","4":"has-post-thumbnail","6":"product_cat-botas","7":"product_cat-boutique","8":"product_tag-ultima-unidad","10":"first","11":"instock","12":"sale","13":"taxable","14":"shipping-taxable","15":"purchasable","16":"product-type-variable"},"yoast_head":"<!-- This site is optimized with the Yoast SEO plugin v21.3 - https:\/\/yoast.com\/wordpress\/plugins\/seo\/ -->\n<title>BOTAS CARRETERA RAINERS TOURING S-50 -<\/title>\n<meta name=\"robots\" content=\"index, follow, max-snippet:-1, max-image-preview:large, max-video-preview:-1\" \/>\n<link rel=\"canonical\" href=\"https:\/\/jjchorro.com\/en_us\/product\/2727\/\" \/>\n<meta property=\"og:locale\" content=\"en_US\" \/>\n<meta property=\"og:type\" content=\"article\" \/>\n<meta property=\"og:title\" content=\"BOTAS CARRETERA RAINERS TOURING S-50 -\" \/>\n<meta property=\"og:description\" content=\"BOTAS RAINERS MODELO TOURING (TURISMO) S-50 DE PIEL, IMPERMEABLE.\u00a0 \u00a0 \u00a0*\u00a0 \u00a0 \u00a0Caracteristicas: De piel, para mayor abrigo del pie, y dureza contra las inclemencias del tiempo y el terreno. &#8211;\u00a0Piel con acabado PU\u00a0(Poliuretano de alta densidad act\u00faa como piel protegiendo al poliuretano de baja densidad. ambos act\u00faan formando una planta de gran resistencia). &#8211;\u00a0Membrana [&hellip;]\" \/>\n<meta property=\"og:url\" content=\"https:\/\/jjchorro.com\/en_us\/product\/2727\/\" \/>\n<meta property=\"article:modified_time\" content=\"2023-09-05T18:03:25+00:00\" \/>\n<meta property=\"og:image\" content=\"http:\/\/jjchorro.com\/wp-content\/uploads\/2022\/03\/s-50_1_9.jpg\" \/>\n\t<meta property=\"og:image:width\" content=\"500\" \/>\n\t<meta property=\"og:image:height\" content=\"500\" \/>\n\t<meta property=\"og:image:type\" content=\"image\/jpeg\" \/>\n<meta name=\"twitter:card\" content=\"summary_large_image\" \/>\n<meta name=\"twitter:label1\" content=\"Est. reading time\" \/>\n\t<meta name=\"twitter:data1\" content=\"1 minute\" \/>\n<script type=\"application\/ld+json\" class=\"yoast-schema-graph\">{\"@context\":\"https:\/\/schema.org\",\"@graph\":[{\"@type\":\"WebPage\",\"@id\":\"https:\/\/jjchorro.com\/producto\/2727\/\",\"url\":\"https:\/\/jjchorro.com\/producto\/2727\/\",\"name\":\"BOTAS CARRETERA RAINERS TOURING S-50 -\",\"isPartOf\":{\"@id\":\"https:\/\/jjchorro.com\/#website\"},\"datePublished\":\"2022-03-31T17:38:20+00:00\",\"dateModified\":\"2023-09-05T18:03:25+00:00\",\"breadcrumb\":{\"@id\":\"https:\/\/jjchorro.com\/producto\/2727\/#breadcrumb\"},\"inLanguage\":\"en-US\",\"potentialAction\":[{\"@type\":\"ReadAction\",\"target\":[\"https:\/\/jjchorro.com\/producto\/2727\/\"]}]},{\"@type\":\"BreadcrumbList\",\"@id\":\"https:\/\/jjchorro.com\/producto\/2727\/#breadcrumb\",\"itemListElement\":[{\"@type\":\"ListItem\",\"position\":1,\"name\":\"Portada\",\"item\":\"https:\/\/jjchorro.com\/\"},{\"@type\":\"ListItem\",\"position\":2,\"name\":\"Productos\",\"item\":\"https:\/\/jjchorro.com\/tienda\/\"},{\"@type\":\"ListItem\",\"position\":3,\"name\":\"BOTAS CARRETERA RAINERS TOURING S-50\"}]},{\"@type\":\"WebSite\",\"@id\":\"https:\/\/jjchorro.com\/#website\",\"url\":\"https:\/\/jjchorro.com\/\",\"name\":\"\",\"description\":\"\",\"potentialAction\":[{\"@type\":\"SearchAction\",\"target\":{\"@type\":\"EntryPoint\",\"urlTemplate\":\"https:\/\/jjchorro.com\/?s={search_term_string}\"},\"query-input\":\"required name=search_term_string\"}],\"inLanguage\":\"en-US\"}]}<\/script>\n<!-- \/ Yoast SEO plugin. -->","yoast_head_json":{"title":"BOTAS CARRETERA RAINERS TOURING S-50 -","robots":{"index":"index","follow":"follow","max-snippet":"max-snippet:-1","max-image-preview":"max-image-preview:large","max-video-preview":"max-video-preview:-1"},"canonical":"https:\/\/jjchorro.com\/en_us\/product\/2727\/","og_locale":"en_US","og_type":"article","og_title":"BOTAS CARRETERA RAINERS TOURING S-50 -","og_description":"BOTAS RAINERS MODELO TOURING (TURISMO) S-50 DE PIEL, IMPERMEABLE.\u00a0 \u00a0 \u00a0*\u00a0 \u00a0 \u00a0Caracteristicas: De piel, para mayor abrigo del pie, y dureza contra las inclemencias del tiempo y el terreno. &#8211;\u00a0Piel con acabado PU\u00a0(Poliuretano de alta densidad act\u00faa como piel protegiendo al poliuretano de baja densidad. ambos act\u00faan formando una planta de gran resistencia). &#8211;\u00a0Membrana [&hellip;]","og_url":"https:\/\/jjchorro.com\/en_us\/product\/2727\/","article_modified_time":"2023-09-05T18:03:25+00:00","og_image":[{"width":500,"height":500,"url":"http:\/\/jjchorro.com\/wp-content\/uploads\/2022\/03\/s-50_1_9.jpg","type":"image\/jpeg"}],"twitter_card":"summary_large_image","twitter_misc":{"Est. reading time":"1 minute"},"schema":{"@context":"https:\/\/schema.org","@graph":[{"@type":"WebPage","@id":"https:\/\/jjchorro.com\/producto\/2727\/","url":"https:\/\/jjchorro.com\/producto\/2727\/","name":"BOTAS CARRETERA RAINERS TOURING S-50 -","isPartOf":{"@id":"https:\/\/jjchorro.com\/#website"},"datePublished":"2022-03-31T17:38:20+00:00","dateModified":"2023-09-05T18:03:25+00:00","breadcrumb":{"@id":"https:\/\/jjchorro.com\/producto\/2727\/#breadcrumb"},"inLanguage":"en-US","potentialAction":[{"@type":"ReadAction","target":["https:\/\/jjchorro.com\/producto\/2727\/"]}]},{"@type":"BreadcrumbList","@id":"https:\/\/jjchorro.com\/producto\/2727\/#breadcrumb","itemListElement":[{"@type":"ListItem","position":1,"name":"Portada","item":"https:\/\/jjchorro.com\/"},{"@type":"ListItem","position":2,"name":"Productos","item":"https:\/\/jjchorro.com\/tienda\/"},{"@type":"ListItem","position":3,"name":"BOTAS CARRETERA RAINERS TOURING S-50"}]},{"@type":"WebSite","@id":"https:\/\/jjchorro.com\/#website","url":"https:\/\/jjchorro.com\/","name":"","description":"","potentialAction":[{"@type":"SearchAction","target":{"@type":"EntryPoint","urlTemplate":"https:\/\/jjchorro.com\/?s={search_term_string}"},"query-input":"required name=search_term_string"}],"inLanguage":"en-US"}]}},"_links":{"self":[{"href":"https:\/\/jjchorro.com\/en_us\/wp-json\/wp\/v2\/product\/2727","targetHints":{"allow":["GET"]}}],"collection":[{"href":"https:\/\/jjchorro.com\/en_us\/wp-json\/wp\/v2\/product"}],"about":[{"href":"https:\/\/jjchorro.com\/en_us\/wp-json\/wp\/v2\/types\/product"}],"replies":[{"embeddable":true,"href":"https:\/\/jjchorro.com\/en_us\/wp-json\/wp\/v2\/comments?post=2727"}],"wp:featuredmedia":[{"embeddable":true,"href":"https:\/\/jjchorro.com\/en_us\/wp-json\/wp\/v2\/media\/2728"}],"wp:attachment":[{"href":"https:\/\/jjchorro.com\/en_us\/wp-json\/wp\/v2\/media?parent=2727"}],"wp:term":[{"taxonomy":"product_brand","embeddable":true,"href":"https:\/\/jjchorro.com\/en_us\/wp-json\/wp\/v2\/product_brand?post=2727"},{"taxonomy":"product_cat","embeddable":true,"href":"https:\/\/jjchorro.com\/en_us\/wp-json\/wp\/v2\/product_cat?post=2727"},{"taxonomy":"product_tag","embeddable":true,"href":"https:\/\/jjchorro.com\/en_us\/wp-json\/wp\/v2\/product_tag?post=2727"}],"curies":[{"name":"wp","href":"https:\/\/api.w.org\/{rel}","templated":true}]}}