{"id":2680,"date":"2022-03-25T20:00:25","date_gmt":"2022-03-25T18:00:25","guid":{"rendered":"https:\/\/jjchorro.com\/?post_type=product&#038;p=2680"},"modified":"2022-11-16T18:43:45","modified_gmt":"2022-11-16T16:43:45","slug":"guantes-invierno-rainers-aspen","status":"publish","type":"product","link":"https:\/\/jjchorro.com\/en_us\/product\/guantes-invierno-rainers-aspen\/","title":{"rendered":"GUANTES INVIERNO RAINERS ASPEN"},"content":{"rendered":"<p><strong>Guantes de moto para invierno Rainers Aspen:<\/strong><\/p>\n<p>Guantes de moto Apen, confeccionados microfibra y tejido Rainers para invierno palma antideslizante, protectores en los dedos y refuerzos hacen de estos guantes unos seguros compa\u00f1eros de viaje.<br \/>\nMuy c\u00f3modo y c\u00e1lido, especial para temperaturas bajas del iniverno y viajes largos. Del fabricante espa\u00f1ol RAINERS, expresi\u00f3n de m\u00e1xima calidad y confianza en sus productos, por su larga experiencia en fabricaci\u00f3n de todo tipo de art\u00edculos relacionados con el mundo de la moto. Evolucionando y mejorando sus productos.<\/p>\n<p>Caracter\u00edsticas de los Guantes Rainers,\u00a0<strong>Modelo ASPEN<\/strong>:<\/p>\n<ul>\n<li>Piel flor vacuna. Microfibra y tejido.<\/li>\n<li>Protector\u00a0pl\u00e1stico en la parte superior de los dedos. Para evitar, en\u00a0ca\u00eddas, posibles fisuras o roturas de los dedos.<\/li>\n<li>Refuerzos\u00a0de piel antideslizante en palma de la mano.<\/li>\n<li>Cierre el\u00e1stico y mediante\u00a0velcro, para mayor\u00a0sujeci\u00f3n\u00a0a la mano.<\/li>\n<li>Membrana 100%\u00a0impermeable\u00a0Hipora. Aptos para conducci\u00f3n con tiempo lluvioso.<\/li>\n<li>Forro t\u00e9rmico.<\/li>\n<\/ul>","protected":false},"excerpt":{"rendered":"<p>Guantes de moto para invierno Rainers Aspen: Guantes de moto Apen, confeccionados microfibra y tejido Rainers para invierno palma antideslizante, protectores en los dedos y refuerzos hacen de estos guantes unos seguros compa\u00f1eros de viaje. Muy c\u00f3modo y c\u00e1lido, especial para temperaturas bajas del iniverno y viajes largos. Del fabricante espa\u00f1ol RAINERS, expresi\u00f3n de m\u00e1xima [&hellip;]<\/p>","protected":false},"featured_media":2681,"comment_status":"open","ping_status":"closed","template":"","meta":{"_joinchat":[]},"product_brand":[],"product_cat":[30,63],"product_tag":[62],"class_list":{"0":"post-2680","1":"product","2":"type-product","3":"status-publish","4":"has-post-thumbnail","6":"product_cat-boutique","7":"product_cat-guantes","8":"product_tag-disponibilidad-en-stock","10":"first","11":"instock","12":"taxable","13":"shipping-taxable","14":"purchasable","15":"product-type-variable"},"yoast_head":"<!-- This site is optimized with the Yoast SEO plugin v21.3 - https:\/\/yoast.com\/wordpress\/plugins\/seo\/ -->\n<title>GUANTES INVIERNO RAINERS ASPEN -<\/title>\n<meta name=\"robots\" content=\"index, follow, max-snippet:-1, max-image-preview:large, max-video-preview:-1\" \/>\n<link rel=\"canonical\" href=\"https:\/\/jjchorro.com\/en_us\/product\/guantes-invierno-rainers-aspen\/\" \/>\n<meta property=\"og:locale\" content=\"en_US\" \/>\n<meta property=\"og:type\" content=\"article\" \/>\n<meta property=\"og:title\" content=\"GUANTES INVIERNO RAINERS ASPEN -\" \/>\n<meta property=\"og:description\" content=\"Guantes de moto para invierno Rainers Aspen: Guantes de moto Apen, confeccionados microfibra y tejido Rainers para invierno palma antideslizante, protectores en los dedos y refuerzos hacen de estos guantes unos seguros compa\u00f1eros de viaje. Muy c\u00f3modo y c\u00e1lido, especial para temperaturas bajas del iniverno y viajes largos. Del fabricante espa\u00f1ol RAINERS, expresi\u00f3n de m\u00e1xima [&hellip;]\" \/>\n<meta property=\"og:url\" content=\"https:\/\/jjchorro.com\/en_us\/product\/guantes-invierno-rainers-aspen\/\" \/>\n<meta property=\"article:modified_time\" content=\"2022-11-16T16:43:45+00:00\" \/>\n<meta property=\"og:image\" content=\"http:\/\/jjchorro.com\/wp-content\/uploads\/2022\/03\/aspen_1_cs.jpg\" \/>\n\t<meta property=\"og:image:width\" content=\"800\" \/>\n\t<meta property=\"og:image:height\" content=\"800\" \/>\n\t<meta property=\"og:image:type\" content=\"image\/jpeg\" \/>\n<meta name=\"twitter:card\" content=\"summary_large_image\" \/>\n<meta name=\"twitter:label1\" content=\"Est. reading time\" \/>\n\t<meta name=\"twitter:data1\" content=\"1 minute\" \/>\n<script type=\"application\/ld+json\" class=\"yoast-schema-graph\">{\"@context\":\"https:\/\/schema.org\",\"@graph\":[{\"@type\":\"WebPage\",\"@id\":\"https:\/\/jjchorro.com\/producto\/guantes-invierno-rainers-aspen\/\",\"url\":\"https:\/\/jjchorro.com\/producto\/guantes-invierno-rainers-aspen\/\",\"name\":\"GUANTES INVIERNO RAINERS ASPEN -\",\"isPartOf\":{\"@id\":\"https:\/\/jjchorro.com\/#website\"},\"datePublished\":\"2022-03-25T18:00:25+00:00\",\"dateModified\":\"2022-11-16T16:43:45+00:00\",\"breadcrumb\":{\"@id\":\"https:\/\/jjchorro.com\/producto\/guantes-invierno-rainers-aspen\/#breadcrumb\"},\"inLanguage\":\"en-US\",\"potentialAction\":[{\"@type\":\"ReadAction\",\"target\":[\"https:\/\/jjchorro.com\/producto\/guantes-invierno-rainers-aspen\/\"]}]},{\"@type\":\"BreadcrumbList\",\"@id\":\"https:\/\/jjchorro.com\/producto\/guantes-invierno-rainers-aspen\/#breadcrumb\",\"itemListElement\":[{\"@type\":\"ListItem\",\"position\":1,\"name\":\"Portada\",\"item\":\"https:\/\/jjchorro.com\/\"},{\"@type\":\"ListItem\",\"position\":2,\"name\":\"Productos\",\"item\":\"https:\/\/jjchorro.com\/tienda\/\"},{\"@type\":\"ListItem\",\"position\":3,\"name\":\"GUANTES INVIERNO RAINERS ASPEN\"}]},{\"@type\":\"WebSite\",\"@id\":\"https:\/\/jjchorro.com\/#website\",\"url\":\"https:\/\/jjchorro.com\/\",\"name\":\"\",\"description\":\"\",\"potentialAction\":[{\"@type\":\"SearchAction\",\"target\":{\"@type\":\"EntryPoint\",\"urlTemplate\":\"https:\/\/jjchorro.com\/?s={search_term_string}\"},\"query-input\":\"required name=search_term_string\"}],\"inLanguage\":\"en-US\"}]}<\/script>\n<!-- \/ Yoast SEO plugin. -->","yoast_head_json":{"title":"GUANTES INVIERNO RAINERS ASPEN -","robots":{"index":"index","follow":"follow","max-snippet":"max-snippet:-1","max-image-preview":"max-image-preview:large","max-video-preview":"max-video-preview:-1"},"canonical":"https:\/\/jjchorro.com\/en_us\/product\/guantes-invierno-rainers-aspen\/","og_locale":"en_US","og_type":"article","og_title":"GUANTES INVIERNO RAINERS ASPEN -","og_description":"Guantes de moto para invierno Rainers Aspen: Guantes de moto Apen, confeccionados microfibra y tejido Rainers para invierno palma antideslizante, protectores en los dedos y refuerzos hacen de estos guantes unos seguros compa\u00f1eros de viaje. Muy c\u00f3modo y c\u00e1lido, especial para temperaturas bajas del iniverno y viajes largos. Del fabricante espa\u00f1ol RAINERS, expresi\u00f3n de m\u00e1xima [&hellip;]","og_url":"https:\/\/jjchorro.com\/en_us\/product\/guantes-invierno-rainers-aspen\/","article_modified_time":"2022-11-16T16:43:45+00:00","og_image":[{"width":800,"height":800,"url":"http:\/\/jjchorro.com\/wp-content\/uploads\/2022\/03\/aspen_1_cs.jpg","type":"image\/jpeg"}],"twitter_card":"summary_large_image","twitter_misc":{"Est. reading time":"1 minute"},"schema":{"@context":"https:\/\/schema.org","@graph":[{"@type":"WebPage","@id":"https:\/\/jjchorro.com\/producto\/guantes-invierno-rainers-aspen\/","url":"https:\/\/jjchorro.com\/producto\/guantes-invierno-rainers-aspen\/","name":"GUANTES INVIERNO RAINERS ASPEN -","isPartOf":{"@id":"https:\/\/jjchorro.com\/#website"},"datePublished":"2022-03-25T18:00:25+00:00","dateModified":"2022-11-16T16:43:45+00:00","breadcrumb":{"@id":"https:\/\/jjchorro.com\/producto\/guantes-invierno-rainers-aspen\/#breadcrumb"},"inLanguage":"en-US","potentialAction":[{"@type":"ReadAction","target":["https:\/\/jjchorro.com\/producto\/guantes-invierno-rainers-aspen\/"]}]},{"@type":"BreadcrumbList","@id":"https:\/\/jjchorro.com\/producto\/guantes-invierno-rainers-aspen\/#breadcrumb","itemListElement":[{"@type":"ListItem","position":1,"name":"Portada","item":"https:\/\/jjchorro.com\/"},{"@type":"ListItem","position":2,"name":"Productos","item":"https:\/\/jjchorro.com\/tienda\/"},{"@type":"ListItem","position":3,"name":"GUANTES INVIERNO RAINERS ASPEN"}]},{"@type":"WebSite","@id":"https:\/\/jjchorro.com\/#website","url":"https:\/\/jjchorro.com\/","name":"","description":"","potentialAction":[{"@type":"SearchAction","target":{"@type":"EntryPoint","urlTemplate":"https:\/\/jjchorro.com\/?s={search_term_string}"},"query-input":"required name=search_term_string"}],"inLanguage":"en-US"}]}},"_links":{"self":[{"href":"https:\/\/jjchorro.com\/en_us\/wp-json\/wp\/v2\/product\/2680","targetHints":{"allow":["GET"]}}],"collection":[{"href":"https:\/\/jjchorro.com\/en_us\/wp-json\/wp\/v2\/product"}],"about":[{"href":"https:\/\/jjchorro.com\/en_us\/wp-json\/wp\/v2\/types\/product"}],"replies":[{"embeddable":true,"href":"https:\/\/jjchorro.com\/en_us\/wp-json\/wp\/v2\/comments?post=2680"}],"wp:featuredmedia":[{"embeddable":true,"href":"https:\/\/jjchorro.com\/en_us\/wp-json\/wp\/v2\/media\/2681"}],"wp:attachment":[{"href":"https:\/\/jjchorro.com\/en_us\/wp-json\/wp\/v2\/media?parent=2680"}],"wp:term":[{"taxonomy":"product_brand","embeddable":true,"href":"https:\/\/jjchorro.com\/en_us\/wp-json\/wp\/v2\/product_brand?post=2680"},{"taxonomy":"product_cat","embeddable":true,"href":"https:\/\/jjchorro.com\/en_us\/wp-json\/wp\/v2\/product_cat?post=2680"},{"taxonomy":"product_tag","embeddable":true,"href":"https:\/\/jjchorro.com\/en_us\/wp-json\/wp\/v2\/product_tag?post=2680"}],"curies":[{"name":"wp","href":"https:\/\/api.w.org\/{rel}","templated":true}]}}