{"id":2615,"date":"2022-03-23T20:43:20","date_gmt":"2022-03-23T18:43:20","guid":{"rendered":"https:\/\/jjchorro.com\/?post_type=product&#038;p=2615"},"modified":"2025-07-15T19:38:30","modified_gmt":"2025-07-15T17:38:30","slug":"guantes-invierno-unik-vintage-c-51-marron","status":"publish","type":"product","link":"https:\/\/jjchorro.com\/en_us\/product\/guantes-invierno-unik-vintage-c-51-marron\/","title":{"rendered":"GUANTES INVIERNO UNIK VINTAGE C-51 MARRON"},"content":{"rendered":"<h4>GUANTES INVIERNO UNIK VINTAGE C-51 MARRON<\/h4>\n<p>*Los guantes Unik vintage c-51 invierno de estilo retro.<\/p>\n<p>*Composici\u00f3n:<br \/>\n*Confeccionado totalmente en piel de m\u00e1xima calidad y elasticidad mate con dise\u00f1o desgastado.<\/p>\n<p>*Caracter\u00edsticas:<br \/>\n*Forro interior polar t\u00e9rmico que ofrece un insuperable calor sin peso, tambi\u00e9n es transpirable, duradero *y seca r\u00e1pidamente.<br \/>\n*Membrana \u00abweather-tex\u00bb 100% impermeable y transpirable.<br \/>\n*Dedos pre-formados para no crear tensi\u00f3n cuando nos agarramos al manillar.<br \/>\n*Protecci\u00f3n r\u00edgida en nudillos.<br \/>\n*Refuerzos de piel en la palma de la mano y exterior del dedo \u00edndice.<\/p>","protected":false},"excerpt":{"rendered":"<p>10% DTO<\/p>","protected":false},"featured_media":2616,"comment_status":"open","ping_status":"closed","template":"","meta":{"_joinchat":[]},"product_brand":[],"product_cat":[30,63],"product_tag":[38],"class_list":{"0":"post-2615","1":"product","2":"type-product","3":"status-publish","4":"has-post-thumbnail","6":"product_cat-boutique","7":"product_cat-guantes","8":"product_tag-unica-talla-en-stock","10":"first","11":"instock","12":"sale","13":"taxable","14":"shipping-taxable","15":"purchasable","16":"product-type-variable"},"yoast_head":"<!-- This site is optimized with the Yoast SEO plugin v21.3 - https:\/\/yoast.com\/wordpress\/plugins\/seo\/ -->\n<title>GUANTES INVIERNO UNIK VINTAGE C-51 MARRON -<\/title>\n<meta name=\"robots\" content=\"index, follow, max-snippet:-1, max-image-preview:large, max-video-preview:-1\" \/>\n<link rel=\"canonical\" href=\"https:\/\/jjchorro.com\/en_us\/product\/guantes-invierno-unik-vintage-c-51-marron\/\" \/>\n<meta property=\"og:locale\" content=\"en_US\" \/>\n<meta property=\"og:type\" content=\"article\" \/>\n<meta property=\"og:title\" content=\"GUANTES INVIERNO UNIK VINTAGE C-51 MARRON -\" \/>\n<meta property=\"og:description\" content=\"10% DTO\" \/>\n<meta property=\"og:url\" content=\"https:\/\/jjchorro.com\/en_us\/product\/guantes-invierno-unik-vintage-c-51-marron\/\" \/>\n<meta property=\"article:modified_time\" content=\"2025-07-15T17:38:30+00:00\" \/>\n<meta property=\"og:image\" content=\"http:\/\/jjchorro.com\/wp-content\/uploads\/2022\/03\/guantes-invierno-hombre-unik-c-51-marron.webp\" \/>\n\t<meta property=\"og:image:width\" content=\"600\" \/>\n\t<meta property=\"og:image:height\" content=\"686\" \/>\n\t<meta property=\"og:image:type\" content=\"image\/webp\" \/>\n<meta name=\"twitter:card\" content=\"summary_large_image\" \/>\n<meta name=\"twitter:label1\" content=\"Est. reading time\" \/>\n\t<meta name=\"twitter:data1\" content=\"1 minute\" \/>\n<script type=\"application\/ld+json\" class=\"yoast-schema-graph\">{\"@context\":\"https:\/\/schema.org\",\"@graph\":[{\"@type\":\"WebPage\",\"@id\":\"https:\/\/jjchorro.com\/producto\/guantes-invierno-unik-vintage-c-51-marron\/\",\"url\":\"https:\/\/jjchorro.com\/producto\/guantes-invierno-unik-vintage-c-51-marron\/\",\"name\":\"GUANTES INVIERNO UNIK VINTAGE C-51 MARRON -\",\"isPartOf\":{\"@id\":\"https:\/\/jjchorro.com\/#website\"},\"datePublished\":\"2022-03-23T18:43:20+00:00\",\"dateModified\":\"2025-07-15T17:38:30+00:00\",\"breadcrumb\":{\"@id\":\"https:\/\/jjchorro.com\/producto\/guantes-invierno-unik-vintage-c-51-marron\/#breadcrumb\"},\"inLanguage\":\"en-US\",\"potentialAction\":[{\"@type\":\"ReadAction\",\"target\":[\"https:\/\/jjchorro.com\/producto\/guantes-invierno-unik-vintage-c-51-marron\/\"]}]},{\"@type\":\"BreadcrumbList\",\"@id\":\"https:\/\/jjchorro.com\/producto\/guantes-invierno-unik-vintage-c-51-marron\/#breadcrumb\",\"itemListElement\":[{\"@type\":\"ListItem\",\"position\":1,\"name\":\"Portada\",\"item\":\"https:\/\/jjchorro.com\/\"},{\"@type\":\"ListItem\",\"position\":2,\"name\":\"Productos\",\"item\":\"https:\/\/jjchorro.com\/tienda\/\"},{\"@type\":\"ListItem\",\"position\":3,\"name\":\"GUANTES INVIERNO UNIK VINTAGE C-51 MARRON\"}]},{\"@type\":\"WebSite\",\"@id\":\"https:\/\/jjchorro.com\/#website\",\"url\":\"https:\/\/jjchorro.com\/\",\"name\":\"\",\"description\":\"\",\"potentialAction\":[{\"@type\":\"SearchAction\",\"target\":{\"@type\":\"EntryPoint\",\"urlTemplate\":\"https:\/\/jjchorro.com\/?s={search_term_string}\"},\"query-input\":\"required name=search_term_string\"}],\"inLanguage\":\"en-US\"}]}<\/script>\n<!-- \/ Yoast SEO plugin. -->","yoast_head_json":{"title":"GUANTES INVIERNO UNIK VINTAGE C-51 MARRON -","robots":{"index":"index","follow":"follow","max-snippet":"max-snippet:-1","max-image-preview":"max-image-preview:large","max-video-preview":"max-video-preview:-1"},"canonical":"https:\/\/jjchorro.com\/en_us\/product\/guantes-invierno-unik-vintage-c-51-marron\/","og_locale":"en_US","og_type":"article","og_title":"GUANTES INVIERNO UNIK VINTAGE C-51 MARRON -","og_description":"10% DTO","og_url":"https:\/\/jjchorro.com\/en_us\/product\/guantes-invierno-unik-vintage-c-51-marron\/","article_modified_time":"2025-07-15T17:38:30+00:00","og_image":[{"width":600,"height":686,"url":"http:\/\/jjchorro.com\/wp-content\/uploads\/2022\/03\/guantes-invierno-hombre-unik-c-51-marron.webp","type":"image\/webp"}],"twitter_card":"summary_large_image","twitter_misc":{"Est. reading time":"1 minute"},"schema":{"@context":"https:\/\/schema.org","@graph":[{"@type":"WebPage","@id":"https:\/\/jjchorro.com\/producto\/guantes-invierno-unik-vintage-c-51-marron\/","url":"https:\/\/jjchorro.com\/producto\/guantes-invierno-unik-vintage-c-51-marron\/","name":"GUANTES INVIERNO UNIK VINTAGE C-51 MARRON -","isPartOf":{"@id":"https:\/\/jjchorro.com\/#website"},"datePublished":"2022-03-23T18:43:20+00:00","dateModified":"2025-07-15T17:38:30+00:00","breadcrumb":{"@id":"https:\/\/jjchorro.com\/producto\/guantes-invierno-unik-vintage-c-51-marron\/#breadcrumb"},"inLanguage":"en-US","potentialAction":[{"@type":"ReadAction","target":["https:\/\/jjchorro.com\/producto\/guantes-invierno-unik-vintage-c-51-marron\/"]}]},{"@type":"BreadcrumbList","@id":"https:\/\/jjchorro.com\/producto\/guantes-invierno-unik-vintage-c-51-marron\/#breadcrumb","itemListElement":[{"@type":"ListItem","position":1,"name":"Portada","item":"https:\/\/jjchorro.com\/"},{"@type":"ListItem","position":2,"name":"Productos","item":"https:\/\/jjchorro.com\/tienda\/"},{"@type":"ListItem","position":3,"name":"GUANTES INVIERNO UNIK VINTAGE C-51 MARRON"}]},{"@type":"WebSite","@id":"https:\/\/jjchorro.com\/#website","url":"https:\/\/jjchorro.com\/","name":"","description":"","potentialAction":[{"@type":"SearchAction","target":{"@type":"EntryPoint","urlTemplate":"https:\/\/jjchorro.com\/?s={search_term_string}"},"query-input":"required name=search_term_string"}],"inLanguage":"en-US"}]}},"_links":{"self":[{"href":"https:\/\/jjchorro.com\/en_us\/wp-json\/wp\/v2\/product\/2615","targetHints":{"allow":["GET"]}}],"collection":[{"href":"https:\/\/jjchorro.com\/en_us\/wp-json\/wp\/v2\/product"}],"about":[{"href":"https:\/\/jjchorro.com\/en_us\/wp-json\/wp\/v2\/types\/product"}],"replies":[{"embeddable":true,"href":"https:\/\/jjchorro.com\/en_us\/wp-json\/wp\/v2\/comments?post=2615"}],"wp:featuredmedia":[{"embeddable":true,"href":"https:\/\/jjchorro.com\/en_us\/wp-json\/wp\/v2\/media\/2616"}],"wp:attachment":[{"href":"https:\/\/jjchorro.com\/en_us\/wp-json\/wp\/v2\/media?parent=2615"}],"wp:term":[{"taxonomy":"product_brand","embeddable":true,"href":"https:\/\/jjchorro.com\/en_us\/wp-json\/wp\/v2\/product_brand?post=2615"},{"taxonomy":"product_cat","embeddable":true,"href":"https:\/\/jjchorro.com\/en_us\/wp-json\/wp\/v2\/product_cat?post=2615"},{"taxonomy":"product_tag","embeddable":true,"href":"https:\/\/jjchorro.com\/en_us\/wp-json\/wp\/v2\/product_tag?post=2615"}],"curies":[{"name":"wp","href":"https:\/\/api.w.org\/{rel}","templated":true}]}}