{"id":2330,"date":"2022-03-15T13:02:27","date_gmt":"2022-03-15T11:02:27","guid":{"rendered":"https:\/\/jjchorro.com\/?post_type=product&#038;p=2330"},"modified":"2025-10-14T13:54:42","modified_gmt":"2025-10-14T11:54:42","slug":"chaqueta-verano-rainers","status":"publish","type":"product","link":"https:\/\/jjchorro.com\/en_us\/product\/chaqueta-verano-rainers\/","title":{"rendered":"CHAQUETA VERANO RAINERS"},"content":{"rendered":"<h4>Chaqueta verano Riverside Rainers azul<\/h4>\n<h4><strong>Chaqueta modelo RIVERSIDE en color azul con membrana impermeable desmontable.<\/strong><\/h4>\n<p><strong>Color AZUL<\/strong><\/p>\n<p><strong>*Caracter\u00edsticas:<\/strong><br \/>\n* Parte exterior tejido poli\u00e9ster con paneles de ventilaci\u00f3n con rejilla de poli\u00e9ster<br \/>\n* Reflectantes en la parte delantera y trasera<br \/>\n* Botones de ajuste en la zona superior de las mangas<br \/>\n* Banda el\u00e1stica de ajuste en la cintura<br \/>\n* Ajuste en las mangas mediante velcro<br \/>\n* Membrana impermeable desmontable mediante cremallera<br \/>\n* Bot\u00f3n de ajuste en la parte inferior de la cintura<br \/>\n* Un bolsillo interior<br \/>\n* Ribete de neopreno en la zona superior del cuello para un mayor ajuste y suavidad<br \/>\n* Protectores (CE) en hombros y codos<\/p>","protected":false},"excerpt":{"rendered":"<p>Envio Gratis<\/p>","protected":false},"featured_media":2331,"comment_status":"open","ping_status":"closed","template":"","meta":{"_joinchat":[]},"product_brand":[],"product_cat":[30,54],"product_tag":[46],"class_list":{"0":"post-2330","1":"product","2":"type-product","3":"status-publish","4":"has-post-thumbnail","6":"product_cat-boutique","7":"product_cat-chaquetas","8":"product_tag-ultimas-unidades","10":"first","11":"instock","12":"taxable","13":"shipping-taxable","14":"purchasable","15":"product-type-variable"},"yoast_head":"<!-- This site is optimized with the Yoast SEO plugin v21.3 - https:\/\/yoast.com\/wordpress\/plugins\/seo\/ -->\n<title>CHAQUETA VERANO RAINERS -<\/title>\n<meta name=\"robots\" content=\"index, follow, max-snippet:-1, max-image-preview:large, max-video-preview:-1\" \/>\n<link rel=\"canonical\" href=\"https:\/\/jjchorro.com\/en_us\/product\/chaqueta-verano-rainers\/\" \/>\n<meta property=\"og:locale\" content=\"en_US\" \/>\n<meta property=\"og:type\" content=\"article\" \/>\n<meta property=\"og:title\" content=\"CHAQUETA VERANO RAINERS -\" \/>\n<meta property=\"og:description\" content=\"Envio Gratis\" \/>\n<meta property=\"og:url\" content=\"https:\/\/jjchorro.com\/en_us\/product\/chaqueta-verano-rainers\/\" \/>\n<meta property=\"article:modified_time\" content=\"2025-10-14T11:54:42+00:00\" \/>\n<meta property=\"og:image\" content=\"http:\/\/jjchorro.com\/wp-content\/uploads\/2022\/03\/riversideaz_1_re.jpg\" \/>\n\t<meta property=\"og:image:width\" content=\"800\" \/>\n\t<meta property=\"og:image:height\" content=\"800\" \/>\n\t<meta property=\"og:image:type\" content=\"image\/jpeg\" \/>\n<meta name=\"twitter:card\" content=\"summary_large_image\" \/>\n<meta name=\"twitter:label1\" content=\"Est. reading time\" \/>\n\t<meta name=\"twitter:data1\" content=\"1 minute\" \/>\n<script type=\"application\/ld+json\" class=\"yoast-schema-graph\">{\"@context\":\"https:\/\/schema.org\",\"@graph\":[{\"@type\":\"WebPage\",\"@id\":\"https:\/\/jjchorro.com\/producto\/chaqueta-verano-rainers\/\",\"url\":\"https:\/\/jjchorro.com\/producto\/chaqueta-verano-rainers\/\",\"name\":\"CHAQUETA VERANO RAINERS -\",\"isPartOf\":{\"@id\":\"https:\/\/jjchorro.com\/#website\"},\"datePublished\":\"2022-03-15T11:02:27+00:00\",\"dateModified\":\"2025-10-14T11:54:42+00:00\",\"breadcrumb\":{\"@id\":\"https:\/\/jjchorro.com\/producto\/chaqueta-verano-rainers\/#breadcrumb\"},\"inLanguage\":\"en-US\",\"potentialAction\":[{\"@type\":\"ReadAction\",\"target\":[\"https:\/\/jjchorro.com\/producto\/chaqueta-verano-rainers\/\"]}]},{\"@type\":\"BreadcrumbList\",\"@id\":\"https:\/\/jjchorro.com\/producto\/chaqueta-verano-rainers\/#breadcrumb\",\"itemListElement\":[{\"@type\":\"ListItem\",\"position\":1,\"name\":\"Portada\",\"item\":\"https:\/\/jjchorro.com\/\"},{\"@type\":\"ListItem\",\"position\":2,\"name\":\"Productos\",\"item\":\"https:\/\/jjchorro.com\/tienda\/\"},{\"@type\":\"ListItem\",\"position\":3,\"name\":\"CHAQUETA VERANO RAINERS\"}]},{\"@type\":\"WebSite\",\"@id\":\"https:\/\/jjchorro.com\/#website\",\"url\":\"https:\/\/jjchorro.com\/\",\"name\":\"\",\"description\":\"\",\"potentialAction\":[{\"@type\":\"SearchAction\",\"target\":{\"@type\":\"EntryPoint\",\"urlTemplate\":\"https:\/\/jjchorro.com\/?s={search_term_string}\"},\"query-input\":\"required name=search_term_string\"}],\"inLanguage\":\"en-US\"}]}<\/script>\n<!-- \/ Yoast SEO plugin. -->","yoast_head_json":{"title":"CHAQUETA VERANO RAINERS -","robots":{"index":"index","follow":"follow","max-snippet":"max-snippet:-1","max-image-preview":"max-image-preview:large","max-video-preview":"max-video-preview:-1"},"canonical":"https:\/\/jjchorro.com\/en_us\/product\/chaqueta-verano-rainers\/","og_locale":"en_US","og_type":"article","og_title":"CHAQUETA VERANO RAINERS -","og_description":"Envio Gratis","og_url":"https:\/\/jjchorro.com\/en_us\/product\/chaqueta-verano-rainers\/","article_modified_time":"2025-10-14T11:54:42+00:00","og_image":[{"width":800,"height":800,"url":"http:\/\/jjchorro.com\/wp-content\/uploads\/2022\/03\/riversideaz_1_re.jpg","type":"image\/jpeg"}],"twitter_card":"summary_large_image","twitter_misc":{"Est. reading time":"1 minute"},"schema":{"@context":"https:\/\/schema.org","@graph":[{"@type":"WebPage","@id":"https:\/\/jjchorro.com\/producto\/chaqueta-verano-rainers\/","url":"https:\/\/jjchorro.com\/producto\/chaqueta-verano-rainers\/","name":"CHAQUETA VERANO RAINERS -","isPartOf":{"@id":"https:\/\/jjchorro.com\/#website"},"datePublished":"2022-03-15T11:02:27+00:00","dateModified":"2025-10-14T11:54:42+00:00","breadcrumb":{"@id":"https:\/\/jjchorro.com\/producto\/chaqueta-verano-rainers\/#breadcrumb"},"inLanguage":"en-US","potentialAction":[{"@type":"ReadAction","target":["https:\/\/jjchorro.com\/producto\/chaqueta-verano-rainers\/"]}]},{"@type":"BreadcrumbList","@id":"https:\/\/jjchorro.com\/producto\/chaqueta-verano-rainers\/#breadcrumb","itemListElement":[{"@type":"ListItem","position":1,"name":"Portada","item":"https:\/\/jjchorro.com\/"},{"@type":"ListItem","position":2,"name":"Productos","item":"https:\/\/jjchorro.com\/tienda\/"},{"@type":"ListItem","position":3,"name":"CHAQUETA VERANO RAINERS"}]},{"@type":"WebSite","@id":"https:\/\/jjchorro.com\/#website","url":"https:\/\/jjchorro.com\/","name":"","description":"","potentialAction":[{"@type":"SearchAction","target":{"@type":"EntryPoint","urlTemplate":"https:\/\/jjchorro.com\/?s={search_term_string}"},"query-input":"required name=search_term_string"}],"inLanguage":"en-US"}]}},"_links":{"self":[{"href":"https:\/\/jjchorro.com\/en_us\/wp-json\/wp\/v2\/product\/2330","targetHints":{"allow":["GET"]}}],"collection":[{"href":"https:\/\/jjchorro.com\/en_us\/wp-json\/wp\/v2\/product"}],"about":[{"href":"https:\/\/jjchorro.com\/en_us\/wp-json\/wp\/v2\/types\/product"}],"replies":[{"embeddable":true,"href":"https:\/\/jjchorro.com\/en_us\/wp-json\/wp\/v2\/comments?post=2330"}],"wp:featuredmedia":[{"embeddable":true,"href":"https:\/\/jjchorro.com\/en_us\/wp-json\/wp\/v2\/media\/2331"}],"wp:attachment":[{"href":"https:\/\/jjchorro.com\/en_us\/wp-json\/wp\/v2\/media?parent=2330"}],"wp:term":[{"taxonomy":"product_brand","embeddable":true,"href":"https:\/\/jjchorro.com\/en_us\/wp-json\/wp\/v2\/product_brand?post=2330"},{"taxonomy":"product_cat","embeddable":true,"href":"https:\/\/jjchorro.com\/en_us\/wp-json\/wp\/v2\/product_cat?post=2330"},{"taxonomy":"product_tag","embeddable":true,"href":"https:\/\/jjchorro.com\/en_us\/wp-json\/wp\/v2\/product_tag?post=2330"}],"curies":[{"name":"wp","href":"https:\/\/api.w.org\/{rel}","templated":true}]}}