{"id":2322,"date":"2022-03-15T12:46:05","date_gmt":"2022-03-15T10:46:05","guid":{"rendered":"https:\/\/jjchorro.com\/?post_type=product&#038;p=2322"},"modified":"2025-11-17T20:34:04","modified_gmt":"2025-11-17T18:34:04","slug":"chaqueta-rainers-california","status":"publish","type":"product","link":"https:\/\/jjchorro.com\/en_us\/product\/chaqueta-rainers-california\/","title":{"rendered":"CHAQUETA RAINERS CALIFORNIA"},"content":{"rendered":"<h4>Chaqueta de moto California de invierno Rainers<\/h4>\n<p><span style=\"font-family: tahoma, geneva, sans-serif;\"><b>Chaqueta Rainers modelo California, es una chaqueta de invierno muy ligera y c\u00f3moda.<\/b><\/span><\/p>\n<p><span style=\"font-family: Tahoma;\">Caracter\u00edsticas principales de la chaqueta California:<\/span><\/p>\n<div><span style=\"font-family: Tahoma;\">* Poli\u00e9ster 600-D<\/span><\/div>\n<div><span style=\"font-family: Tahoma;\">* Forro interior con maya de poli\u00e9ster y bolsillo<\/span><\/div>\n<div><span style=\"font-family: Tahoma;\">* Membrana impermeable fija<\/span><\/div>\n<div><span style=\"font-family: Tahoma;\">* Forro t\u00e9rmico desmontable con bolsillo<\/span><\/div>\n<div><span style=\"font-family: Tahoma;\">* Protectores (CE) en codos, hombros y espalda<\/span><\/div>\n<div><span style=\"font-family: Tahoma;\">* Cinturones de ajuste en brazos<\/span><\/div>\n<div><span style=\"font-family: Tahoma;\">* Fuelles flexibles en hombro y axila<\/span><\/div>\n<div><span style=\"font-family: Tahoma;\">* Reflectantes delanteros y traseros<\/span><\/div>\n<div><span style=\"font-family: Tahoma;\">* Ventilaciones en zona superior frontal<\/span><\/div>\n<div><span style=\"font-family: Tahoma;\">* Velcro de ajuste en pu\u00f1os<\/span><\/div>\n<div><\/div>","protected":false},"excerpt":{"rendered":"<p>Chaqueta de moto California de invierno Rainers Chaqueta Rainers modelo California, es una chaqueta de invierno muy ligera y c\u00f3moda. Caracter\u00edsticas principales de la chaqueta California: * Poli\u00e9ster 600-D * Forro interior con maya de poli\u00e9ster y bolsillo * Membrana impermeable fija * Forro t\u00e9rmico desmontable con bolsillo * Protectores (CE) en codos, hombros y [&hellip;]<\/p>","protected":false},"featured_media":2323,"comment_status":"open","ping_status":"closed","template":"","meta":{"_joinchat":[]},"product_brand":[],"product_cat":[30,54],"product_tag":[62],"class_list":{"0":"post-2322","1":"product","2":"type-product","3":"status-publish","4":"has-post-thumbnail","6":"product_cat-boutique","7":"product_cat-chaquetas","8":"product_tag-disponibilidad-en-stock","10":"first","11":"instock","12":"taxable","13":"shipping-taxable","14":"purchasable","15":"product-type-variable"},"yoast_head":"<!-- This site is optimized with the Yoast SEO plugin v21.3 - https:\/\/yoast.com\/wordpress\/plugins\/seo\/ -->\n<title>CHAQUETA RAINERS CALIFORNIA -<\/title>\n<meta name=\"robots\" content=\"index, follow, max-snippet:-1, max-image-preview:large, max-video-preview:-1\" \/>\n<link rel=\"canonical\" href=\"https:\/\/jjchorro.com\/en_us\/product\/chaqueta-rainers-california\/\" \/>\n<meta property=\"og:locale\" content=\"en_US\" \/>\n<meta property=\"og:type\" content=\"article\" \/>\n<meta property=\"og:title\" content=\"CHAQUETA RAINERS CALIFORNIA -\" \/>\n<meta property=\"og:description\" content=\"Chaqueta de moto California de invierno Rainers Chaqueta Rainers modelo California, es una chaqueta de invierno muy ligera y c\u00f3moda. Caracter\u00edsticas principales de la chaqueta California: * Poli\u00e9ster 600-D * Forro interior con maya de poli\u00e9ster y bolsillo * Membrana impermeable fija * Forro t\u00e9rmico desmontable con bolsillo * Protectores (CE) en codos, hombros y [&hellip;]\" \/>\n<meta property=\"og:url\" content=\"https:\/\/jjchorro.com\/en_us\/product\/chaqueta-rainers-california\/\" \/>\n<meta property=\"article:modified_time\" content=\"2025-11-17T18:34:04+00:00\" \/>\n<meta property=\"og:image\" content=\"http:\/\/jjchorro.com\/wp-content\/uploads\/2022\/03\/california_1_ai.jpg\" \/>\n\t<meta property=\"og:image:width\" content=\"800\" \/>\n\t<meta property=\"og:image:height\" content=\"800\" \/>\n\t<meta property=\"og:image:type\" content=\"image\/jpeg\" \/>\n<meta name=\"twitter:card\" content=\"summary_large_image\" \/>\n<meta name=\"twitter:label1\" content=\"Est. reading time\" \/>\n\t<meta name=\"twitter:data1\" content=\"1 minute\" \/>\n<script type=\"application\/ld+json\" class=\"yoast-schema-graph\">{\"@context\":\"https:\/\/schema.org\",\"@graph\":[{\"@type\":\"WebPage\",\"@id\":\"https:\/\/jjchorro.com\/producto\/chaqueta-rainers-california\/\",\"url\":\"https:\/\/jjchorro.com\/producto\/chaqueta-rainers-california\/\",\"name\":\"CHAQUETA RAINERS CALIFORNIA -\",\"isPartOf\":{\"@id\":\"https:\/\/jjchorro.com\/#website\"},\"datePublished\":\"2022-03-15T10:46:05+00:00\",\"dateModified\":\"2025-11-17T18:34:04+00:00\",\"breadcrumb\":{\"@id\":\"https:\/\/jjchorro.com\/producto\/chaqueta-rainers-california\/#breadcrumb\"},\"inLanguage\":\"en-US\",\"potentialAction\":[{\"@type\":\"ReadAction\",\"target\":[\"https:\/\/jjchorro.com\/producto\/chaqueta-rainers-california\/\"]}]},{\"@type\":\"BreadcrumbList\",\"@id\":\"https:\/\/jjchorro.com\/producto\/chaqueta-rainers-california\/#breadcrumb\",\"itemListElement\":[{\"@type\":\"ListItem\",\"position\":1,\"name\":\"Portada\",\"item\":\"https:\/\/jjchorro.com\/\"},{\"@type\":\"ListItem\",\"position\":2,\"name\":\"Productos\",\"item\":\"https:\/\/jjchorro.com\/tienda\/\"},{\"@type\":\"ListItem\",\"position\":3,\"name\":\"CHAQUETA RAINERS CALIFORNIA\"}]},{\"@type\":\"WebSite\",\"@id\":\"https:\/\/jjchorro.com\/#website\",\"url\":\"https:\/\/jjchorro.com\/\",\"name\":\"\",\"description\":\"\",\"potentialAction\":[{\"@type\":\"SearchAction\",\"target\":{\"@type\":\"EntryPoint\",\"urlTemplate\":\"https:\/\/jjchorro.com\/?s={search_term_string}\"},\"query-input\":\"required name=search_term_string\"}],\"inLanguage\":\"en-US\"}]}<\/script>\n<!-- \/ Yoast SEO plugin. -->","yoast_head_json":{"title":"CHAQUETA RAINERS CALIFORNIA -","robots":{"index":"index","follow":"follow","max-snippet":"max-snippet:-1","max-image-preview":"max-image-preview:large","max-video-preview":"max-video-preview:-1"},"canonical":"https:\/\/jjchorro.com\/en_us\/product\/chaqueta-rainers-california\/","og_locale":"en_US","og_type":"article","og_title":"CHAQUETA RAINERS CALIFORNIA -","og_description":"Chaqueta de moto California de invierno Rainers Chaqueta Rainers modelo California, es una chaqueta de invierno muy ligera y c\u00f3moda. Caracter\u00edsticas principales de la chaqueta California: * Poli\u00e9ster 600-D * Forro interior con maya de poli\u00e9ster y bolsillo * Membrana impermeable fija * Forro t\u00e9rmico desmontable con bolsillo * Protectores (CE) en codos, hombros y [&hellip;]","og_url":"https:\/\/jjchorro.com\/en_us\/product\/chaqueta-rainers-california\/","article_modified_time":"2025-11-17T18:34:04+00:00","og_image":[{"width":800,"height":800,"url":"http:\/\/jjchorro.com\/wp-content\/uploads\/2022\/03\/california_1_ai.jpg","type":"image\/jpeg"}],"twitter_card":"summary_large_image","twitter_misc":{"Est. reading time":"1 minute"},"schema":{"@context":"https:\/\/schema.org","@graph":[{"@type":"WebPage","@id":"https:\/\/jjchorro.com\/producto\/chaqueta-rainers-california\/","url":"https:\/\/jjchorro.com\/producto\/chaqueta-rainers-california\/","name":"CHAQUETA RAINERS CALIFORNIA -","isPartOf":{"@id":"https:\/\/jjchorro.com\/#website"},"datePublished":"2022-03-15T10:46:05+00:00","dateModified":"2025-11-17T18:34:04+00:00","breadcrumb":{"@id":"https:\/\/jjchorro.com\/producto\/chaqueta-rainers-california\/#breadcrumb"},"inLanguage":"en-US","potentialAction":[{"@type":"ReadAction","target":["https:\/\/jjchorro.com\/producto\/chaqueta-rainers-california\/"]}]},{"@type":"BreadcrumbList","@id":"https:\/\/jjchorro.com\/producto\/chaqueta-rainers-california\/#breadcrumb","itemListElement":[{"@type":"ListItem","position":1,"name":"Portada","item":"https:\/\/jjchorro.com\/"},{"@type":"ListItem","position":2,"name":"Productos","item":"https:\/\/jjchorro.com\/tienda\/"},{"@type":"ListItem","position":3,"name":"CHAQUETA RAINERS CALIFORNIA"}]},{"@type":"WebSite","@id":"https:\/\/jjchorro.com\/#website","url":"https:\/\/jjchorro.com\/","name":"","description":"","potentialAction":[{"@type":"SearchAction","target":{"@type":"EntryPoint","urlTemplate":"https:\/\/jjchorro.com\/?s={search_term_string}"},"query-input":"required name=search_term_string"}],"inLanguage":"en-US"}]}},"_links":{"self":[{"href":"https:\/\/jjchorro.com\/en_us\/wp-json\/wp\/v2\/product\/2322","targetHints":{"allow":["GET"]}}],"collection":[{"href":"https:\/\/jjchorro.com\/en_us\/wp-json\/wp\/v2\/product"}],"about":[{"href":"https:\/\/jjchorro.com\/en_us\/wp-json\/wp\/v2\/types\/product"}],"replies":[{"embeddable":true,"href":"https:\/\/jjchorro.com\/en_us\/wp-json\/wp\/v2\/comments?post=2322"}],"wp:featuredmedia":[{"embeddable":true,"href":"https:\/\/jjchorro.com\/en_us\/wp-json\/wp\/v2\/media\/2323"}],"wp:attachment":[{"href":"https:\/\/jjchorro.com\/en_us\/wp-json\/wp\/v2\/media?parent=2322"}],"wp:term":[{"taxonomy":"product_brand","embeddable":true,"href":"https:\/\/jjchorro.com\/en_us\/wp-json\/wp\/v2\/product_brand?post=2322"},{"taxonomy":"product_cat","embeddable":true,"href":"https:\/\/jjchorro.com\/en_us\/wp-json\/wp\/v2\/product_cat?post=2322"},{"taxonomy":"product_tag","embeddable":true,"href":"https:\/\/jjchorro.com\/en_us\/wp-json\/wp\/v2\/product_tag?post=2322"}],"curies":[{"name":"wp","href":"https:\/\/api.w.org\/{rel}","templated":true}]}}