{"id":2289,"date":"2022-03-14T14:54:29","date_gmt":"2022-03-14T12:54:29","guid":{"rendered":"https:\/\/jjchorro.com\/?post_type=product&#038;p=2289"},"modified":"2022-11-25T19:48:11","modified_gmt":"2022-11-25T17:48:11","slug":"pantalon-hevik-stelvio-light","status":"publish","type":"product","link":"https:\/\/jjchorro.com\/en_us\/product\/pantalon-hevik-stelvio-light\/","title":{"rendered":"PANTALON HEVIK STELVIO LIGHT"},"content":{"rendered":"<div class=\"product-desc\">\n<p>Cualquier viaje es m\u00e1s agradable si se vive junto con el compa\u00f1ero ideal: STELVIO LIGHT es el pantal\u00f3n que junto a la chaqueta hom\u00f3nima configura un traje perfecto de dos capas y es una perfecta l\u00ednea de dos capas para el mototurismo de primavera m\u00e1s adrenal\u00ednico.<br \/>\nNo tendr\u00e1s que pensar en nada: ser\u00e1 la parte externa del pantal\u00f3n, con revestimiento de poli\u00e9ster, quien te proteger\u00e1 del viento, y ser\u00e1n las tomas de aire quienes al favorecer la recirculaci\u00f3n interna te permitir\u00e1n alargar tu viaje.<br \/>\nTambi\u00e9n podr\u00e1s aventurarte por los pasos de monta\u00f1a con total seguridad, sin temer los cambios bruscos del clima: la membrana impermeable fija te mantendr\u00e1 seco, el forro t\u00e9rmico desmontable te ayudar\u00e1 en los puntos m\u00e1s fr\u00edos y el refuerzo antideslizante en la parte de trasera te mantendr\u00e1 pegado al sill\u00edn.<\/p>\n<p>PLUS: prenda certificada de clase A conforme a la legislaci\u00f3n EN17092:2020.<br \/>\nTomas de aire frontales, protecciones de nivel 1 ajustables en dos posiciones, 3 bolsillos de los cuales uno posterior es totalmente impermeable, posibilidad de uni\u00f3n con la chaqueta mediante cremallera central. Protecciones certificadas CE de 1er nivel conforme a la norma EN 1621- 1:2012 en las rodillas.<br \/>\nPredispuesto para incorporar protecciones de cadera 720 Safetech. (HPKIT02)<\/p>\n<\/div>\n<div>\n<div class=\"btn_to_eshop\"><\/div>\n<\/div>","protected":false},"excerpt":{"rendered":"<p>Cualquier viaje es m\u00e1s agradable si se vive junto con el compa\u00f1ero ideal: STELVIO LIGHT es el pantal\u00f3n que junto a la chaqueta hom\u00f3nima configura un traje perfecto de dos capas y es una perfecta l\u00ednea de dos capas para el mototurismo de primavera m\u00e1s adrenal\u00ednico. No tendr\u00e1s que pensar en nada: ser\u00e1 la parte [&hellip;]<\/p>","protected":false},"featured_media":2290,"comment_status":"open","ping_status":"closed","template":"","meta":{"_joinchat":[]},"product_brand":[],"product_cat":[30,53],"product_tag":[62],"class_list":{"0":"post-2289","1":"product","2":"type-product","3":"status-publish","4":"has-post-thumbnail","6":"product_cat-boutique","7":"product_cat-pantalon","8":"product_tag-disponibilidad-en-stock","10":"first","11":"instock","12":"taxable","13":"shipping-taxable","14":"purchasable","15":"product-type-variable"},"yoast_head":"<!-- This site is optimized with the Yoast SEO plugin v21.3 - https:\/\/yoast.com\/wordpress\/plugins\/seo\/ -->\n<title>PANTALON HEVIK STELVIO LIGHT -<\/title>\n<meta name=\"robots\" content=\"index, follow, max-snippet:-1, max-image-preview:large, max-video-preview:-1\" \/>\n<link rel=\"canonical\" href=\"https:\/\/jjchorro.com\/en_us\/product\/pantalon-hevik-stelvio-light\/\" \/>\n<meta property=\"og:locale\" content=\"en_US\" \/>\n<meta property=\"og:type\" content=\"article\" \/>\n<meta property=\"og:title\" content=\"PANTALON HEVIK STELVIO LIGHT -\" \/>\n<meta property=\"og:description\" content=\"Cualquier viaje es m\u00e1s agradable si se vive junto con el compa\u00f1ero ideal: STELVIO LIGHT es el pantal\u00f3n que junto a la chaqueta hom\u00f3nima configura un traje perfecto de dos capas y es una perfecta l\u00ednea de dos capas para el mototurismo de primavera m\u00e1s adrenal\u00ednico. No tendr\u00e1s que pensar en nada: ser\u00e1 la parte [&hellip;]\" \/>\n<meta property=\"og:url\" content=\"https:\/\/jjchorro.com\/en_us\/product\/pantalon-hevik-stelvio-light\/\" \/>\n<meta property=\"article:modified_time\" content=\"2022-11-25T17:48:11+00:00\" \/>\n<meta property=\"og:image\" content=\"http:\/\/jjchorro.com\/wp-content\/uploads\/2022\/03\/HT2L305MB_STELVIO_LIGHT_front.jpg\" \/>\n\t<meta property=\"og:image:width\" content=\"1440\" \/>\n\t<meta property=\"og:image:height\" content=\"1440\" \/>\n\t<meta property=\"og:image:type\" content=\"image\/jpeg\" \/>\n<meta name=\"twitter:card\" content=\"summary_large_image\" \/>\n<meta name=\"twitter:label1\" content=\"Est. reading time\" \/>\n\t<meta name=\"twitter:data1\" content=\"1 minute\" \/>\n<script type=\"application\/ld+json\" class=\"yoast-schema-graph\">{\"@context\":\"https:\/\/schema.org\",\"@graph\":[{\"@type\":\"WebPage\",\"@id\":\"https:\/\/jjchorro.com\/producto\/pantalon-hevik-stelvio-light\/\",\"url\":\"https:\/\/jjchorro.com\/producto\/pantalon-hevik-stelvio-light\/\",\"name\":\"PANTALON HEVIK STELVIO LIGHT -\",\"isPartOf\":{\"@id\":\"https:\/\/jjchorro.com\/#website\"},\"datePublished\":\"2022-03-14T12:54:29+00:00\",\"dateModified\":\"2022-11-25T17:48:11+00:00\",\"breadcrumb\":{\"@id\":\"https:\/\/jjchorro.com\/producto\/pantalon-hevik-stelvio-light\/#breadcrumb\"},\"inLanguage\":\"en-US\",\"potentialAction\":[{\"@type\":\"ReadAction\",\"target\":[\"https:\/\/jjchorro.com\/producto\/pantalon-hevik-stelvio-light\/\"]}]},{\"@type\":\"BreadcrumbList\",\"@id\":\"https:\/\/jjchorro.com\/producto\/pantalon-hevik-stelvio-light\/#breadcrumb\",\"itemListElement\":[{\"@type\":\"ListItem\",\"position\":1,\"name\":\"Portada\",\"item\":\"https:\/\/jjchorro.com\/\"},{\"@type\":\"ListItem\",\"position\":2,\"name\":\"Productos\",\"item\":\"https:\/\/jjchorro.com\/tienda\/\"},{\"@type\":\"ListItem\",\"position\":3,\"name\":\"PANTALON HEVIK STELVIO LIGHT\"}]},{\"@type\":\"WebSite\",\"@id\":\"https:\/\/jjchorro.com\/#website\",\"url\":\"https:\/\/jjchorro.com\/\",\"name\":\"\",\"description\":\"\",\"potentialAction\":[{\"@type\":\"SearchAction\",\"target\":{\"@type\":\"EntryPoint\",\"urlTemplate\":\"https:\/\/jjchorro.com\/?s={search_term_string}\"},\"query-input\":\"required name=search_term_string\"}],\"inLanguage\":\"en-US\"}]}<\/script>\n<!-- \/ Yoast SEO plugin. -->","yoast_head_json":{"title":"PANTALON HEVIK STELVIO LIGHT -","robots":{"index":"index","follow":"follow","max-snippet":"max-snippet:-1","max-image-preview":"max-image-preview:large","max-video-preview":"max-video-preview:-1"},"canonical":"https:\/\/jjchorro.com\/en_us\/product\/pantalon-hevik-stelvio-light\/","og_locale":"en_US","og_type":"article","og_title":"PANTALON HEVIK STELVIO LIGHT -","og_description":"Cualquier viaje es m\u00e1s agradable si se vive junto con el compa\u00f1ero ideal: STELVIO LIGHT es el pantal\u00f3n que junto a la chaqueta hom\u00f3nima configura un traje perfecto de dos capas y es una perfecta l\u00ednea de dos capas para el mototurismo de primavera m\u00e1s adrenal\u00ednico. No tendr\u00e1s que pensar en nada: ser\u00e1 la parte [&hellip;]","og_url":"https:\/\/jjchorro.com\/en_us\/product\/pantalon-hevik-stelvio-light\/","article_modified_time":"2022-11-25T17:48:11+00:00","og_image":[{"width":1440,"height":1440,"url":"http:\/\/jjchorro.com\/wp-content\/uploads\/2022\/03\/HT2L305MB_STELVIO_LIGHT_front.jpg","type":"image\/jpeg"}],"twitter_card":"summary_large_image","twitter_misc":{"Est. reading time":"1 minute"},"schema":{"@context":"https:\/\/schema.org","@graph":[{"@type":"WebPage","@id":"https:\/\/jjchorro.com\/producto\/pantalon-hevik-stelvio-light\/","url":"https:\/\/jjchorro.com\/producto\/pantalon-hevik-stelvio-light\/","name":"PANTALON HEVIK STELVIO LIGHT -","isPartOf":{"@id":"https:\/\/jjchorro.com\/#website"},"datePublished":"2022-03-14T12:54:29+00:00","dateModified":"2022-11-25T17:48:11+00:00","breadcrumb":{"@id":"https:\/\/jjchorro.com\/producto\/pantalon-hevik-stelvio-light\/#breadcrumb"},"inLanguage":"en-US","potentialAction":[{"@type":"ReadAction","target":["https:\/\/jjchorro.com\/producto\/pantalon-hevik-stelvio-light\/"]}]},{"@type":"BreadcrumbList","@id":"https:\/\/jjchorro.com\/producto\/pantalon-hevik-stelvio-light\/#breadcrumb","itemListElement":[{"@type":"ListItem","position":1,"name":"Portada","item":"https:\/\/jjchorro.com\/"},{"@type":"ListItem","position":2,"name":"Productos","item":"https:\/\/jjchorro.com\/tienda\/"},{"@type":"ListItem","position":3,"name":"PANTALON HEVIK STELVIO LIGHT"}]},{"@type":"WebSite","@id":"https:\/\/jjchorro.com\/#website","url":"https:\/\/jjchorro.com\/","name":"","description":"","potentialAction":[{"@type":"SearchAction","target":{"@type":"EntryPoint","urlTemplate":"https:\/\/jjchorro.com\/?s={search_term_string}"},"query-input":"required name=search_term_string"}],"inLanguage":"en-US"}]}},"_links":{"self":[{"href":"https:\/\/jjchorro.com\/en_us\/wp-json\/wp\/v2\/product\/2289","targetHints":{"allow":["GET"]}}],"collection":[{"href":"https:\/\/jjchorro.com\/en_us\/wp-json\/wp\/v2\/product"}],"about":[{"href":"https:\/\/jjchorro.com\/en_us\/wp-json\/wp\/v2\/types\/product"}],"replies":[{"embeddable":true,"href":"https:\/\/jjchorro.com\/en_us\/wp-json\/wp\/v2\/comments?post=2289"}],"wp:featuredmedia":[{"embeddable":true,"href":"https:\/\/jjchorro.com\/en_us\/wp-json\/wp\/v2\/media\/2290"}],"wp:attachment":[{"href":"https:\/\/jjchorro.com\/en_us\/wp-json\/wp\/v2\/media?parent=2289"}],"wp:term":[{"taxonomy":"product_brand","embeddable":true,"href":"https:\/\/jjchorro.com\/en_us\/wp-json\/wp\/v2\/product_brand?post=2289"},{"taxonomy":"product_cat","embeddable":true,"href":"https:\/\/jjchorro.com\/en_us\/wp-json\/wp\/v2\/product_cat?post=2289"},{"taxonomy":"product_tag","embeddable":true,"href":"https:\/\/jjchorro.com\/en_us\/wp-json\/wp\/v2\/product_tag?post=2289"}],"curies":[{"name":"wp","href":"https:\/\/api.w.org\/{rel}","templated":true}]}}