{"id":2283,"date":"2022-03-14T14:45:57","date_gmt":"2022-03-14T12:45:57","guid":{"rendered":"https:\/\/jjchorro.com\/?post_type=product&#038;p=2283"},"modified":"2025-11-17T20:40:08","modified_gmt":"2025-11-17T18:40:08","slug":"chaqueta-hevik-stelvio-light","status":"publish","type":"product","link":"https:\/\/jjchorro.com\/en_us\/product\/chaqueta-hevik-stelvio-light\/","title":{"rendered":"CHAQUETA HEVIK STELVIO LIGHT"},"content":{"rendered":"<div class=\"product-desc\">\n<p>Un nombre que significa aventura, la de 48 curvas de pura experiencia en la carretera. STELVIO LIGHT es la chaqueta de mototurismo que te acompa\u00f1ar\u00e1 en los itinerarios primaverales m\u00e1s emocionantes. Dos capas optimizadas para una conducci\u00f3n \u00e1gil y segura, una perfecta uni\u00f3n entre estilo atrevido y comodidad, con ajuste en la cintura y las caderas.<br \/>\nSTELVIO LIGHT tiene una membrana impermeable fija, perfecta para afrontar los viajes en territorios de clima variable como un puerto de monta\u00f1a. Cuando el sol brilla en lo m\u00e1s alto, las entradas de aire en pecho y espalda mantendr\u00e1n equilibrada la termorregulaci\u00f3n natural. C\u00f3moda en los movimientos, al bolsillo interior del pecho se puede acceder sin tener que abrir la chaqueta.<br \/>\nPLUS: ajuste con botones en las mangas y con cierre autoadherente r\u00e1pido en los pu\u00f1os; interior t\u00e9rmico extra\u00edble; cuello con cierre de doble bot\u00f3n; dos bolsillos anteriores impermeables y uno interno \u201ctipo napole\u00f3n\u201d. Certificado seg\u00fan la normativa armonizada EN 17092:2020 en clase A.<\/p>\n<p>Exterior: 100% poli\u00e9ster<br \/>\nForro: 100% poli\u00e9ster<br \/>\nInterior t\u00e9rmico: 100% poli\u00e9ster<\/p>\n<\/div>\n<div>\n<div class=\"btn_to_eshop\"><\/div>\n<\/div>","protected":false},"excerpt":{"rendered":"<p>10% DTO<\/p>","protected":false},"featured_media":2286,"comment_status":"open","ping_status":"closed","template":"","meta":{"_joinchat":[]},"product_brand":[],"product_cat":[30,54],"product_tag":[62],"class_list":{"0":"post-2283","1":"product","2":"type-product","3":"status-publish","4":"has-post-thumbnail","6":"product_cat-boutique","7":"product_cat-chaquetas","8":"product_tag-disponibilidad-en-stock","10":"first","11":"instock","12":"sale","13":"taxable","14":"shipping-taxable","15":"purchasable","16":"product-type-variable"},"yoast_head":"<!-- This site is optimized with the Yoast SEO plugin v21.3 - https:\/\/yoast.com\/wordpress\/plugins\/seo\/ -->\n<title>CHAQUETA HEVIK STELVIO LIGHT -<\/title>\n<meta name=\"robots\" content=\"index, follow, max-snippet:-1, max-image-preview:large, max-video-preview:-1\" \/>\n<link rel=\"canonical\" href=\"https:\/\/jjchorro.com\/en_us\/product\/chaqueta-hevik-stelvio-light\/\" \/>\n<meta property=\"og:locale\" content=\"en_US\" \/>\n<meta property=\"og:type\" content=\"article\" \/>\n<meta property=\"og:title\" content=\"CHAQUETA HEVIK STELVIO LIGHT -\" \/>\n<meta property=\"og:description\" content=\"10% DTO\" \/>\n<meta property=\"og:url\" content=\"https:\/\/jjchorro.com\/en_us\/product\/chaqueta-hevik-stelvio-light\/\" \/>\n<meta property=\"article:modified_time\" content=\"2025-11-17T18:40:08+00:00\" \/>\n<meta property=\"og:image\" content=\"http:\/\/jjchorro.com\/wp-content\/uploads\/2022\/03\/HJ2L305LMG_front-scaled.jpg\" \/>\n\t<meta property=\"og:image:width\" content=\"2560\" \/>\n\t<meta property=\"og:image:height\" content=\"2560\" \/>\n\t<meta property=\"og:image:type\" content=\"image\/jpeg\" \/>\n<meta name=\"twitter:card\" content=\"summary_large_image\" \/>\n<meta name=\"twitter:label1\" content=\"Est. reading time\" \/>\n\t<meta name=\"twitter:data1\" content=\"1 minute\" \/>\n<script type=\"application\/ld+json\" class=\"yoast-schema-graph\">{\"@context\":\"https:\/\/schema.org\",\"@graph\":[{\"@type\":\"WebPage\",\"@id\":\"https:\/\/jjchorro.com\/producto\/chaqueta-hevik-stelvio-light\/\",\"url\":\"https:\/\/jjchorro.com\/producto\/chaqueta-hevik-stelvio-light\/\",\"name\":\"CHAQUETA HEVIK STELVIO LIGHT -\",\"isPartOf\":{\"@id\":\"https:\/\/jjchorro.com\/#website\"},\"datePublished\":\"2022-03-14T12:45:57+00:00\",\"dateModified\":\"2025-11-17T18:40:08+00:00\",\"breadcrumb\":{\"@id\":\"https:\/\/jjchorro.com\/producto\/chaqueta-hevik-stelvio-light\/#breadcrumb\"},\"inLanguage\":\"en-US\",\"potentialAction\":[{\"@type\":\"ReadAction\",\"target\":[\"https:\/\/jjchorro.com\/producto\/chaqueta-hevik-stelvio-light\/\"]}]},{\"@type\":\"BreadcrumbList\",\"@id\":\"https:\/\/jjchorro.com\/producto\/chaqueta-hevik-stelvio-light\/#breadcrumb\",\"itemListElement\":[{\"@type\":\"ListItem\",\"position\":1,\"name\":\"Portada\",\"item\":\"https:\/\/jjchorro.com\/\"},{\"@type\":\"ListItem\",\"position\":2,\"name\":\"Productos\",\"item\":\"https:\/\/jjchorro.com\/tienda\/\"},{\"@type\":\"ListItem\",\"position\":3,\"name\":\"CHAQUETA HEVIK STELVIO LIGHT\"}]},{\"@type\":\"WebSite\",\"@id\":\"https:\/\/jjchorro.com\/#website\",\"url\":\"https:\/\/jjchorro.com\/\",\"name\":\"\",\"description\":\"\",\"potentialAction\":[{\"@type\":\"SearchAction\",\"target\":{\"@type\":\"EntryPoint\",\"urlTemplate\":\"https:\/\/jjchorro.com\/?s={search_term_string}\"},\"query-input\":\"required name=search_term_string\"}],\"inLanguage\":\"en-US\"}]}<\/script>\n<!-- \/ Yoast SEO plugin. -->","yoast_head_json":{"title":"CHAQUETA HEVIK STELVIO LIGHT -","robots":{"index":"index","follow":"follow","max-snippet":"max-snippet:-1","max-image-preview":"max-image-preview:large","max-video-preview":"max-video-preview:-1"},"canonical":"https:\/\/jjchorro.com\/en_us\/product\/chaqueta-hevik-stelvio-light\/","og_locale":"en_US","og_type":"article","og_title":"CHAQUETA HEVIK STELVIO LIGHT -","og_description":"10% DTO","og_url":"https:\/\/jjchorro.com\/en_us\/product\/chaqueta-hevik-stelvio-light\/","article_modified_time":"2025-11-17T18:40:08+00:00","og_image":[{"width":2560,"height":2560,"url":"http:\/\/jjchorro.com\/wp-content\/uploads\/2022\/03\/HJ2L305LMG_front-scaled.jpg","type":"image\/jpeg"}],"twitter_card":"summary_large_image","twitter_misc":{"Est. reading time":"1 minute"},"schema":{"@context":"https:\/\/schema.org","@graph":[{"@type":"WebPage","@id":"https:\/\/jjchorro.com\/producto\/chaqueta-hevik-stelvio-light\/","url":"https:\/\/jjchorro.com\/producto\/chaqueta-hevik-stelvio-light\/","name":"CHAQUETA HEVIK STELVIO LIGHT -","isPartOf":{"@id":"https:\/\/jjchorro.com\/#website"},"datePublished":"2022-03-14T12:45:57+00:00","dateModified":"2025-11-17T18:40:08+00:00","breadcrumb":{"@id":"https:\/\/jjchorro.com\/producto\/chaqueta-hevik-stelvio-light\/#breadcrumb"},"inLanguage":"en-US","potentialAction":[{"@type":"ReadAction","target":["https:\/\/jjchorro.com\/producto\/chaqueta-hevik-stelvio-light\/"]}]},{"@type":"BreadcrumbList","@id":"https:\/\/jjchorro.com\/producto\/chaqueta-hevik-stelvio-light\/#breadcrumb","itemListElement":[{"@type":"ListItem","position":1,"name":"Portada","item":"https:\/\/jjchorro.com\/"},{"@type":"ListItem","position":2,"name":"Productos","item":"https:\/\/jjchorro.com\/tienda\/"},{"@type":"ListItem","position":3,"name":"CHAQUETA HEVIK STELVIO LIGHT"}]},{"@type":"WebSite","@id":"https:\/\/jjchorro.com\/#website","url":"https:\/\/jjchorro.com\/","name":"","description":"","potentialAction":[{"@type":"SearchAction","target":{"@type":"EntryPoint","urlTemplate":"https:\/\/jjchorro.com\/?s={search_term_string}"},"query-input":"required name=search_term_string"}],"inLanguage":"en-US"}]}},"_links":{"self":[{"href":"https:\/\/jjchorro.com\/en_us\/wp-json\/wp\/v2\/product\/2283","targetHints":{"allow":["GET"]}}],"collection":[{"href":"https:\/\/jjchorro.com\/en_us\/wp-json\/wp\/v2\/product"}],"about":[{"href":"https:\/\/jjchorro.com\/en_us\/wp-json\/wp\/v2\/types\/product"}],"replies":[{"embeddable":true,"href":"https:\/\/jjchorro.com\/en_us\/wp-json\/wp\/v2\/comments?post=2283"}],"wp:featuredmedia":[{"embeddable":true,"href":"https:\/\/jjchorro.com\/en_us\/wp-json\/wp\/v2\/media\/2286"}],"wp:attachment":[{"href":"https:\/\/jjchorro.com\/en_us\/wp-json\/wp\/v2\/media?parent=2283"}],"wp:term":[{"taxonomy":"product_brand","embeddable":true,"href":"https:\/\/jjchorro.com\/en_us\/wp-json\/wp\/v2\/product_brand?post=2283"},{"taxonomy":"product_cat","embeddable":true,"href":"https:\/\/jjchorro.com\/en_us\/wp-json\/wp\/v2\/product_cat?post=2283"},{"taxonomy":"product_tag","embeddable":true,"href":"https:\/\/jjchorro.com\/en_us\/wp-json\/wp\/v2\/product_tag?post=2283"}],"curies":[{"name":"wp","href":"https:\/\/api.w.org\/{rel}","templated":true}]}}