{"id":2277,"date":"2022-03-11T20:49:55","date_gmt":"2022-03-11T18:49:55","guid":{"rendered":"https:\/\/jjchorro.com\/?post_type=product&#038;p=2277"},"modified":"2022-12-28T13:38:38","modified_gmt":"2022-12-28T11:38:38","slug":"chaqueta-touring-ktm-adventure","status":"publish","type":"product","link":"https:\/\/jjchorro.com\/en_us\/product\/chaqueta-touring-ktm-adventure\/","title":{"rendered":"CHAQUETA TOURING KTM ADVENTURE S"},"content":{"rendered":"<p><strong>Chaqueta touring de alta calidad con amplias posibilidades de uso.<\/strong><\/p>\n<p>* Material externo transpirable y el\u00e1stico de 2 capas de alto rendimiento.<br \/>\n* Costuras adheridas e impermeables.<br \/>\n* Resistente al viento, impermeable, transpirable gracias al tejido externo de 2 capas de alto rendimiento<br \/>\n* Cierre delantero impermeable.<br \/>\n* Cremalleras YKK hidr\u00f3fugas.<br \/>\n* Forro interior continuo de malla con ventilaci\u00f3n \u00f3ptima para la m\u00e1xima comodidad.<br \/>\n* Cremalleras de ventilaci\u00f3n.<br \/>\n* Utilizable todo el a\u00f1o gracias a su forro t\u00e9rmico desmontable.<br \/>\n* Zonas expuestas a ca\u00eddas con piel de cabra extremadamente c\u00f3moda de 1,1-1,2 mm.<br \/>\n* Estampados en tr\u00e1nsfer reflectantes para mayor visibilidad.<br \/>\n* Protectores desmontables SAS-TEC\u00ae para hombros y codos.<br \/>\n* Material doble en hombros y codos.<br \/>\n* Costuras doblemente acolchadas para una mayor sujeci\u00f3n.<br \/>\n* Corte activo con mucha libertad de movimientos para un confort \u00f3ptimo.<br \/>\n* Amplia libertad de movimientos para la cabeza y visi\u00f3n sobre el hombro.<br \/>\n* Codo preformado para aumentar la comodidad en la conducci\u00f3n.<br \/>\n* Cremallera de uni\u00f3n corta y larga.<br \/>\n* Cuello de alto confort.<br \/>\n* Material exterior el\u00e1stico para una \u00f3ptima libertad de movimiento.<br \/>\n* Cord\u00f3n el\u00e1stico ajustable por ambos lados<br \/>\n* Ajuste de anchura en la cintura.<br \/>\n* Ajuste de anchura de manga.<br \/>\n* Bolsillo impermeable entre la solapa frontal y la cremallera principal<br \/>\n* Cierre delantero impermeable.<br \/>\n* Tirador de cremallera TPR de KTM.* Bolsillo para protector de espalda SAS-TEC\u00ae opcional.<br \/>\n* 75 % nylon \/ 8 % poliuretano \/ 17 % cuero.<\/p>","protected":false},"excerpt":{"rendered":"<p>40% DTO<\/p>","protected":false},"featured_media":2278,"comment_status":"open","ping_status":"closed","template":"","meta":{"_joinchat":[]},"product_brand":[],"product_cat":[30,54],"product_tag":[62],"class_list":{"0":"post-2277","1":"product","2":"type-product","3":"status-publish","4":"has-post-thumbnail","6":"product_cat-boutique","7":"product_cat-chaquetas","8":"product_tag-disponibilidad-en-stock","10":"first","11":"instock","12":"sale","13":"taxable","14":"shipping-taxable","15":"purchasable","16":"product-type-variable"},"yoast_head":"<!-- This site is optimized with the Yoast SEO plugin v21.3 - https:\/\/yoast.com\/wordpress\/plugins\/seo\/ -->\n<title>CHAQUETA TOURING KTM ADVENTURE S -<\/title>\n<meta name=\"robots\" content=\"index, follow, max-snippet:-1, max-image-preview:large, max-video-preview:-1\" \/>\n<link rel=\"canonical\" href=\"https:\/\/jjchorro.com\/en_us\/product\/chaqueta-touring-ktm-adventure\/\" \/>\n<meta property=\"og:locale\" content=\"en_US\" \/>\n<meta property=\"og:type\" content=\"article\" \/>\n<meta property=\"og:title\" content=\"CHAQUETA TOURING KTM ADVENTURE S -\" \/>\n<meta property=\"og:description\" content=\"40% DTO\" \/>\n<meta property=\"og:url\" content=\"https:\/\/jjchorro.com\/en_us\/product\/chaqueta-touring-ktm-adventure\/\" \/>\n<meta property=\"article:modified_time\" content=\"2022-12-28T11:38:38+00:00\" \/>\n<meta property=\"og:image\" content=\"http:\/\/jjchorro.com\/wp-content\/uploads\/2022\/03\/pho-pw-pers-vs-323128-3pw191160x-adv-s-jacket-front-sall-awsg-v1-40360.jpg\" \/>\n\t<meta property=\"og:image:width\" content=\"764\" \/>\n\t<meta property=\"og:image:height\" content=\"574\" \/>\n\t<meta property=\"og:image:type\" content=\"image\/jpeg\" \/>\n<meta name=\"twitter:card\" content=\"summary_large_image\" \/>\n<meta name=\"twitter:label1\" content=\"Est. reading time\" \/>\n\t<meta name=\"twitter:data1\" content=\"2 minutes\" \/>\n<script type=\"application\/ld+json\" class=\"yoast-schema-graph\">{\"@context\":\"https:\/\/schema.org\",\"@graph\":[{\"@type\":\"WebPage\",\"@id\":\"https:\/\/jjchorro.com\/producto\/chaqueta-touring-ktm-adventure\/\",\"url\":\"https:\/\/jjchorro.com\/producto\/chaqueta-touring-ktm-adventure\/\",\"name\":\"CHAQUETA TOURING KTM ADVENTURE S -\",\"isPartOf\":{\"@id\":\"https:\/\/jjchorro.com\/#website\"},\"datePublished\":\"2022-03-11T18:49:55+00:00\",\"dateModified\":\"2022-12-28T11:38:38+00:00\",\"breadcrumb\":{\"@id\":\"https:\/\/jjchorro.com\/producto\/chaqueta-touring-ktm-adventure\/#breadcrumb\"},\"inLanguage\":\"en-US\",\"potentialAction\":[{\"@type\":\"ReadAction\",\"target\":[\"https:\/\/jjchorro.com\/producto\/chaqueta-touring-ktm-adventure\/\"]}]},{\"@type\":\"BreadcrumbList\",\"@id\":\"https:\/\/jjchorro.com\/producto\/chaqueta-touring-ktm-adventure\/#breadcrumb\",\"itemListElement\":[{\"@type\":\"ListItem\",\"position\":1,\"name\":\"Portada\",\"item\":\"https:\/\/jjchorro.com\/\"},{\"@type\":\"ListItem\",\"position\":2,\"name\":\"Productos\",\"item\":\"https:\/\/jjchorro.com\/tienda\/\"},{\"@type\":\"ListItem\",\"position\":3,\"name\":\"CHAQUETA TOURING KTM ADVENTURE S\"}]},{\"@type\":\"WebSite\",\"@id\":\"https:\/\/jjchorro.com\/#website\",\"url\":\"https:\/\/jjchorro.com\/\",\"name\":\"\",\"description\":\"\",\"potentialAction\":[{\"@type\":\"SearchAction\",\"target\":{\"@type\":\"EntryPoint\",\"urlTemplate\":\"https:\/\/jjchorro.com\/?s={search_term_string}\"},\"query-input\":\"required name=search_term_string\"}],\"inLanguage\":\"en-US\"}]}<\/script>\n<!-- \/ Yoast SEO plugin. -->","yoast_head_json":{"title":"CHAQUETA TOURING KTM ADVENTURE S -","robots":{"index":"index","follow":"follow","max-snippet":"max-snippet:-1","max-image-preview":"max-image-preview:large","max-video-preview":"max-video-preview:-1"},"canonical":"https:\/\/jjchorro.com\/en_us\/product\/chaqueta-touring-ktm-adventure\/","og_locale":"en_US","og_type":"article","og_title":"CHAQUETA TOURING KTM ADVENTURE S -","og_description":"40% DTO","og_url":"https:\/\/jjchorro.com\/en_us\/product\/chaqueta-touring-ktm-adventure\/","article_modified_time":"2022-12-28T11:38:38+00:00","og_image":[{"width":764,"height":574,"url":"http:\/\/jjchorro.com\/wp-content\/uploads\/2022\/03\/pho-pw-pers-vs-323128-3pw191160x-adv-s-jacket-front-sall-awsg-v1-40360.jpg","type":"image\/jpeg"}],"twitter_card":"summary_large_image","twitter_misc":{"Est. reading time":"2 minutes"},"schema":{"@context":"https:\/\/schema.org","@graph":[{"@type":"WebPage","@id":"https:\/\/jjchorro.com\/producto\/chaqueta-touring-ktm-adventure\/","url":"https:\/\/jjchorro.com\/producto\/chaqueta-touring-ktm-adventure\/","name":"CHAQUETA TOURING KTM ADVENTURE S -","isPartOf":{"@id":"https:\/\/jjchorro.com\/#website"},"datePublished":"2022-03-11T18:49:55+00:00","dateModified":"2022-12-28T11:38:38+00:00","breadcrumb":{"@id":"https:\/\/jjchorro.com\/producto\/chaqueta-touring-ktm-adventure\/#breadcrumb"},"inLanguage":"en-US","potentialAction":[{"@type":"ReadAction","target":["https:\/\/jjchorro.com\/producto\/chaqueta-touring-ktm-adventure\/"]}]},{"@type":"BreadcrumbList","@id":"https:\/\/jjchorro.com\/producto\/chaqueta-touring-ktm-adventure\/#breadcrumb","itemListElement":[{"@type":"ListItem","position":1,"name":"Portada","item":"https:\/\/jjchorro.com\/"},{"@type":"ListItem","position":2,"name":"Productos","item":"https:\/\/jjchorro.com\/tienda\/"},{"@type":"ListItem","position":3,"name":"CHAQUETA TOURING KTM ADVENTURE S"}]},{"@type":"WebSite","@id":"https:\/\/jjchorro.com\/#website","url":"https:\/\/jjchorro.com\/","name":"","description":"","potentialAction":[{"@type":"SearchAction","target":{"@type":"EntryPoint","urlTemplate":"https:\/\/jjchorro.com\/?s={search_term_string}"},"query-input":"required name=search_term_string"}],"inLanguage":"en-US"}]}},"_links":{"self":[{"href":"https:\/\/jjchorro.com\/en_us\/wp-json\/wp\/v2\/product\/2277","targetHints":{"allow":["GET"]}}],"collection":[{"href":"https:\/\/jjchorro.com\/en_us\/wp-json\/wp\/v2\/product"}],"about":[{"href":"https:\/\/jjchorro.com\/en_us\/wp-json\/wp\/v2\/types\/product"}],"replies":[{"embeddable":true,"href":"https:\/\/jjchorro.com\/en_us\/wp-json\/wp\/v2\/comments?post=2277"}],"wp:featuredmedia":[{"embeddable":true,"href":"https:\/\/jjchorro.com\/en_us\/wp-json\/wp\/v2\/media\/2278"}],"wp:attachment":[{"href":"https:\/\/jjchorro.com\/en_us\/wp-json\/wp\/v2\/media?parent=2277"}],"wp:term":[{"taxonomy":"product_brand","embeddable":true,"href":"https:\/\/jjchorro.com\/en_us\/wp-json\/wp\/v2\/product_brand?post=2277"},{"taxonomy":"product_cat","embeddable":true,"href":"https:\/\/jjchorro.com\/en_us\/wp-json\/wp\/v2\/product_cat?post=2277"},{"taxonomy":"product_tag","embeddable":true,"href":"https:\/\/jjchorro.com\/en_us\/wp-json\/wp\/v2\/product_tag?post=2277"}],"curies":[{"name":"wp","href":"https:\/\/api.w.org\/{rel}","templated":true}]}}