{"id":1739,"date":"2022-02-14T13:26:03","date_gmt":"2022-02-14T11:26:03","guid":{"rendered":"https:\/\/jjchorro.com\/?post_type=product&#038;p=1739"},"modified":"2024-05-29T18:06:53","modified_gmt":"2024-05-29T16:06:53","slug":"casco-carretera-mt-targo-pro-sound-a3-fluor","status":"publish","type":"product","link":"https:\/\/jjchorro.com\/en_us\/product\/casco-carretera-mt-targo-pro-sound-a3-fluor\/","title":{"rendered":"CASCO CARRETERA MT TARGO PRO SOUND A3 FLUOR"},"content":{"rendered":"<h4>El FF106PRO Targo Pro Sound, es un casco con una terminaci\u00f3n incre\u00edble a un precio reducido. Incorpora la nueva pantalla V-14, de 2,2mm de grosor, con nuevos mecanismos de f\u00e1cil extracci\u00f3n y cierre perfecto.<\/h4>\n<h4>Los materiales utilizados en el interior de los cascos de moto MT HELMETS est\u00e1n fabricados con fibras ign\u00edfugas para garantizar una seguridad \u00f3ptima. Cuenta con m\u00faltiples tejidos internos.<\/h4>\n<h4><\/h4>\n<p>Incorpora un\u00a0<strong>nuevo aler\u00f3n trasero<\/strong>\u00a0totalmente actualizado. El<strong>\u00a0casco de moto integral MT FF106PRO targo Pro Sound\u00a0<\/strong>dispone de ventilaci\u00f3n interna para que el aire fluya por todo el casco. Cuenta con extracci\u00f3n de aire en la parte posterior que facilita la creaci\u00f3n de un flujo de aire a trav\u00e9s del casco para que se pueda evacuar el calor desde su interior. R\u00e1pida activaci\u00f3n de la ventilaci\u00f3n .<\/p>\n<p>Especificaciones:<\/p>\n<ul>\n<li>Casco acabado\u00a0<strong>Brillo<\/strong><\/li>\n<li>Calota en una\u00a0sola talla<\/li>\n<li>Sistema de ventilaci\u00f3n interna<\/li>\n<li>Calota fabricada en<strong>\u00a0tecnolog\u00eda HIRP<\/strong><\/li>\n<li><strong>Poliestireno interno<\/strong>\u00a0de m\u00faltiple densidad<\/li>\n<li>Interior antial\u00e9rgico, desmontable y lavable<\/li>\n<li><strong>Pantalla V-14<\/strong>\u00a0en policarbonato \u00f3ptico anti-rayas<\/li>\n<li>Pantalla con mecanismo de r\u00e1pida y f\u00e1cil liberaci\u00f3n<\/li>\n<li>Pantalla preparada para<strong>\u00a0Pinlock\u00a0<\/strong>(No incluido)<\/li>\n<li><strong>Cierre microm\u00e9trico met\u00e1lico<\/strong><\/li>\n<li>Deflector nasal incluido<\/li>\n<li>Peso aproximado:\u00a0<strong>1.450gr<\/strong><\/li>\n<li>Homologaci\u00f3n\u00a0<strong>DOT y ECE\/ONU 22.05.P<\/strong><\/li>\n<\/ul>","protected":false},"excerpt":{"rendered":"<p>20%DTO<\/p>","protected":false},"featured_media":1740,"comment_status":"open","ping_status":"closed","template":"","meta":{"_joinchat":[]},"product_brand":[],"product_cat":[30,56],"product_tag":[62],"class_list":{"0":"post-1739","1":"product","2":"type-product","3":"status-publish","4":"has-post-thumbnail","6":"product_cat-boutique","7":"product_cat-cascos-boutique","8":"product_tag-disponibilidad-en-stock","10":"first","11":"instock","12":"sale","13":"taxable","14":"shipping-taxable","15":"purchasable","16":"product-type-variable"},"yoast_head":"<!-- This site is optimized with the Yoast SEO plugin v21.3 - https:\/\/yoast.com\/wordpress\/plugins\/seo\/ -->\n<title>CASCO CARRETERA MT TARGO PRO SOUND A3 FLUOR -<\/title>\n<meta name=\"robots\" content=\"index, follow, max-snippet:-1, max-image-preview:large, max-video-preview:-1\" \/>\n<link rel=\"canonical\" href=\"https:\/\/jjchorro.com\/en_us\/product\/casco-carretera-mt-targo-pro-sound-a3-fluor\/\" \/>\n<meta property=\"og:locale\" content=\"en_US\" \/>\n<meta property=\"og:type\" content=\"article\" \/>\n<meta property=\"og:title\" content=\"CASCO CARRETERA MT TARGO PRO SOUND A3 FLUOR -\" \/>\n<meta property=\"og:description\" content=\"20%DTO\" \/>\n<meta property=\"og:url\" content=\"https:\/\/jjchorro.com\/en_us\/product\/casco-carretera-mt-targo-pro-sound-a3-fluor\/\" \/>\n<meta property=\"article:modified_time\" content=\"2024-05-29T16:06:53+00:00\" \/>\n<meta property=\"og:image\" content=\"http:\/\/jjchorro.com\/wp-content\/uploads\/2022\/02\/Casco-MT-FF106PRO-Targo-Pro-Sound-A3-Amarillo-Fluor-1.jpg\" \/>\n\t<meta property=\"og:image:width\" content=\"600\" \/>\n\t<meta property=\"og:image:height\" content=\"600\" \/>\n\t<meta property=\"og:image:type\" content=\"image\/jpeg\" \/>\n<meta name=\"twitter:card\" content=\"summary_large_image\" \/>\n<meta name=\"twitter:label1\" content=\"Est. reading time\" \/>\n\t<meta name=\"twitter:data1\" content=\"1 minute\" \/>\n<script type=\"application\/ld+json\" class=\"yoast-schema-graph\">{\"@context\":\"https:\/\/schema.org\",\"@graph\":[{\"@type\":\"WebPage\",\"@id\":\"https:\/\/jjchorro.com\/producto\/casco-carretera-mt-targo-pro-sound-a3-fluor\/\",\"url\":\"https:\/\/jjchorro.com\/producto\/casco-carretera-mt-targo-pro-sound-a3-fluor\/\",\"name\":\"CASCO CARRETERA MT TARGO PRO SOUND A3 FLUOR -\",\"isPartOf\":{\"@id\":\"https:\/\/jjchorro.com\/#website\"},\"datePublished\":\"2022-02-14T11:26:03+00:00\",\"dateModified\":\"2024-05-29T16:06:53+00:00\",\"breadcrumb\":{\"@id\":\"https:\/\/jjchorro.com\/producto\/casco-carretera-mt-targo-pro-sound-a3-fluor\/#breadcrumb\"},\"inLanguage\":\"en-US\",\"potentialAction\":[{\"@type\":\"ReadAction\",\"target\":[\"https:\/\/jjchorro.com\/producto\/casco-carretera-mt-targo-pro-sound-a3-fluor\/\"]}]},{\"@type\":\"BreadcrumbList\",\"@id\":\"https:\/\/jjchorro.com\/producto\/casco-carretera-mt-targo-pro-sound-a3-fluor\/#breadcrumb\",\"itemListElement\":[{\"@type\":\"ListItem\",\"position\":1,\"name\":\"Portada\",\"item\":\"https:\/\/jjchorro.com\/\"},{\"@type\":\"ListItem\",\"position\":2,\"name\":\"Productos\",\"item\":\"https:\/\/jjchorro.com\/tienda\/\"},{\"@type\":\"ListItem\",\"position\":3,\"name\":\"CASCO CARRETERA MT TARGO PRO SOUND A3 FLUOR\"}]},{\"@type\":\"WebSite\",\"@id\":\"https:\/\/jjchorro.com\/#website\",\"url\":\"https:\/\/jjchorro.com\/\",\"name\":\"\",\"description\":\"\",\"potentialAction\":[{\"@type\":\"SearchAction\",\"target\":{\"@type\":\"EntryPoint\",\"urlTemplate\":\"https:\/\/jjchorro.com\/?s={search_term_string}\"},\"query-input\":\"required name=search_term_string\"}],\"inLanguage\":\"en-US\"}]}<\/script>\n<!-- \/ Yoast SEO plugin. -->","yoast_head_json":{"title":"CASCO CARRETERA MT TARGO PRO SOUND A3 FLUOR -","robots":{"index":"index","follow":"follow","max-snippet":"max-snippet:-1","max-image-preview":"max-image-preview:large","max-video-preview":"max-video-preview:-1"},"canonical":"https:\/\/jjchorro.com\/en_us\/product\/casco-carretera-mt-targo-pro-sound-a3-fluor\/","og_locale":"en_US","og_type":"article","og_title":"CASCO CARRETERA MT TARGO PRO SOUND A3 FLUOR -","og_description":"20%DTO","og_url":"https:\/\/jjchorro.com\/en_us\/product\/casco-carretera-mt-targo-pro-sound-a3-fluor\/","article_modified_time":"2024-05-29T16:06:53+00:00","og_image":[{"width":600,"height":600,"url":"http:\/\/jjchorro.com\/wp-content\/uploads\/2022\/02\/Casco-MT-FF106PRO-Targo-Pro-Sound-A3-Amarillo-Fluor-1.jpg","type":"image\/jpeg"}],"twitter_card":"summary_large_image","twitter_misc":{"Est. reading time":"1 minute"},"schema":{"@context":"https:\/\/schema.org","@graph":[{"@type":"WebPage","@id":"https:\/\/jjchorro.com\/producto\/casco-carretera-mt-targo-pro-sound-a3-fluor\/","url":"https:\/\/jjchorro.com\/producto\/casco-carretera-mt-targo-pro-sound-a3-fluor\/","name":"CASCO CARRETERA MT TARGO PRO SOUND A3 FLUOR -","isPartOf":{"@id":"https:\/\/jjchorro.com\/#website"},"datePublished":"2022-02-14T11:26:03+00:00","dateModified":"2024-05-29T16:06:53+00:00","breadcrumb":{"@id":"https:\/\/jjchorro.com\/producto\/casco-carretera-mt-targo-pro-sound-a3-fluor\/#breadcrumb"},"inLanguage":"en-US","potentialAction":[{"@type":"ReadAction","target":["https:\/\/jjchorro.com\/producto\/casco-carretera-mt-targo-pro-sound-a3-fluor\/"]}]},{"@type":"BreadcrumbList","@id":"https:\/\/jjchorro.com\/producto\/casco-carretera-mt-targo-pro-sound-a3-fluor\/#breadcrumb","itemListElement":[{"@type":"ListItem","position":1,"name":"Portada","item":"https:\/\/jjchorro.com\/"},{"@type":"ListItem","position":2,"name":"Productos","item":"https:\/\/jjchorro.com\/tienda\/"},{"@type":"ListItem","position":3,"name":"CASCO CARRETERA MT TARGO PRO SOUND A3 FLUOR"}]},{"@type":"WebSite","@id":"https:\/\/jjchorro.com\/#website","url":"https:\/\/jjchorro.com\/","name":"","description":"","potentialAction":[{"@type":"SearchAction","target":{"@type":"EntryPoint","urlTemplate":"https:\/\/jjchorro.com\/?s={search_term_string}"},"query-input":"required name=search_term_string"}],"inLanguage":"en-US"}]}},"_links":{"self":[{"href":"https:\/\/jjchorro.com\/en_us\/wp-json\/wp\/v2\/product\/1739","targetHints":{"allow":["GET"]}}],"collection":[{"href":"https:\/\/jjchorro.com\/en_us\/wp-json\/wp\/v2\/product"}],"about":[{"href":"https:\/\/jjchorro.com\/en_us\/wp-json\/wp\/v2\/types\/product"}],"replies":[{"embeddable":true,"href":"https:\/\/jjchorro.com\/en_us\/wp-json\/wp\/v2\/comments?post=1739"}],"wp:featuredmedia":[{"embeddable":true,"href":"https:\/\/jjchorro.com\/en_us\/wp-json\/wp\/v2\/media\/1740"}],"wp:attachment":[{"href":"https:\/\/jjchorro.com\/en_us\/wp-json\/wp\/v2\/media?parent=1739"}],"wp:term":[{"taxonomy":"product_brand","embeddable":true,"href":"https:\/\/jjchorro.com\/en_us\/wp-json\/wp\/v2\/product_brand?post=1739"},{"taxonomy":"product_cat","embeddable":true,"href":"https:\/\/jjchorro.com\/en_us\/wp-json\/wp\/v2\/product_cat?post=1739"},{"taxonomy":"product_tag","embeddable":true,"href":"https:\/\/jjchorro.com\/en_us\/wp-json\/wp\/v2\/product_tag?post=1739"}],"curies":[{"name":"wp","href":"https:\/\/api.w.org\/{rel}","templated":true}]}}