{"id":1725,"date":"2022-02-11T12:40:08","date_gmt":"2022-02-11T10:40:08","guid":{"rendered":"https:\/\/jjchorro.com\/?post_type=product&#038;p=1725"},"modified":"2024-05-29T18:07:55","modified_gmt":"2024-05-29T16:07:55","slug":"casco-carretera-smk-seven","status":"publish","type":"product","link":"https:\/\/jjchorro.com\/en_us\/product\/casco-carretera-smk-seven\/","title":{"rendered":"CASCO CARRETERA SMK SEVEN"},"content":{"rendered":"<p>El casco Eldorado Seven de SMK es atractivo y presenta un dise\u00f1o limpio y contempor\u00e1neo. Dise\u00f1ado con materiales de alta calidad y resistentes a los impactos, una ventilaci\u00f3n completa y una pantalla con caracter\u00edsticas avanzadas, se trata de un casco fiable en diferentes entornos.<\/p>\n<p>Caracter\u00edsticas:<br \/>\n\u2022 Fabricado con materiales avanzados que absorben los impactos para mejorar la protecci\u00f3n<br \/>\n\u2022 Forro interior transpirable con un tratamiento antibacteriano<br \/>\n\u2022 Pantalla con el tratamiento antivaho Pinlock\u00ae, protecci\u00f3n UV y resistencia a los ara\u00f1azos para ofrecer la mejor visi\u00f3n<br \/>\n\u2022 Barbiquejo reforzado para conseguir un ajuste seguro<br \/>\n\u2022 Grandes salidas de aire en la barbilla para conseguir el flujo de aire perfecto<br \/>\n\u2022 Cumple con las normativas ECE 22-05<br \/>\n\u2022 1650 g +\/- 50 g<\/p>","protected":false},"excerpt":{"rendered":"<p>10%DTO<\/p>","protected":false},"featured_media":1726,"comment_status":"open","ping_status":"closed","template":"","meta":{"_joinchat":[]},"product_brand":[],"product_cat":[30,56],"product_tag":[62],"class_list":{"0":"post-1725","1":"product","2":"type-product","3":"status-publish","4":"has-post-thumbnail","6":"product_cat-boutique","7":"product_cat-cascos-boutique","8":"product_tag-disponibilidad-en-stock","10":"first","11":"instock","12":"sale","13":"taxable","14":"shipping-taxable","15":"purchasable","16":"product-type-variable"},"yoast_head":"<!-- This site is optimized with the Yoast SEO plugin v21.3 - https:\/\/yoast.com\/wordpress\/plugins\/seo\/ -->\n<title>CASCO CARRETERA SMK SEVEN -<\/title>\n<meta name=\"robots\" content=\"index, follow, max-snippet:-1, max-image-preview:large, max-video-preview:-1\" \/>\n<link rel=\"canonical\" href=\"https:\/\/jjchorro.com\/en_us\/product\/casco-carretera-smk-seven\/\" \/>\n<meta property=\"og:locale\" content=\"en_US\" \/>\n<meta property=\"og:type\" content=\"article\" \/>\n<meta property=\"og:title\" content=\"CASCO CARRETERA SMK SEVEN -\" \/>\n<meta property=\"og:description\" content=\"10%DTO\" \/>\n<meta property=\"og:url\" content=\"https:\/\/jjchorro.com\/en_us\/product\/casco-carretera-smk-seven\/\" \/>\n<meta property=\"article:modified_time\" content=\"2024-05-29T16:07:55+00:00\" \/>\n<meta property=\"og:image\" content=\"http:\/\/jjchorro.com\/wp-content\/uploads\/2022\/02\/casco-integral-smk-retro-seven-decorado-brillo-gl720.jpg\" \/>\n\t<meta property=\"og:image:width\" content=\"458\" \/>\n\t<meta property=\"og:image:height\" content=\"458\" \/>\n\t<meta property=\"og:image:type\" content=\"image\/jpeg\" \/>\n<meta name=\"twitter:card\" content=\"summary_large_image\" \/>\n<meta name=\"twitter:label1\" content=\"Est. reading time\" \/>\n\t<meta name=\"twitter:data1\" content=\"1 minute\" \/>\n<script type=\"application\/ld+json\" class=\"yoast-schema-graph\">{\"@context\":\"https:\/\/schema.org\",\"@graph\":[{\"@type\":\"WebPage\",\"@id\":\"https:\/\/jjchorro.com\/producto\/casco-carretera-smk-seven\/\",\"url\":\"https:\/\/jjchorro.com\/producto\/casco-carretera-smk-seven\/\",\"name\":\"CASCO CARRETERA SMK SEVEN -\",\"isPartOf\":{\"@id\":\"https:\/\/jjchorro.com\/#website\"},\"datePublished\":\"2022-02-11T10:40:08+00:00\",\"dateModified\":\"2024-05-29T16:07:55+00:00\",\"breadcrumb\":{\"@id\":\"https:\/\/jjchorro.com\/producto\/casco-carretera-smk-seven\/#breadcrumb\"},\"inLanguage\":\"en-US\",\"potentialAction\":[{\"@type\":\"ReadAction\",\"target\":[\"https:\/\/jjchorro.com\/producto\/casco-carretera-smk-seven\/\"]}]},{\"@type\":\"BreadcrumbList\",\"@id\":\"https:\/\/jjchorro.com\/producto\/casco-carretera-smk-seven\/#breadcrumb\",\"itemListElement\":[{\"@type\":\"ListItem\",\"position\":1,\"name\":\"Portada\",\"item\":\"https:\/\/jjchorro.com\/\"},{\"@type\":\"ListItem\",\"position\":2,\"name\":\"Productos\",\"item\":\"https:\/\/jjchorro.com\/tienda\/\"},{\"@type\":\"ListItem\",\"position\":3,\"name\":\"CASCO CARRETERA SMK SEVEN\"}]},{\"@type\":\"WebSite\",\"@id\":\"https:\/\/jjchorro.com\/#website\",\"url\":\"https:\/\/jjchorro.com\/\",\"name\":\"\",\"description\":\"\",\"potentialAction\":[{\"@type\":\"SearchAction\",\"target\":{\"@type\":\"EntryPoint\",\"urlTemplate\":\"https:\/\/jjchorro.com\/?s={search_term_string}\"},\"query-input\":\"required name=search_term_string\"}],\"inLanguage\":\"en-US\"}]}<\/script>\n<!-- \/ Yoast SEO plugin. -->","yoast_head_json":{"title":"CASCO CARRETERA SMK SEVEN -","robots":{"index":"index","follow":"follow","max-snippet":"max-snippet:-1","max-image-preview":"max-image-preview:large","max-video-preview":"max-video-preview:-1"},"canonical":"https:\/\/jjchorro.com\/en_us\/product\/casco-carretera-smk-seven\/","og_locale":"en_US","og_type":"article","og_title":"CASCO CARRETERA SMK SEVEN -","og_description":"10%DTO","og_url":"https:\/\/jjchorro.com\/en_us\/product\/casco-carretera-smk-seven\/","article_modified_time":"2024-05-29T16:07:55+00:00","og_image":[{"width":458,"height":458,"url":"http:\/\/jjchorro.com\/wp-content\/uploads\/2022\/02\/casco-integral-smk-retro-seven-decorado-brillo-gl720.jpg","type":"image\/jpeg"}],"twitter_card":"summary_large_image","twitter_misc":{"Est. reading time":"1 minute"},"schema":{"@context":"https:\/\/schema.org","@graph":[{"@type":"WebPage","@id":"https:\/\/jjchorro.com\/producto\/casco-carretera-smk-seven\/","url":"https:\/\/jjchorro.com\/producto\/casco-carretera-smk-seven\/","name":"CASCO CARRETERA SMK SEVEN -","isPartOf":{"@id":"https:\/\/jjchorro.com\/#website"},"datePublished":"2022-02-11T10:40:08+00:00","dateModified":"2024-05-29T16:07:55+00:00","breadcrumb":{"@id":"https:\/\/jjchorro.com\/producto\/casco-carretera-smk-seven\/#breadcrumb"},"inLanguage":"en-US","potentialAction":[{"@type":"ReadAction","target":["https:\/\/jjchorro.com\/producto\/casco-carretera-smk-seven\/"]}]},{"@type":"BreadcrumbList","@id":"https:\/\/jjchorro.com\/producto\/casco-carretera-smk-seven\/#breadcrumb","itemListElement":[{"@type":"ListItem","position":1,"name":"Portada","item":"https:\/\/jjchorro.com\/"},{"@type":"ListItem","position":2,"name":"Productos","item":"https:\/\/jjchorro.com\/tienda\/"},{"@type":"ListItem","position":3,"name":"CASCO CARRETERA SMK SEVEN"}]},{"@type":"WebSite","@id":"https:\/\/jjchorro.com\/#website","url":"https:\/\/jjchorro.com\/","name":"","description":"","potentialAction":[{"@type":"SearchAction","target":{"@type":"EntryPoint","urlTemplate":"https:\/\/jjchorro.com\/?s={search_term_string}"},"query-input":"required name=search_term_string"}],"inLanguage":"en-US"}]}},"_links":{"self":[{"href":"https:\/\/jjchorro.com\/en_us\/wp-json\/wp\/v2\/product\/1725","targetHints":{"allow":["GET"]}}],"collection":[{"href":"https:\/\/jjchorro.com\/en_us\/wp-json\/wp\/v2\/product"}],"about":[{"href":"https:\/\/jjchorro.com\/en_us\/wp-json\/wp\/v2\/types\/product"}],"replies":[{"embeddable":true,"href":"https:\/\/jjchorro.com\/en_us\/wp-json\/wp\/v2\/comments?post=1725"}],"wp:featuredmedia":[{"embeddable":true,"href":"https:\/\/jjchorro.com\/en_us\/wp-json\/wp\/v2\/media\/1726"}],"wp:attachment":[{"href":"https:\/\/jjchorro.com\/en_us\/wp-json\/wp\/v2\/media?parent=1725"}],"wp:term":[{"taxonomy":"product_brand","embeddable":true,"href":"https:\/\/jjchorro.com\/en_us\/wp-json\/wp\/v2\/product_brand?post=1725"},{"taxonomy":"product_cat","embeddable":true,"href":"https:\/\/jjchorro.com\/en_us\/wp-json\/wp\/v2\/product_cat?post=1725"},{"taxonomy":"product_tag","embeddable":true,"href":"https:\/\/jjchorro.com\/en_us\/wp-json\/wp\/v2\/product_tag?post=1725"}],"curies":[{"name":"wp","href":"https:\/\/api.w.org\/{rel}","templated":true}]}}