{"id":1437,"date":"2022-01-27T14:17:44","date_gmt":"2022-01-27T12:17:44","guid":{"rendered":"https:\/\/jjchorro.com\/?post_type=product&#038;p=1437"},"modified":"2022-11-30T14:29:13","modified_gmt":"2022-11-30T12:29:13","slug":"casco-jet-origine-primo-wing","status":"publish","type":"product","link":"https:\/\/jjchorro.com\/en_us\/product\/casco-jet-origine-primo-wing\/","title":{"rendered":"CASCO JET ORIGINE PRIMO WING NEGRO"},"content":{"rendered":"<p>CARACTERISTICAS:<\/p>\n<p>El Origine Primo es un casco seguro y moderno que ofrece un dise\u00f1o retro y es una evocaci\u00f3n a los moteros de Harley de los 50. Por una parte, la calota est\u00e1 hecha de resina termopl\u00e1stica que provee una protecci\u00f3n de absorci\u00f3n de los golpes. Por la otra, el interior est\u00e1 hecho de materiales antibacterianos.<\/p>\n<p>Caracter\u00edsticas:<br \/>\n&#8211; Calota de resina termopl\u00e1stica que dota a las almohadilla del casco propiedades de seguridad<br \/>\n&#8211; El forro ha recibido un tratamiento antialerg\u00e9nico y ha sido perforado para una ventilaci\u00f3n \u00f3ptima<br \/>\n&#8211; Barbiquejo con hebilla de ajuste milim\u00e9trico<br \/>\n&#8211; Barniz resistente a los UV<br \/>\n&#8211; Visera extra\u00edble<\/p>\n<p>Peso: 1140+50gr<br \/>\nCumple con la normativa ECE 22-05.<\/p>","protected":false},"excerpt":{"rendered":"<p>10%DTO<\/p>","protected":false},"featured_media":1460,"comment_status":"open","ping_status":"closed","template":"","meta":{"_joinchat":[]},"product_brand":[],"product_cat":[30,56],"product_tag":[62],"class_list":{"0":"post-1437","1":"product","2":"type-product","3":"status-publish","4":"has-post-thumbnail","6":"product_cat-boutique","7":"product_cat-cascos-boutique","8":"product_tag-disponibilidad-en-stock","10":"first","11":"instock","12":"sale","13":"taxable","14":"shipping-taxable","15":"purchasable","16":"product-type-variable"},"yoast_head":"<!-- This site is optimized with the Yoast SEO plugin v21.3 - https:\/\/yoast.com\/wordpress\/plugins\/seo\/ -->\n<title>CASCO JET ORIGINE PRIMO WING NEGRO -<\/title>\n<meta name=\"robots\" content=\"index, follow, max-snippet:-1, max-image-preview:large, max-video-preview:-1\" \/>\n<link rel=\"canonical\" href=\"https:\/\/jjchorro.com\/en_us\/product\/casco-jet-origine-primo-wing\/\" \/>\n<meta property=\"og:locale\" content=\"en_US\" \/>\n<meta property=\"og:type\" content=\"article\" \/>\n<meta property=\"og:title\" content=\"CASCO JET ORIGINE PRIMO WING NEGRO -\" \/>\n<meta property=\"og:description\" content=\"10%DTO\" \/>\n<meta property=\"og:url\" content=\"https:\/\/jjchorro.com\/en_us\/product\/casco-jet-origine-primo-wing\/\" \/>\n<meta property=\"article:modified_time\" content=\"2022-11-30T12:29:13+00:00\" \/>\n<meta property=\"og:image\" content=\"http:\/\/jjchorro.com\/wp-content\/uploads\/2022\/01\/CASCO-NEGRO.jpg\" \/>\n\t<meta property=\"og:image:width\" content=\"630\" \/>\n\t<meta property=\"og:image:height\" content=\"630\" \/>\n\t<meta property=\"og:image:type\" content=\"image\/jpeg\" \/>\n<meta name=\"twitter:card\" content=\"summary_large_image\" \/>\n<meta name=\"twitter:label1\" content=\"Est. reading time\" \/>\n\t<meta name=\"twitter:data1\" content=\"1 minute\" \/>\n<script type=\"application\/ld+json\" class=\"yoast-schema-graph\">{\"@context\":\"https:\/\/schema.org\",\"@graph\":[{\"@type\":\"WebPage\",\"@id\":\"https:\/\/jjchorro.com\/producto\/casco-jet-origine-primo-wing\/\",\"url\":\"https:\/\/jjchorro.com\/producto\/casco-jet-origine-primo-wing\/\",\"name\":\"CASCO JET ORIGINE PRIMO WING NEGRO -\",\"isPartOf\":{\"@id\":\"https:\/\/jjchorro.com\/#website\"},\"datePublished\":\"2022-01-27T12:17:44+00:00\",\"dateModified\":\"2022-11-30T12:29:13+00:00\",\"breadcrumb\":{\"@id\":\"https:\/\/jjchorro.com\/producto\/casco-jet-origine-primo-wing\/#breadcrumb\"},\"inLanguage\":\"en-US\",\"potentialAction\":[{\"@type\":\"ReadAction\",\"target\":[\"https:\/\/jjchorro.com\/producto\/casco-jet-origine-primo-wing\/\"]}]},{\"@type\":\"BreadcrumbList\",\"@id\":\"https:\/\/jjchorro.com\/producto\/casco-jet-origine-primo-wing\/#breadcrumb\",\"itemListElement\":[{\"@type\":\"ListItem\",\"position\":1,\"name\":\"Portada\",\"item\":\"https:\/\/jjchorro.com\/\"},{\"@type\":\"ListItem\",\"position\":2,\"name\":\"Productos\",\"item\":\"https:\/\/jjchorro.com\/tienda\/\"},{\"@type\":\"ListItem\",\"position\":3,\"name\":\"CASCO JET ORIGINE PRIMO WING NEGRO\"}]},{\"@type\":\"WebSite\",\"@id\":\"https:\/\/jjchorro.com\/#website\",\"url\":\"https:\/\/jjchorro.com\/\",\"name\":\"\",\"description\":\"\",\"potentialAction\":[{\"@type\":\"SearchAction\",\"target\":{\"@type\":\"EntryPoint\",\"urlTemplate\":\"https:\/\/jjchorro.com\/?s={search_term_string}\"},\"query-input\":\"required name=search_term_string\"}],\"inLanguage\":\"en-US\"}]}<\/script>\n<!-- \/ Yoast SEO plugin. -->","yoast_head_json":{"title":"CASCO JET ORIGINE PRIMO WING NEGRO -","robots":{"index":"index","follow":"follow","max-snippet":"max-snippet:-1","max-image-preview":"max-image-preview:large","max-video-preview":"max-video-preview:-1"},"canonical":"https:\/\/jjchorro.com\/en_us\/product\/casco-jet-origine-primo-wing\/","og_locale":"en_US","og_type":"article","og_title":"CASCO JET ORIGINE PRIMO WING NEGRO -","og_description":"10%DTO","og_url":"https:\/\/jjchorro.com\/en_us\/product\/casco-jet-origine-primo-wing\/","article_modified_time":"2022-11-30T12:29:13+00:00","og_image":[{"width":630,"height":630,"url":"http:\/\/jjchorro.com\/wp-content\/uploads\/2022\/01\/CASCO-NEGRO.jpg","type":"image\/jpeg"}],"twitter_card":"summary_large_image","twitter_misc":{"Est. reading time":"1 minute"},"schema":{"@context":"https:\/\/schema.org","@graph":[{"@type":"WebPage","@id":"https:\/\/jjchorro.com\/producto\/casco-jet-origine-primo-wing\/","url":"https:\/\/jjchorro.com\/producto\/casco-jet-origine-primo-wing\/","name":"CASCO JET ORIGINE PRIMO WING NEGRO -","isPartOf":{"@id":"https:\/\/jjchorro.com\/#website"},"datePublished":"2022-01-27T12:17:44+00:00","dateModified":"2022-11-30T12:29:13+00:00","breadcrumb":{"@id":"https:\/\/jjchorro.com\/producto\/casco-jet-origine-primo-wing\/#breadcrumb"},"inLanguage":"en-US","potentialAction":[{"@type":"ReadAction","target":["https:\/\/jjchorro.com\/producto\/casco-jet-origine-primo-wing\/"]}]},{"@type":"BreadcrumbList","@id":"https:\/\/jjchorro.com\/producto\/casco-jet-origine-primo-wing\/#breadcrumb","itemListElement":[{"@type":"ListItem","position":1,"name":"Portada","item":"https:\/\/jjchorro.com\/"},{"@type":"ListItem","position":2,"name":"Productos","item":"https:\/\/jjchorro.com\/tienda\/"},{"@type":"ListItem","position":3,"name":"CASCO JET ORIGINE PRIMO WING NEGRO"}]},{"@type":"WebSite","@id":"https:\/\/jjchorro.com\/#website","url":"https:\/\/jjchorro.com\/","name":"","description":"","potentialAction":[{"@type":"SearchAction","target":{"@type":"EntryPoint","urlTemplate":"https:\/\/jjchorro.com\/?s={search_term_string}"},"query-input":"required name=search_term_string"}],"inLanguage":"en-US"}]}},"_links":{"self":[{"href":"https:\/\/jjchorro.com\/en_us\/wp-json\/wp\/v2\/product\/1437","targetHints":{"allow":["GET"]}}],"collection":[{"href":"https:\/\/jjchorro.com\/en_us\/wp-json\/wp\/v2\/product"}],"about":[{"href":"https:\/\/jjchorro.com\/en_us\/wp-json\/wp\/v2\/types\/product"}],"replies":[{"embeddable":true,"href":"https:\/\/jjchorro.com\/en_us\/wp-json\/wp\/v2\/comments?post=1437"}],"wp:featuredmedia":[{"embeddable":true,"href":"https:\/\/jjchorro.com\/en_us\/wp-json\/wp\/v2\/media\/1460"}],"wp:attachment":[{"href":"https:\/\/jjchorro.com\/en_us\/wp-json\/wp\/v2\/media?parent=1437"}],"wp:term":[{"taxonomy":"product_brand","embeddable":true,"href":"https:\/\/jjchorro.com\/en_us\/wp-json\/wp\/v2\/product_brand?post=1437"},{"taxonomy":"product_cat","embeddable":true,"href":"https:\/\/jjchorro.com\/en_us\/wp-json\/wp\/v2\/product_cat?post=1437"},{"taxonomy":"product_tag","embeddable":true,"href":"https:\/\/jjchorro.com\/en_us\/wp-json\/wp\/v2\/product_tag?post=1437"}],"curies":[{"name":"wp","href":"https:\/\/api.w.org\/{rel}","templated":true}]}}