{"id":1339,"date":"2022-01-24T12:59:00","date_gmt":"2022-01-24T10:59:00","guid":{"rendered":"https:\/\/jjchorro.com\/?post_type=product&#038;p=1339"},"modified":"2025-11-17T20:43:47","modified_gmt":"2025-11-17T18:43:47","slug":"casco-convertible-mt-streetfighter","status":"publish","type":"product","link":"https:\/\/jjchorro.com\/en_us\/product\/casco-convertible-mt-streetfighter\/","title":{"rendered":"CASCO CONVERTIBLE MT STREETFIGHTER VERDE MATE"},"content":{"rendered":"<p>La gama de cascos Streetfighther SV, est\u00e1n dise\u00f1ados exclsivamente para los amantes del trial, con 2 tallas de calota para un mejor ajuste, el exterior fabricado en H+I+R+P (High Impact Resistant Polymer) formulado por un pol\u00edmero inyectado en bloques muy presisos para otorgar mejores propiedades como ligereza y resistencia al impacto. Posee muy buena ventilaci\u00f3n ya que viene dotado de entrada y salida de aire en el frontal (muy sencillas de activar).<br \/>\nLa almohadillas del interior, son totalmente extra\u00edbles y lavables, adem\u00e1s de ser de tejido ign\u00edfugo, los tejidos son antialerg\u00e9nicos. Ademas tambien uncluye ventilaci\u00f3n interna<\/p>\n<p><span style=\"color: #000000;\">CERTIFICADOS<\/span><\/p>\n<p>.Los cascos MT HELMETS han sido aprobados por las homologaciones internacionales m\u00e1s exigentes.<br \/>\nProtecci\u00f3n ECE y protecci\u00f3n DOT.<br \/>\nIncluye soporte para sportcam<\/p>\n<p><span style=\"color: #000000;\">CALOTA EXTERIOR<\/span><br \/>\n2 tallas de calota<br \/>\n<span style=\"color: #000000;\">*Seguridad<\/span><br \/>\n*Cierre microm\u00e9trico met\u00e1lico para garantizar la seguridad y visera desmontable facilmente adem\u00e1s de venir equipado de visera solar interior.<br \/>\n*Calota absoci\u00f3n de impactos<br \/>\n*Poliestireno interno<br \/>\n<span style=\"color: #000000;\">VISOR<\/span><br \/>\n*Pantalla desmontable facilmente<br \/>\n*Pantalla solar interna<\/p>\n<p>*Peso 1500 gr<\/p>","protected":false},"excerpt":{"rendered":"<p>20%DTO<\/p>","protected":false},"featured_media":3257,"comment_status":"open","ping_status":"closed","template":"","meta":{"_joinchat":[]},"product_brand":[],"product_cat":[30,56],"product_tag":[62],"class_list":{"0":"post-1339","1":"product","2":"type-product","3":"status-publish","4":"has-post-thumbnail","6":"product_cat-boutique","7":"product_cat-cascos-boutique","8":"product_tag-disponibilidad-en-stock","10":"first","11":"instock","12":"sale","13":"taxable","14":"shipping-taxable","15":"purchasable","16":"product-type-variable"},"yoast_head":"<!-- This site is optimized with the Yoast SEO plugin v21.3 - https:\/\/yoast.com\/wordpress\/plugins\/seo\/ -->\n<title>CASCO CONVERTIBLE MT STREETFIGHTER VERDE MATE -<\/title>\n<meta name=\"robots\" content=\"index, follow, max-snippet:-1, max-image-preview:large, max-video-preview:-1\" \/>\n<link rel=\"canonical\" href=\"https:\/\/jjchorro.com\/en_us\/product\/casco-convertible-mt-streetfighter\/\" \/>\n<meta property=\"og:locale\" content=\"en_US\" \/>\n<meta property=\"og:type\" content=\"article\" \/>\n<meta property=\"og:title\" content=\"CASCO CONVERTIBLE MT STREETFIGHTER VERDE MATE -\" \/>\n<meta property=\"og:description\" content=\"20%DTO\" \/>\n<meta property=\"og:url\" content=\"https:\/\/jjchorro.com\/en_us\/product\/casco-convertible-mt-streetfighter\/\" \/>\n<meta property=\"article:modified_time\" content=\"2025-11-17T18:43:47+00:00\" \/>\n<meta property=\"og:image\" content=\"http:\/\/jjchorro.com\/wp-content\/uploads\/2022\/01\/VERDE1.png\" \/>\n\t<meta property=\"og:image:width\" content=\"784\" \/>\n\t<meta property=\"og:image:height\" content=\"779\" \/>\n\t<meta property=\"og:image:type\" content=\"image\/png\" \/>\n<meta name=\"twitter:card\" content=\"summary_large_image\" \/>\n<meta name=\"twitter:label1\" content=\"Est. reading time\" \/>\n\t<meta name=\"twitter:data1\" content=\"1 minute\" \/>\n<script type=\"application\/ld+json\" class=\"yoast-schema-graph\">{\"@context\":\"https:\/\/schema.org\",\"@graph\":[{\"@type\":\"WebPage\",\"@id\":\"https:\/\/jjchorro.com\/producto\/casco-convertible-mt-streetfighter\/\",\"url\":\"https:\/\/jjchorro.com\/producto\/casco-convertible-mt-streetfighter\/\",\"name\":\"CASCO CONVERTIBLE MT STREETFIGHTER VERDE MATE -\",\"isPartOf\":{\"@id\":\"https:\/\/jjchorro.com\/#website\"},\"datePublished\":\"2022-01-24T10:59:00+00:00\",\"dateModified\":\"2025-11-17T18:43:47+00:00\",\"breadcrumb\":{\"@id\":\"https:\/\/jjchorro.com\/producto\/casco-convertible-mt-streetfighter\/#breadcrumb\"},\"inLanguage\":\"en-US\",\"potentialAction\":[{\"@type\":\"ReadAction\",\"target\":[\"https:\/\/jjchorro.com\/producto\/casco-convertible-mt-streetfighter\/\"]}]},{\"@type\":\"BreadcrumbList\",\"@id\":\"https:\/\/jjchorro.com\/producto\/casco-convertible-mt-streetfighter\/#breadcrumb\",\"itemListElement\":[{\"@type\":\"ListItem\",\"position\":1,\"name\":\"Portada\",\"item\":\"https:\/\/jjchorro.com\/\"},{\"@type\":\"ListItem\",\"position\":2,\"name\":\"Productos\",\"item\":\"https:\/\/jjchorro.com\/tienda\/\"},{\"@type\":\"ListItem\",\"position\":3,\"name\":\"CASCO CONVERTIBLE MT STREETFIGHTER VERDE MATE\"}]},{\"@type\":\"WebSite\",\"@id\":\"https:\/\/jjchorro.com\/#website\",\"url\":\"https:\/\/jjchorro.com\/\",\"name\":\"\",\"description\":\"\",\"potentialAction\":[{\"@type\":\"SearchAction\",\"target\":{\"@type\":\"EntryPoint\",\"urlTemplate\":\"https:\/\/jjchorro.com\/?s={search_term_string}\"},\"query-input\":\"required name=search_term_string\"}],\"inLanguage\":\"en-US\"}]}<\/script>\n<!-- \/ Yoast SEO plugin. -->","yoast_head_json":{"title":"CASCO CONVERTIBLE MT STREETFIGHTER VERDE MATE -","robots":{"index":"index","follow":"follow","max-snippet":"max-snippet:-1","max-image-preview":"max-image-preview:large","max-video-preview":"max-video-preview:-1"},"canonical":"https:\/\/jjchorro.com\/en_us\/product\/casco-convertible-mt-streetfighter\/","og_locale":"en_US","og_type":"article","og_title":"CASCO CONVERTIBLE MT STREETFIGHTER VERDE MATE -","og_description":"20%DTO","og_url":"https:\/\/jjchorro.com\/en_us\/product\/casco-convertible-mt-streetfighter\/","article_modified_time":"2025-11-17T18:43:47+00:00","og_image":[{"width":784,"height":779,"url":"http:\/\/jjchorro.com\/wp-content\/uploads\/2022\/01\/VERDE1.png","type":"image\/png"}],"twitter_card":"summary_large_image","twitter_misc":{"Est. reading time":"1 minute"},"schema":{"@context":"https:\/\/schema.org","@graph":[{"@type":"WebPage","@id":"https:\/\/jjchorro.com\/producto\/casco-convertible-mt-streetfighter\/","url":"https:\/\/jjchorro.com\/producto\/casco-convertible-mt-streetfighter\/","name":"CASCO CONVERTIBLE MT STREETFIGHTER VERDE MATE -","isPartOf":{"@id":"https:\/\/jjchorro.com\/#website"},"datePublished":"2022-01-24T10:59:00+00:00","dateModified":"2025-11-17T18:43:47+00:00","breadcrumb":{"@id":"https:\/\/jjchorro.com\/producto\/casco-convertible-mt-streetfighter\/#breadcrumb"},"inLanguage":"en-US","potentialAction":[{"@type":"ReadAction","target":["https:\/\/jjchorro.com\/producto\/casco-convertible-mt-streetfighter\/"]}]},{"@type":"BreadcrumbList","@id":"https:\/\/jjchorro.com\/producto\/casco-convertible-mt-streetfighter\/#breadcrumb","itemListElement":[{"@type":"ListItem","position":1,"name":"Portada","item":"https:\/\/jjchorro.com\/"},{"@type":"ListItem","position":2,"name":"Productos","item":"https:\/\/jjchorro.com\/tienda\/"},{"@type":"ListItem","position":3,"name":"CASCO CONVERTIBLE MT STREETFIGHTER VERDE MATE"}]},{"@type":"WebSite","@id":"https:\/\/jjchorro.com\/#website","url":"https:\/\/jjchorro.com\/","name":"","description":"","potentialAction":[{"@type":"SearchAction","target":{"@type":"EntryPoint","urlTemplate":"https:\/\/jjchorro.com\/?s={search_term_string}"},"query-input":"required name=search_term_string"}],"inLanguage":"en-US"}]}},"_links":{"self":[{"href":"https:\/\/jjchorro.com\/en_us\/wp-json\/wp\/v2\/product\/1339","targetHints":{"allow":["GET"]}}],"collection":[{"href":"https:\/\/jjchorro.com\/en_us\/wp-json\/wp\/v2\/product"}],"about":[{"href":"https:\/\/jjchorro.com\/en_us\/wp-json\/wp\/v2\/types\/product"}],"replies":[{"embeddable":true,"href":"https:\/\/jjchorro.com\/en_us\/wp-json\/wp\/v2\/comments?post=1339"}],"wp:featuredmedia":[{"embeddable":true,"href":"https:\/\/jjchorro.com\/en_us\/wp-json\/wp\/v2\/media\/3257"}],"wp:attachment":[{"href":"https:\/\/jjchorro.com\/en_us\/wp-json\/wp\/v2\/media?parent=1339"}],"wp:term":[{"taxonomy":"product_brand","embeddable":true,"href":"https:\/\/jjchorro.com\/en_us\/wp-json\/wp\/v2\/product_brand?post=1339"},{"taxonomy":"product_cat","embeddable":true,"href":"https:\/\/jjchorro.com\/en_us\/wp-json\/wp\/v2\/product_cat?post=1339"},{"taxonomy":"product_tag","embeddable":true,"href":"https:\/\/jjchorro.com\/en_us\/wp-json\/wp\/v2\/product_tag?post=1339"}],"curies":[{"name":"wp","href":"https:\/\/api.w.org\/{rel}","templated":true}]}}