{"id":98,"date":"2021-11-04T20:09:10","date_gmt":"2021-11-04T18:09:10","guid":{"rendered":"https:\/\/jjchorro.com\/?page_id=98"},"modified":"2021-11-04T20:09:10","modified_gmt":"2021-11-04T18:09:10","slug":"politica-de-cookies","status":"publish","type":"page","link":"https:\/\/jjchorro.com\/en_us\/politica-de-cookies\/","title":{"rendered":"Pol\u00edtica de Cookies"},"content":{"rendered":"<p style=\"text-align: justify;\">En esta web se utilizan cookies propias y de terceros para conseguir que la navegaci\u00f3n sea perfecta y para conocer las preferencias de navegaci\u00f3n de nuestros usuarios.<\/p>\n<p style=\"text-align: justify;\">Las cookies se definen como peque\u00f1os archivos de texto que un sitio web almacena en el navegador del usuario y que tienen como funci\u00f3n facilitar el uso y la navegaci\u00f3n de esa web, siendo en algunos casos esenciales para el funcionamiento de \u00e9sta. Para ello, se almacenan los h\u00e1bitos de navegaci\u00f3n del usuario por esa determinada web.<\/p>\n<p style=\"text-align: justify;\">En el caso de esta web, las cookies que se usan son las siguientes:<\/p>\n<ul style=\"text-align: justify;\">\n<li><strong>Cookies enfocadas al funcionamiento de esta web<\/strong>, cuya informaci\u00f3n previa al usuario no es necesaria.<\/li>\n<li><strong>Cookies para el an\u00e1lisis<\/strong>, es decir, las que usamos para conocer contenidos que gustan m\u00e1s a nuestros lectores. Lo hacemos a trav\u00e9s de Google Analytics y puedes consultar su pol\u00edtica en el siguiente enlace:\u00a0<a href=\"https:\/\/developers.google.com\/analytics\/devguides\/collection\/analyticsjs\/cookie-usage?hl=ES\">https:\/\/developers.google.com\/analytics\/devguides\/collection\/analyticsjs\/cookie-usage?hl=ES<\/a><\/li>\n<\/ul>\n<p style=\"text-align: justify;\">Si te das de alta en nuestra newsletter o si nos escribes a trav\u00e9s de nuestro formulario de contacto, es posible que se instale alguna cookie de nuestro gestor de correo.<\/p>\n<p style=\"text-align: justify;\">Si le das a nuestra casilla de \u201cMe gusta\u201d en Facebook a trav\u00e9s de nuestra web, es posible que se instale alguna cookie por su parte. Aqu\u00ed est\u00e1 toda la informaci\u00f3n:\u00a0<a href=\"https:\/\/www.facebook.com\/policies\/cookies\/\">https:\/\/www.facebook.com\/policies\/cookies\/<\/a><\/p>\n<p style=\"text-align: justify;\">Y si interact\u00faas desde nuestra web con alguna otra red social (Twitter, Linkedin, etc) tambi\u00e9n es posible que encuentres alguna cookie.<\/p>\n<p style=\"text-align: justify;\">La instalaci\u00f3n de estas cookies puedes evitarla accediendo en forma de navegaci\u00f3n privada o desactivando el almacenamiento de cookies en cualquier momento desde el navegador. De ser as\u00ed, es posible que la web no te funcione correctamente.<\/p>\n<p style=\"text-align: justify;\">Seguidamente puede consultar estos enlaces que te explican c\u00f3mo desactivar cookies desde los navegadores m\u00e1s usuales.<\/p>\n<ul style=\"text-align: justify;\">\n<li>Firefox:\u00a0<a href=\"https:\/\/support.mozilla.org\/es\/kb\/Borrar%20cookies\">https:\/\/support.mozilla.org\/es\/kb\/Borrar%20cookies<\/a><\/li>\n<li>Safari:\u00a0<a href=\"http:\/\/support.apple.com\/kb\/HT1677?viewlocale=es_ES\">http:\/\/support.apple.com\/kb\/HT1677?viewlocale=es_ES<\/a><\/li>\n<li>Google Chrome:\u00a0<a href=\"https:\/\/support.google.com\/chrome\/answer\/95647?hl=es\">https:\/\/support.google.com\/chrome\/answer\/95647?hl=es<\/a><\/li>\n<li>Internet Explorer:\u00a0<a href=\"http:\/\/windows.microsoft.com\/es-ES\/windows-vista\/Block-or-allow-cookies\">http:\/\/windows.microsoft.com\/es-ES\/windows-vista\/Block-or-allow-cookies<\/a><\/li>\n<\/ul>\n<p style=\"text-align: justify;\">Para cualquier informaci\u00f3n que necesites, env\u00edanos un email a\u00a0<a href=\"mailto:info@jjchorro.com\">info@jjchorro.com<\/a><\/p>\n<p style=\"text-align: justify;\">","protected":false},"excerpt":{"rendered":"<p>En esta web se utilizan cookies propias y de terceros para conseguir que la navegaci\u00f3n sea perfecta y para conocer las preferencias de navegaci\u00f3n de nuestros usuarios. Las cookies se definen como peque\u00f1os archivos de texto que un sitio web almacena en el navegador del usuario y que tienen como funci\u00f3n facilitar el uso y [&hellip;]<\/p>","protected":false},"author":3,"featured_media":0,"parent":0,"menu_order":0,"comment_status":"closed","ping_status":"closed","template":"","meta":{"_joinchat":[],"footnotes":""},"class_list":["post-98","page","type-page","status-publish","hentry"],"yoast_head":"<!-- This site is optimized with the Yoast SEO plugin v21.3 - https:\/\/yoast.com\/wordpress\/plugins\/seo\/ -->\n<title>Pol\u00edtica de Cookies -<\/title>\n<meta name=\"robots\" content=\"noindex, follow\" \/>\n<meta property=\"og:locale\" content=\"en_US\" \/>\n<meta property=\"og:type\" content=\"article\" \/>\n<meta property=\"og:title\" content=\"Pol\u00edtica de Cookies -\" \/>\n<meta property=\"og:description\" content=\"En esta web se utilizan cookies propias y de terceros para conseguir que la navegaci\u00f3n sea perfecta y para conocer las preferencias de navegaci\u00f3n de nuestros usuarios. Las cookies se definen como peque\u00f1os archivos de texto que un sitio web almacena en el navegador del usuario y que tienen como funci\u00f3n facilitar el uso y [&hellip;]\" \/>\n<meta property=\"og:url\" content=\"https:\/\/jjchorro.com\/en_us\/politica-de-cookies\/\" \/>\n<meta name=\"twitter:card\" content=\"summary_large_image\" \/>\n<meta name=\"twitter:label1\" content=\"Est. reading time\" \/>\n\t<meta name=\"twitter:data1\" content=\"2 minutes\" \/>\n<script type=\"application\/ld+json\" class=\"yoast-schema-graph\">{\"@context\":\"https:\/\/schema.org\",\"@graph\":[{\"@type\":\"WebPage\",\"@id\":\"https:\/\/jjchorro.com\/politica-de-cookies\/\",\"url\":\"https:\/\/jjchorro.com\/politica-de-cookies\/\",\"name\":\"Pol\u00edtica de Cookies -\",\"isPartOf\":{\"@id\":\"https:\/\/jjchorro.com\/#website\"},\"datePublished\":\"2021-11-04T18:09:10+00:00\",\"dateModified\":\"2021-11-04T18:09:10+00:00\",\"breadcrumb\":{\"@id\":\"https:\/\/jjchorro.com\/politica-de-cookies\/#breadcrumb\"},\"inLanguage\":\"en-US\",\"potentialAction\":[{\"@type\":\"ReadAction\",\"target\":[\"https:\/\/jjchorro.com\/politica-de-cookies\/\"]}]},{\"@type\":\"BreadcrumbList\",\"@id\":\"https:\/\/jjchorro.com\/politica-de-cookies\/#breadcrumb\",\"itemListElement\":[{\"@type\":\"ListItem\",\"position\":1,\"name\":\"Portada\",\"item\":\"https:\/\/jjchorro.com\/\"},{\"@type\":\"ListItem\",\"position\":2,\"name\":\"Pol\u00edtica de Cookies\"}]},{\"@type\":\"WebSite\",\"@id\":\"https:\/\/jjchorro.com\/#website\",\"url\":\"https:\/\/jjchorro.com\/\",\"name\":\"\",\"description\":\"\",\"potentialAction\":[{\"@type\":\"SearchAction\",\"target\":{\"@type\":\"EntryPoint\",\"urlTemplate\":\"https:\/\/jjchorro.com\/?s={search_term_string}\"},\"query-input\":\"required name=search_term_string\"}],\"inLanguage\":\"en-US\"}]}<\/script>\n<!-- \/ Yoast SEO plugin. -->","yoast_head_json":{"title":"Pol\u00edtica de Cookies -","robots":{"index":"noindex","follow":"follow"},"og_locale":"en_US","og_type":"article","og_title":"Pol\u00edtica de Cookies -","og_description":"En esta web se utilizan cookies propias y de terceros para conseguir que la navegaci\u00f3n sea perfecta y para conocer las preferencias de navegaci\u00f3n de nuestros usuarios. Las cookies se definen como peque\u00f1os archivos de texto que un sitio web almacena en el navegador del usuario y que tienen como funci\u00f3n facilitar el uso y [&hellip;]","og_url":"https:\/\/jjchorro.com\/en_us\/politica-de-cookies\/","twitter_card":"summary_large_image","twitter_misc":{"Est. reading time":"2 minutes"},"schema":{"@context":"https:\/\/schema.org","@graph":[{"@type":"WebPage","@id":"https:\/\/jjchorro.com\/politica-de-cookies\/","url":"https:\/\/jjchorro.com\/politica-de-cookies\/","name":"Pol\u00edtica de Cookies -","isPartOf":{"@id":"https:\/\/jjchorro.com\/#website"},"datePublished":"2021-11-04T18:09:10+00:00","dateModified":"2021-11-04T18:09:10+00:00","breadcrumb":{"@id":"https:\/\/jjchorro.com\/politica-de-cookies\/#breadcrumb"},"inLanguage":"en-US","potentialAction":[{"@type":"ReadAction","target":["https:\/\/jjchorro.com\/politica-de-cookies\/"]}]},{"@type":"BreadcrumbList","@id":"https:\/\/jjchorro.com\/politica-de-cookies\/#breadcrumb","itemListElement":[{"@type":"ListItem","position":1,"name":"Portada","item":"https:\/\/jjchorro.com\/"},{"@type":"ListItem","position":2,"name":"Pol\u00edtica de Cookies"}]},{"@type":"WebSite","@id":"https:\/\/jjchorro.com\/#website","url":"https:\/\/jjchorro.com\/","name":"","description":"","potentialAction":[{"@type":"SearchAction","target":{"@type":"EntryPoint","urlTemplate":"https:\/\/jjchorro.com\/?s={search_term_string}"},"query-input":"required name=search_term_string"}],"inLanguage":"en-US"}]}},"_links":{"self":[{"href":"https:\/\/jjchorro.com\/en_us\/wp-json\/wp\/v2\/pages\/98","targetHints":{"allow":["GET"]}}],"collection":[{"href":"https:\/\/jjchorro.com\/en_us\/wp-json\/wp\/v2\/pages"}],"about":[{"href":"https:\/\/jjchorro.com\/en_us\/wp-json\/wp\/v2\/types\/page"}],"author":[{"embeddable":true,"href":"https:\/\/jjchorro.com\/en_us\/wp-json\/wp\/v2\/users\/3"}],"replies":[{"embeddable":true,"href":"https:\/\/jjchorro.com\/en_us\/wp-json\/wp\/v2\/comments?post=98"}],"version-history":[{"count":1,"href":"https:\/\/jjchorro.com\/en_us\/wp-json\/wp\/v2\/pages\/98\/revisions"}],"predecessor-version":[{"id":99,"href":"https:\/\/jjchorro.com\/en_us\/wp-json\/wp\/v2\/pages\/98\/revisions\/99"}],"wp:attachment":[{"href":"https:\/\/jjchorro.com\/en_us\/wp-json\/wp\/v2\/media?parent=98"}],"curies":[{"name":"wp","href":"https:\/\/api.w.org\/{rel}","templated":true}]}}