{"id":102,"date":"2021-11-04T20:29:03","date_gmt":"2021-11-04T18:29:03","guid":{"rendered":"https:\/\/jjchorro.com\/?page_id=102"},"modified":"2023-03-15T13:49:57","modified_gmt":"2023-03-15T11:49:57","slug":"aviso-legal","status":"publish","type":"page","link":"https:\/\/jjchorro.com\/en_us\/aviso-legal\/","title":{"rendered":"Legal notice"},"content":{"rendered":"<p style=\"text-align: center;\"><strong>Identidad y titular de la web<\/strong><\/p>\n<p style=\"text-align: justify;\">Juan Jes\u00fas Chorro, S.L. es propietario de la web: jjchorro.com &#8211; <a href=\"https:\/\/jjchorro.com\/en_us\/politica-de-privacidad\/\">https:\/\/jjchorro.com\/politica-de-privacidad\/<\/a><\/p>\n<p style=\"text-align: justify;\">Datos de contacto:<\/p>\n<p style=\"text-align: justify;\">Nombre: Juan Jes\u00fas Chorro, SL<\/p>\n<p style=\"text-align: justify;\">NIF: B54281639<\/p>\n<p style=\"text-align: justify;\">Email: <a href=\"mailto:administracion@jjchorro.com\"><strong>administracion@jjchorro.com<\/strong><\/a><\/p>\n<p style=\"text-align: justify;\">Direcci\u00f3n Postal: Calle Perseo 6\u00a0 CP 03007 Alicante<\/p>\n<p style=\"text-align: center;\"><strong>Propiedad intelectual<\/strong><\/p>\n<p style=\"text-align: justify;\">Te informamos que todas las publicaciones y contenidos de cualquier tipo que se publiquen en esta web -art\u00edculos, posts, p\u00e1ginas, esquemas, descargables, etc-, est\u00e1n sujetos a derechos de autor y propiedad intelectual, de los cuales soy el \u00fanico titular.<\/p>\n<p style=\"text-align: justify;\">En ning\u00fan caso se transmitir\u00e1n o ceder\u00e1n dichos derechos sin nuestro consentimiento previo, expl\u00edcito y por escrito. En concreto, no se podr\u00e1 reproducir, reinterpretar, difundir, vender, distribuir ni usar con fines comerciales o no, los contenidos de esta web.<\/p>\n<p style=\"text-align: justify;\">Asimismo, soy el titular de todos los derechos de propiedad intelectual del dise\u00f1o de la web, textos, im\u00e1genes, logos y c\u00f3digo fuente.<\/p>\n<p style=\"text-align: center;\"><strong>Normas de uso<\/strong><\/p>\n<p style=\"text-align: justify;\">Esta web tiene como tem\u00e1ticas principales, la venta de productos y prestaci\u00f3n de servicios relacionados con el mundo de las motos.<\/p>\n<p style=\"text-align: justify;\">Todos los visitantes que pasen por esta web -usuarios, lectores o clientes- deber\u00e1n respetar la tem\u00e1tica y din\u00e1mica del site, haciendo un uso adecuado de los servicios y contenidos, en especial:<\/p>\n<ul style=\"text-align: justify;\">\n<li>No emplearlos para realizar actividades il\u00edcitas, ilegales o contrarias a la buena fe y orden p\u00fablico.<\/li>\n<li>Difundir contenido o propaganda racista, xen\u00f3foba, pornogr\u00e1fica, de apolog\u00eda al terrorismo o que atente contra los derechos humanos.<\/li>\n<li>Nos reservamos todos los derechos de borrar cualquier comentario o aportaci\u00f3n que atente contra las normas de este site. En ning\u00fan caso seremos responsables de las opiniones que los usuarios puedan dejar.<\/li>\n<li>Tampoco se permiten comentarios promocionales, insultantes o que vayan contra el buen tono de la web.<\/li>\n<\/ul>\n<p style=\"text-align: justify;\"><strong>\u00a0<\/strong><\/p>\n<p style=\"text-align: center;\"><strong>Protecci\u00f3n de datos<\/strong><\/p>\n<p style=\"text-align: justify;\">En todo momento, en nuestra web se cumple con la normativa vigente en materia de protecci\u00f3n de datos (Ley Org\u00e1nica 15\/1999 de 13 de diciembre de Protecci\u00f3n de Datos de Car\u00e1cter Personal, el Real Decreto 1720\/2007 de 21 de diciembre por el que se aprueba el Reglamento de desarrollo de la Ley Org\u00e1nica y dem\u00e1s normativa vigente y la Ley Org\u00e1nica 3\/2018, de 5 de diciembre, de Protecci\u00f3n de Datos Personales y garant\u00eda de los derechos digitales.). Para m\u00e1s informaci\u00f3n sobre el tratamiento de tus datos y para que conozcas la pol\u00edtica de privacidad de esta web, puedes pinchar en este enlace:\u00a0<u>Pol\u00edtica de privacidad: <a href=\"https:\/\/jjchorro.com\/en_us\/politica-de-privacidad\/\">https:\/\/jjchorro.com\/politica-de-privacidad\/<\/a><\/u><\/p>\n<p style=\"text-align: center;\"><strong>Exclusi\u00f3n de responsabilidad<\/strong><\/p>\n<p style=\"text-align: justify;\">En ning\u00fan caso seremos responsables de los perjuicios o da\u00f1os de cualquier \u00edndole que pudieran ocasionarse por la visita a este site, ya sea por error u omisi\u00f3n en los contenidos, por las actuaciones de los visitantes, por las decisiones particulares que puedan tomar de las recomendaciones vertidas o por la transmisi\u00f3n de alg\u00fan programa malicioso que se produzca a pesar de haber tomado las medidas tecnol\u00f3gicas necesarias para evitarlo.<\/p>\n<p style=\"text-align: justify;\">En el caso de los enlaces a webs externas de terceros que puedan citarse en mis contenidos, se har\u00e1 exclusivamente a modo de ejemplo. En ning\u00fan caso se ejerce por esta parte ning\u00fan control de dichas webs, no existiendo ninguna responsabilidad al respecto.<\/p>\n<p style=\"text-align: center;\"><strong>Cookie policy<\/strong><\/p>\n<p style=\"text-align: justify;\">Esta web utiliza cookies propias y de terceros. Seguidamente dejamos el enlace a nuestra pol\u00edtica de cookies, donde puedes consultar toda la informaci\u00f3n detallada.<\/p>\n<p style=\"text-align: justify;\"><u>Pol\u00edtica de cookies: <a href=\"https:\/\/jjchorro.com\/en_us\/politica-de-cookies\/\">https:\/\/jjchorro.com\/politica-de-cookies\/<\/a><\/u><\/p>\n<p style=\"text-align: center;\"><strong>Legislaci\u00f3n aplicable y jurisdicci\u00f3n<\/strong><\/p>\n<p style=\"text-align: justify;\">Estas condiciones legales se han redactado en virtud a la ley espa\u00f1ola. En caso de conflicto en la interpretaci\u00f3n de las presentes condiciones, la jurisdicci\u00f3n competente ser\u00e1 la del domicilio del comprador y, subsidiariamente, los Juzgados de Alicante.<\/p>\n<p style=\"text-align: center;\"><strong>Modificaci\u00f3n del contenido del aviso legal<\/strong><\/p>\n<p style=\"text-align: justify;\">Estas condiciones podr\u00e1n ser modificadas en cualquier momento, atendiendo a la evoluci\u00f3n de esta web y los contenidos en ella ofrecidos.<\/p>\n<p style=\"text-align: justify;\">","protected":false},"excerpt":{"rendered":"<p>Identidad y titular de la web Juan Jes\u00fas Chorro, S.L. es propietario de la web: jjchorro.com &#8211; https:\/\/jjchorro.com\/politica-de-privacidad\/ Datos de contacto: Nombre: Juan Jes\u00fas Chorro, SL NIF: B54281639 Email: administracion@jjchorro.com Direcci\u00f3n Postal: Calle Perseo 6\u00a0 CP 03007 Alicante Propiedad intelectual Te informamos que todas las publicaciones y contenidos de cualquier tipo que se publiquen en [&hellip;]<\/p>","protected":false},"author":3,"featured_media":0,"parent":0,"menu_order":0,"comment_status":"closed","ping_status":"closed","template":"","meta":{"_joinchat":[],"footnotes":""},"class_list":["post-102","page","type-page","status-publish","hentry"],"yoast_head":"<!-- This site is optimized with the Yoast SEO plugin v21.3 - https:\/\/yoast.com\/wordpress\/plugins\/seo\/ -->\n<title>Aviso legal -<\/title>\n<meta name=\"robots\" content=\"noindex, follow\" \/>\n<meta property=\"og:locale\" content=\"en_US\" \/>\n<meta property=\"og:type\" content=\"article\" \/>\n<meta property=\"og:title\" content=\"Aviso legal -\" \/>\n<meta property=\"og:description\" content=\"Identidad y titular de la web Juan Jes\u00fas Chorro, S.L. es propietario de la web: jjchorro.com &#8211; https:\/\/jjchorro.com\/politica-de-privacidad\/ Datos de contacto: Nombre: Juan Jes\u00fas Chorro, SL NIF: B54281639 Email: administracion@jjchorro.com Direcci\u00f3n Postal: Calle Perseo 6\u00a0 CP 03007 Alicante Propiedad intelectual Te informamos que todas las publicaciones y contenidos de cualquier tipo que se publiquen en [&hellip;]\" \/>\n<meta property=\"og:url\" content=\"https:\/\/jjchorro.com\/en_us\/aviso-legal\/\" \/>\n<meta property=\"article:modified_time\" content=\"2023-03-15T11:49:57+00:00\" \/>\n<meta name=\"twitter:card\" content=\"summary_large_image\" \/>\n<meta name=\"twitter:label1\" content=\"Est. reading time\" \/>\n\t<meta name=\"twitter:data1\" content=\"3 minutes\" \/>\n<script type=\"application\/ld+json\" class=\"yoast-schema-graph\">{\"@context\":\"https:\/\/schema.org\",\"@graph\":[{\"@type\":\"WebPage\",\"@id\":\"https:\/\/jjchorro.com\/aviso-legal\/\",\"url\":\"https:\/\/jjchorro.com\/aviso-legal\/\",\"name\":\"Aviso legal -\",\"isPartOf\":{\"@id\":\"https:\/\/jjchorro.com\/#website\"},\"datePublished\":\"2021-11-04T18:29:03+00:00\",\"dateModified\":\"2023-03-15T11:49:57+00:00\",\"breadcrumb\":{\"@id\":\"https:\/\/jjchorro.com\/aviso-legal\/#breadcrumb\"},\"inLanguage\":\"en-US\",\"potentialAction\":[{\"@type\":\"ReadAction\",\"target\":[\"https:\/\/jjchorro.com\/aviso-legal\/\"]}]},{\"@type\":\"BreadcrumbList\",\"@id\":\"https:\/\/jjchorro.com\/aviso-legal\/#breadcrumb\",\"itemListElement\":[{\"@type\":\"ListItem\",\"position\":1,\"name\":\"Portada\",\"item\":\"https:\/\/jjchorro.com\/\"},{\"@type\":\"ListItem\",\"position\":2,\"name\":\"Aviso legal\"}]},{\"@type\":\"WebSite\",\"@id\":\"https:\/\/jjchorro.com\/#website\",\"url\":\"https:\/\/jjchorro.com\/\",\"name\":\"\",\"description\":\"\",\"potentialAction\":[{\"@type\":\"SearchAction\",\"target\":{\"@type\":\"EntryPoint\",\"urlTemplate\":\"https:\/\/jjchorro.com\/?s={search_term_string}\"},\"query-input\":\"required name=search_term_string\"}],\"inLanguage\":\"en-US\"}]}<\/script>\n<!-- \/ Yoast SEO plugin. -->","yoast_head_json":{"title":"Aviso legal -","robots":{"index":"noindex","follow":"follow"},"og_locale":"en_US","og_type":"article","og_title":"Aviso legal -","og_description":"Identidad y titular de la web Juan Jes\u00fas Chorro, S.L. es propietario de la web: jjchorro.com &#8211; https:\/\/jjchorro.com\/politica-de-privacidad\/ Datos de contacto: Nombre: Juan Jes\u00fas Chorro, SL NIF: B54281639 Email: administracion@jjchorro.com Direcci\u00f3n Postal: Calle Perseo 6\u00a0 CP 03007 Alicante Propiedad intelectual Te informamos que todas las publicaciones y contenidos de cualquier tipo que se publiquen en [&hellip;]","og_url":"https:\/\/jjchorro.com\/en_us\/aviso-legal\/","article_modified_time":"2023-03-15T11:49:57+00:00","twitter_card":"summary_large_image","twitter_misc":{"Est. reading time":"3 minutes"},"schema":{"@context":"https:\/\/schema.org","@graph":[{"@type":"WebPage","@id":"https:\/\/jjchorro.com\/aviso-legal\/","url":"https:\/\/jjchorro.com\/aviso-legal\/","name":"Aviso legal -","isPartOf":{"@id":"https:\/\/jjchorro.com\/#website"},"datePublished":"2021-11-04T18:29:03+00:00","dateModified":"2023-03-15T11:49:57+00:00","breadcrumb":{"@id":"https:\/\/jjchorro.com\/aviso-legal\/#breadcrumb"},"inLanguage":"en-US","potentialAction":[{"@type":"ReadAction","target":["https:\/\/jjchorro.com\/aviso-legal\/"]}]},{"@type":"BreadcrumbList","@id":"https:\/\/jjchorro.com\/aviso-legal\/#breadcrumb","itemListElement":[{"@type":"ListItem","position":1,"name":"Portada","item":"https:\/\/jjchorro.com\/"},{"@type":"ListItem","position":2,"name":"Aviso legal"}]},{"@type":"WebSite","@id":"https:\/\/jjchorro.com\/#website","url":"https:\/\/jjchorro.com\/","name":"","description":"","potentialAction":[{"@type":"SearchAction","target":{"@type":"EntryPoint","urlTemplate":"https:\/\/jjchorro.com\/?s={search_term_string}"},"query-input":"required name=search_term_string"}],"inLanguage":"en-US"}]}},"_links":{"self":[{"href":"https:\/\/jjchorro.com\/en_us\/wp-json\/wp\/v2\/pages\/102","targetHints":{"allow":["GET"]}}],"collection":[{"href":"https:\/\/jjchorro.com\/en_us\/wp-json\/wp\/v2\/pages"}],"about":[{"href":"https:\/\/jjchorro.com\/en_us\/wp-json\/wp\/v2\/types\/page"}],"author":[{"embeddable":true,"href":"https:\/\/jjchorro.com\/en_us\/wp-json\/wp\/v2\/users\/3"}],"replies":[{"embeddable":true,"href":"https:\/\/jjchorro.com\/en_us\/wp-json\/wp\/v2\/comments?post=102"}],"version-history":[{"count":3,"href":"https:\/\/jjchorro.com\/en_us\/wp-json\/wp\/v2\/pages\/102\/revisions"}],"predecessor-version":[{"id":3449,"href":"https:\/\/jjchorro.com\/en_us\/wp-json\/wp\/v2\/pages\/102\/revisions\/3449"}],"wp:attachment":[{"href":"https:\/\/jjchorro.com\/en_us\/wp-json\/wp\/v2\/media?parent=102"}],"curies":[{"name":"wp","href":"https:\/\/api.w.org\/{rel}","templated":true}]}}