{"id":100,"date":"2021-11-04T20:11:48","date_gmt":"2021-11-04T18:11:48","guid":{"rendered":"https:\/\/jjchorro.com\/?page_id=100"},"modified":"2021-11-04T20:11:48","modified_gmt":"2021-11-04T18:11:48","slug":"politica-de-privacidad","status":"publish","type":"page","link":"https:\/\/jjchorro.com\/en_us\/politica-de-privacidad\/","title":{"rendered":"Privacy Policy"},"content":{"rendered":"<p style=\"text-align: justify;\">Juan Jes\u00fas Chorro, sl es el propietario de la web jjchorro.com<\/p>\n<p style=\"text-align: justify;\">Juan Jes\u00fas Chorro, sl cumple con la normativa vigente de protecci\u00f3n de datos (Ley Org\u00e1nica 15\/1999 de 13 de diciembre de Protecci\u00f3n de Datos de Car\u00e1cter Personal, el Real Decreto 1720\/2007 de 21 de diciembre por el que se aprueba el Reglamento de desarrollo de la Ley Org\u00e1nica, Ley Org\u00e1nica 3\/2018, de 5 de diciembre, de Protecci\u00f3n de Datos Personales y garant\u00eda de los derechos digitalesy dem\u00e1s normativa vigente).<\/p>\n<p style=\"text-align: justify;\">Te confirmo que no es necesario que facilites ning\u00fan dato de car\u00e1cter personal para la navegaci\u00f3n por esta web.<\/p>\n<p style=\"text-align: center;\"><strong>\u00bfCon qu\u00e9 finalidad trataremos tus datos personales?<\/strong><\/p>\n<p style=\"text-align: justify;\">Los casos en los que puedes darnos tus datos son estos:<\/p>\n<ul style=\"text-align: justify;\">\n<li>Si eres un cliente o un proveedor o est\u00e1s interesado en nuestros productos o servicios.<\/li>\n<li>Si te suscribes a nuestra newsletter.<\/li>\n<li>Si nos escribes a trav\u00e9s del formulario de contacto de la web.<\/li>\n<li>si nos env\u00edas un email.<\/li>\n<\/ul>\n<p style=\"text-align: justify;\">En estas ocasiones, <strong>y siempre mediante consentimiento previo y expreso, de la parte interesada, ya sea mediante un formulario o por escrito<\/strong>los datos pueden ser incorporados a un fichero del que nosotros somos responsables, tanto de su gesti\u00f3n como de su tratamiento. La seguridad de tus datos est\u00e1 garantizada, ya que tomamos todas las medidas de seguridad necesarias para que as\u00ed sea. Solo usaremos tus datos con la finalidad de:<\/p>\n<ul style=\"text-align: justify;\">\n<li>Prestar un mejor servicio e informaci\u00f3n a nuestros clientes, proveedores y personas interesadas en nuestros productos y servicios.<\/li>\n<li>Mejorar la gesti\u00f3n interna y organizativa (planificaci\u00f3n diaria para poder atender a nuestros clientes, proveedores)<\/li>\n<li>Remitir boletines (<em>newsletters)<\/em>, as\u00ed como comunicacionesde inter\u00e9s para nuestro p\u00fablico objetivo.<\/li>\n<\/ul>\n<p style=\"text-align: justify;\">En el caso que te suscribas a nuestra newsletter o te descargues alguno de nuestros materiales gratuitos, recibir\u00e1s todas las novedades de nuestra web as\u00ed como informaci\u00f3n de inter\u00e9s relacionada con nuestros productos y servicios.<\/p>\n<p style=\"text-align: justify;\">Los usuarios que quieran acceder a sus datos, rectificarlos, suprimirlos, oponerse a ellos, limitar su tratamiento, y en el caso de que las hubiere, oponerse a decisiones automatizadas, pueden mandar un email a <u>info@jjchorro.com<\/u>\u00a0y les explicaremos como ejercer sus derechos de oposici\u00f3n, acceso, rectificaci\u00f3n, supresi\u00f3n, limitaci\u00f3n de sus datos y revocaci\u00f3n de su autorizaci\u00f3n.<\/p>\n<p style=\"text-align: justify;\">Te recordamos que el acceso a esta web puede implicar la utilizaci\u00f3n de cookies.<\/p>\n<p style=\"text-align: justify;\">Si te surge cualquier duda en relaci\u00f3n al tratamiento de tus datos y de tu privacidad, no dudes en ponerte en contacto a trav\u00e9s del correo electr\u00f3nico <u>info@jjchorro.com<\/u>\u00a0o a trav\u00e9s del correo postal a trav\u00e9s de la siguiente direcci\u00f3n: <u>Calle Perseo 6. CP 03007 Alicante <\/u>o en el tel\u00e9fono 965 28 57 36<\/p>\n<p style=\"text-align: justify;\">\u00a0Te recordamos que puedes oponerte al env\u00edo de comunicaciones de la empresa por cualquier v\u00eda y en cualquier momento, remitiendo un correo electr\u00f3nico a la direcci\u00f3n de correo electr\u00f3nico indicada anteriormente.<\/p>\n<p style=\"text-align: justify;\"><strong>\u00a0\u00bfPor cu\u00e1nto tiempo se conservan los datos personales recabados?\u00a0<\/strong>Los datos personales proporcionados se conservar\u00e1n mientras mantengas la relaci\u00f3n con nosotros o nos solicites su supresi\u00f3n.<\/p>\n<p style=\"text-align: justify;\"><strong>Legitimaci\u00f3n:\u00a0<\/strong>El tratamiento de tus datos se realiza con las siguientes bases jur\u00eddicas que legitiman el mismo:<\/p>\n<ol style=\"text-align: justify;\">\n<li>Tratados de manera l\u00edcita, leal y transparente en relaci\u00f3n con el interesado (\u00ablicitud, lealtad y transparencia\u00bb);<\/li>\n<li>Recogidos con fines determinados, expl\u00edcitos y leg\u00edtimos, y no ser\u00e1n tratados ulteriormente de manera incompatible con dichos fines; de acuerdo con el art\u00edculo 89, apartado 1, el tratamiento ulterior de los datos personales con fines de archivo en inter\u00e9s p\u00fablico, fines de investigaci\u00f3n cient\u00edfica e hist\u00f3rica o fines estad\u00edsticos no se considerar\u00e1 incompatible con los fines iniciales (\u00ablimitaci\u00f3n de la finalidad\u00bb);<\/li>\n<li>Adecuados, pertinentes y limitados a lo necesario en relaci\u00f3n con los fines para los que son tratados (\u00abminimizaci\u00f3n de datos\u00bb);<\/li>\n<li>Exactos y, si fuera necesario, actualizados; se adoptar\u00e1n todas las medidas razonables para que se supriman o rectifiquen sin dilaci\u00f3n los datos personales que sean inexactos con respecto a los fines para los que se tratan (\u00abexactitud\u00bb);<\/li>\n<li>Mantenidos de forma que se permita la identificaci\u00f3n de los interesados durante no m\u00e1s tiempo del necesario para los fines del tratamiento de los datos personales; los datos personales podr\u00e1n conservarse durante per\u00edodos m\u00e1s largos siempre que se traten exclusivamente con fines de archivo en inter\u00e9s p\u00fablico, fines de investigaci\u00f3n cient\u00edfica o hist\u00f3rica o fines estad\u00edsticos, de conformidad con el art\u00edculo 89, apartado 1, sin perjuicio de la aplicaci\u00f3n de las medidas t\u00e9cnicas y organizativas apropiadas que impone el Reglamento de protecci\u00f3n de datos a fin de proteger los derechos y libertades del interesado (\u00ablimitaci\u00f3n del plazo de conservaci\u00f3n\u00bb);<\/li>\n<li>Tratados de tal manera que se garantice una seguridad adecuada de los datos personales, incluida la protecci\u00f3n contra el tratamiento no autorizado o il\u00edcito y contra su p\u00e9rdida, destrucci\u00f3n o da\u00f1o accidental, mediante la aplicaci\u00f3n de medidas t\u00e9cnicas u organizativas apropiadas (\u00abintegridad y confidencialidad\u00bb). Adem\u00e1s, el responsable del tratamiento ser\u00e1 responsable del cumplimiento de estos principios y deber\u00e1 ser capaz de demostrarlo (\u00abresponsabilidad proactiva\u00bb).<\/li>\n<\/ol>\n<p style=\"text-align: justify;\">\n<p style=\"text-align: justify;\">En caso de que no nos facilites tus datos o los hagas de forma err\u00f3nea o incompleta, no podremos atender tu solicitud, resultando del todo imposible proporcionarte la informaci\u00f3n solicitada.<\/p>\n<p style=\"text-align: justify;\"><strong>\u00a0Destinatarios:\u00a0<\/strong>Los datos no se comunicar\u00e1n a ning\u00fan tercero ajeno a Juan Jes\u00fas Chorro sl, salvo obligaci\u00f3n legal.<\/p>\n<p style=\"text-align: justify;\">\n<p style=\"text-align: justify;\">Los datos personales facilitados a trav\u00e9s de los formularios del Sitio Web conllevan que los datos introducidos son transferidos a los servidores de la compa\u00f1\u00eda Google, suponiendo una transferencia internacional de datos a los Estados Unidos, que el usuario consiente de manera expresa con la aceptaci\u00f3n de la presente pol\u00edtica de privacidad.<\/p>\n<p style=\"text-align: justify;\">\u2013 Google LLC, con domicilio en 1600 Amphitheatre Parkway, 94043, Mountain View (California), Estados Unidos, que presta los servicios de GSuite, consistentes en servicios de computaci\u00f3n en la nube y de correo electr\u00f3nico.<\/p>\n<p style=\"text-align: justify;\">Se puede consultar la pol\u00edtica de privacidad y dem\u00e1s aspectos legales de dicha compa\u00f1\u00eda en el siguiente enlace:\u00a0<a href=\"https:\/\/www.google.com\/intl\/es\/policies\/privacy\/\">https:\/\/www.google.com\/intl\/es\/policies\/privacy\/<\/a><\/p>\n<p style=\"text-align: justify;\">Google participa y ha certificado su cumplimiento con el marco del acuerdo entre EE.UU. y la Uni\u00f3n Europea denominado Privacy Shield, habi\u00e9ndose comprometido a someter toda la informaci\u00f3n personal recibida de pa\u00edses miembros de la Uni\u00f3n Europea a los principios derivados del Privacy Shield.<\/p>\n<p style=\"text-align: justify;\">Puedes obtener m\u00e1s informaci\u00f3n acerca del Privacy Shield en la web del Departamento de Comercio de los EE.UU.:\u00a0<a href=\"https:\/\/www.privacyshield.gov\/welcome\">https:\/\/www.privacyshield.gov\/welcome<\/a><\/p>\n<p style=\"text-align: justify;\">Asimismo, puedes comprobar la adhesi\u00f3n de Google al Privacy Shield en el siguiente enlace:\u00a0<a href=\"https:\/\/www.privacyshield.gov\/participant?id=a2zt000000001L5AAI&amp;status=Active\">https:\/\/www.privacyshield.gov\/participant?id=a2zt000000001L5AAI&amp;status=Active<\/a><\/p>\n<p style=\"text-align: justify;\"><strong>Derechos:\u00a0<\/strong>Como interesado que nos has proporcionado tus datos personales, tienes pleno derecho a obtener confirmaci\u00f3n sobre si en Juan Jes\u00fas Chorro, SLestamos tratando tus datos personales, y en concreto est\u00e1s facultado para ejercitar los siguientes derechos que la normativa en materia de protecci\u00f3n de datos te reconoce, conforme a lo previsto en la misma:<\/p>\n<ul style=\"text-align: justify;\">\n<li>Derecho de ACCESO a tus datos personales<\/li>\n<li>Derechos de solicitar la RECTIFICACI\u00d3N de los datos inexactos<\/li>\n<li>Derecho de solicitar su SUPRESI\u00d3N cuando, entre otros motivos, los datos ya no sean necesarios para los fines que fueron recogidos.<\/li>\n<li>En determinadas circunstancias, podr\u00e1s solicitar la LIMITACI\u00d3N DEL TRATAMIENTO de tus datos, en cuyo caso \u00fanicamente los conservaremos para el ejercicio o la defensa de reclamaciones.<\/li>\n<li>En determinadas circunstancias y por motivos relacionados con su situaci\u00f3n particular, los interesados podr\u00e1n ejercitar su derecho de OPOSICI\u00d3N al tratamiento de sus datos. Dejaremos de tratar los datos, salvo por motivos leg\u00edtimos imperiosos, o el ejercicio o la defensa de posibles reclamaciones.<\/li>\n<li>En determinadas circunstancias y por motivos relacionados con tu situaci\u00f3n particular, podr\u00e1s solicitar su derecho a la PORTABILIDAD de los datos.<\/li>\n<\/ul>\n<p style=\"text-align: justify;\">Podr\u00e1s ejercer tales derechos dirigiendo una comunicaci\u00f3n a la direcci\u00f3n postal y\/o de correo electr\u00f3nico que se hace constar en esta pol\u00edtica de privacidad.<\/p>\n<p style=\"text-align: justify;\">Adem\u00e1s, en caso de que se haya vulnerado cualquiera de tus derechos, el interesado tiene derecho a presentar una reclamaci\u00f3n ante la Agencia Espa\u00f1ola de Protecci\u00f3n de Datos (AEPD), en C\/ Rio Duero, 30, 03690-Alicante.<\/p>\n<p style=\"text-align: justify;\">","protected":false},"excerpt":{"rendered":"<p>Juan Jes\u00fas Chorro, sl es el propietario de la web jjchorro.com Juan Jes\u00fas Chorro, sl cumple con la normativa vigente de protecci\u00f3n de datos (Ley Org\u00e1nica 15\/1999 de 13 de diciembre de Protecci\u00f3n de Datos de Car\u00e1cter Personal, el Real Decreto 1720\/2007 de 21 de diciembre por el que se aprueba el Reglamento de desarrollo [&hellip;]<\/p>","protected":false},"author":3,"featured_media":0,"parent":0,"menu_order":0,"comment_status":"closed","ping_status":"closed","template":"","meta":{"_joinchat":[],"footnotes":""},"class_list":["post-100","page","type-page","status-publish","hentry"],"yoast_head":"<!-- This site is optimized with the Yoast SEO plugin v21.3 - https:\/\/yoast.com\/wordpress\/plugins\/seo\/ -->\n<title>Pol\u00edtica de privacidad -<\/title>\n<meta name=\"robots\" content=\"noindex, follow\" \/>\n<meta property=\"og:locale\" content=\"en_US\" \/>\n<meta property=\"og:type\" content=\"article\" \/>\n<meta property=\"og:title\" content=\"Pol\u00edtica de privacidad -\" \/>\n<meta property=\"og:description\" content=\"Juan Jes\u00fas Chorro, sl es el propietario de la web jjchorro.com Juan Jes\u00fas Chorro, sl cumple con la normativa vigente de protecci\u00f3n de datos (Ley Org\u00e1nica 15\/1999 de 13 de diciembre de Protecci\u00f3n de Datos de Car\u00e1cter Personal, el Real Decreto 1720\/2007 de 21 de diciembre por el que se aprueba el Reglamento de desarrollo [&hellip;]\" \/>\n<meta property=\"og:url\" content=\"https:\/\/jjchorro.com\/en_us\/politica-de-privacidad\/\" \/>\n<meta name=\"twitter:card\" content=\"summary_large_image\" \/>\n<meta name=\"twitter:label1\" content=\"Est. reading time\" \/>\n\t<meta name=\"twitter:data1\" content=\"6 minutes\" \/>\n<script type=\"application\/ld+json\" class=\"yoast-schema-graph\">{\"@context\":\"https:\/\/schema.org\",\"@graph\":[{\"@type\":\"WebPage\",\"@id\":\"https:\/\/jjchorro.com\/politica-de-privacidad\/\",\"url\":\"https:\/\/jjchorro.com\/politica-de-privacidad\/\",\"name\":\"Pol\u00edtica de privacidad -\",\"isPartOf\":{\"@id\":\"https:\/\/jjchorro.com\/#website\"},\"datePublished\":\"2021-11-04T18:11:48+00:00\",\"dateModified\":\"2021-11-04T18:11:48+00:00\",\"breadcrumb\":{\"@id\":\"https:\/\/jjchorro.com\/politica-de-privacidad\/#breadcrumb\"},\"inLanguage\":\"en-US\",\"potentialAction\":[{\"@type\":\"ReadAction\",\"target\":[\"https:\/\/jjchorro.com\/politica-de-privacidad\/\"]}]},{\"@type\":\"BreadcrumbList\",\"@id\":\"https:\/\/jjchorro.com\/politica-de-privacidad\/#breadcrumb\",\"itemListElement\":[{\"@type\":\"ListItem\",\"position\":1,\"name\":\"Portada\",\"item\":\"https:\/\/jjchorro.com\/\"},{\"@type\":\"ListItem\",\"position\":2,\"name\":\"Pol\u00edtica de privacidad\"}]},{\"@type\":\"WebSite\",\"@id\":\"https:\/\/jjchorro.com\/#website\",\"url\":\"https:\/\/jjchorro.com\/\",\"name\":\"\",\"description\":\"\",\"potentialAction\":[{\"@type\":\"SearchAction\",\"target\":{\"@type\":\"EntryPoint\",\"urlTemplate\":\"https:\/\/jjchorro.com\/?s={search_term_string}\"},\"query-input\":\"required name=search_term_string\"}],\"inLanguage\":\"en-US\"}]}<\/script>\n<!-- \/ Yoast SEO plugin. -->","yoast_head_json":{"title":"Pol\u00edtica de privacidad -","robots":{"index":"noindex","follow":"follow"},"og_locale":"en_US","og_type":"article","og_title":"Pol\u00edtica de privacidad -","og_description":"Juan Jes\u00fas Chorro, sl es el propietario de la web jjchorro.com Juan Jes\u00fas Chorro, sl cumple con la normativa vigente de protecci\u00f3n de datos (Ley Org\u00e1nica 15\/1999 de 13 de diciembre de Protecci\u00f3n de Datos de Car\u00e1cter Personal, el Real Decreto 1720\/2007 de 21 de diciembre por el que se aprueba el Reglamento de desarrollo [&hellip;]","og_url":"https:\/\/jjchorro.com\/en_us\/politica-de-privacidad\/","twitter_card":"summary_large_image","twitter_misc":{"Est. reading time":"6 minutes"},"schema":{"@context":"https:\/\/schema.org","@graph":[{"@type":"WebPage","@id":"https:\/\/jjchorro.com\/politica-de-privacidad\/","url":"https:\/\/jjchorro.com\/politica-de-privacidad\/","name":"Pol\u00edtica de privacidad -","isPartOf":{"@id":"https:\/\/jjchorro.com\/#website"},"datePublished":"2021-11-04T18:11:48+00:00","dateModified":"2021-11-04T18:11:48+00:00","breadcrumb":{"@id":"https:\/\/jjchorro.com\/politica-de-privacidad\/#breadcrumb"},"inLanguage":"en-US","potentialAction":[{"@type":"ReadAction","target":["https:\/\/jjchorro.com\/politica-de-privacidad\/"]}]},{"@type":"BreadcrumbList","@id":"https:\/\/jjchorro.com\/politica-de-privacidad\/#breadcrumb","itemListElement":[{"@type":"ListItem","position":1,"name":"Portada","item":"https:\/\/jjchorro.com\/"},{"@type":"ListItem","position":2,"name":"Pol\u00edtica de privacidad"}]},{"@type":"WebSite","@id":"https:\/\/jjchorro.com\/#website","url":"https:\/\/jjchorro.com\/","name":"","description":"","potentialAction":[{"@type":"SearchAction","target":{"@type":"EntryPoint","urlTemplate":"https:\/\/jjchorro.com\/?s={search_term_string}"},"query-input":"required name=search_term_string"}],"inLanguage":"en-US"}]}},"_links":{"self":[{"href":"https:\/\/jjchorro.com\/en_us\/wp-json\/wp\/v2\/pages\/100","targetHints":{"allow":["GET"]}}],"collection":[{"href":"https:\/\/jjchorro.com\/en_us\/wp-json\/wp\/v2\/pages"}],"about":[{"href":"https:\/\/jjchorro.com\/en_us\/wp-json\/wp\/v2\/types\/page"}],"author":[{"embeddable":true,"href":"https:\/\/jjchorro.com\/en_us\/wp-json\/wp\/v2\/users\/3"}],"replies":[{"embeddable":true,"href":"https:\/\/jjchorro.com\/en_us\/wp-json\/wp\/v2\/comments?post=100"}],"version-history":[{"count":1,"href":"https:\/\/jjchorro.com\/en_us\/wp-json\/wp\/v2\/pages\/100\/revisions"}],"predecessor-version":[{"id":101,"href":"https:\/\/jjchorro.com\/en_us\/wp-json\/wp\/v2\/pages\/100\/revisions\/101"}],"wp:attachment":[{"href":"https:\/\/jjchorro.com\/en_us\/wp-json\/wp\/v2\/media?parent=100"}],"curies":[{"name":"wp","href":"https:\/\/api.w.org\/{rel}","templated":true}]}}